{"id":79,"date":"2014-06-17T14:04:29","date_gmt":"2014-06-17T13:04:29","guid":{"rendered":"http:\/\/paz-a-pas.ensfea.fr\/?page_id=79"},"modified":"2026-02-20T16:56:26","modified_gmt":"2026-02-20T15:56:26","slug":"4eme-3eme","status":"publish","type":"page","link":"https:\/\/paz-a-pas.ensfea.fr\/?page_id=79","title":{"rendered":"4\u00e8me &#8211; 3\u00e8me"},"content":{"rendered":"<style>.kb-row-layout-id79_26b536-d9 > .kt-row-column-wrap{align-content:start;}:where(.kb-row-layout-id79_26b536-d9 > .kt-row-column-wrap) > .wp-block-kadence-column{justify-content:start;}.kb-row-layout-id79_26b536-d9 > .kt-row-column-wrap{column-gap:var(--global-kb-gap-md, 2rem);row-gap:var(--global-kb-gap-md, 2rem);padding-top:var(--global-kb-spacing-sm, 1.5rem);padding-bottom:var(--global-kb-spacing-sm, 1.5rem);grid-template-columns:repeat(2, minmax(0, 1fr));}.kb-row-layout-id79_26b536-d9 > .kt-row-layout-overlay{opacity:0.30;}@media all and (max-width: 1024px){.kb-row-layout-id79_26b536-d9 > .kt-row-column-wrap{grid-template-columns:repeat(2, minmax(0, 1fr));}}@media all and (max-width: 767px){.kb-row-layout-id79_26b536-d9 > .kt-row-column-wrap{grid-template-columns:minmax(0, 1fr);}}<\/style><div class=\"kb-row-layout-wrap kb-row-layout-id79_26b536-d9 alignnone wp-block-kadence-rowlayout\"><div class=\"kt-row-column-wrap kt-has-2-columns kt-row-layout-equal kt-tab-layout-inherit kt-mobile-layout-row kt-row-valign-top\">\n<style>.kadence-column79_bd2045-c1 > .kt-inside-inner-col{border-top-width:0px;border-right-width:0px;border-bottom-width:0px;border-left-width:0px;}.kadence-column79_bd2045-c1 > .kt-inside-inner-col,.kadence-column79_bd2045-c1 > .kt-inside-inner-col:before{border-top-left-radius:0px;border-top-right-radius:0px;border-bottom-right-radius:0px;border-bottom-left-radius:0px;}.kadence-column79_bd2045-c1 > .kt-inside-inner-col{column-gap:var(--global-kb-gap-sm, 1rem);}.kadence-column79_bd2045-c1 > .kt-inside-inner-col{flex-direction:column;}.kadence-column79_bd2045-c1 > .kt-inside-inner-col > .aligncenter{width:100%;}.kadence-column79_bd2045-c1 > .kt-inside-inner-col:before{opacity:0.3;}.kadence-column79_bd2045-c1{position:relative;}@media all and (max-width: 1024px){.kadence-column79_bd2045-c1 > .kt-inside-inner-col{flex-direction:column;justify-content:center;}}@media all and (max-width: 767px){.kadence-column79_bd2045-c1 > .kt-inside-inner-col{flex-direction:column;justify-content:center;}}<\/style>\n<div class=\"wp-block-kadence-column kadence-column79_bd2045-c1 inner-column-1\"><div class=\"kt-inside-inner-col\">\n<p class=\"has-text-align-center has-medium-font-size\"><strong>Cadre g\u00e9n\u00e9ral<\/strong><\/p>\n\n\n<style>.wp-block-kadence-iconlist.kt-svg-icon-list-items79_45f416-ca:not(.this-stops-third-party-issues){margin-top:0px;margin-bottom:0px;}.wp-block-kadence-iconlist.kt-svg-icon-list-items79_45f416-ca ul.kt-svg-icon-list:not(.this-prevents-issues):not(.this-stops-third-party-issues):not(.tijsloc){margin-top:0px;margin-right:0px;margin-bottom:10px;margin-left:0px;}.wp-block-kadence-iconlist.kt-svg-icon-list-items79_45f416-ca ul.kt-svg-icon-list{grid-row-gap:5px;}.wp-block-kadence-iconlist.kt-svg-icon-list-items79_45f416-ca ul.kt-svg-icon-list .kt-svg-icon-list-item-wrap .kt-svg-icon-list-single{margin-right:10px;}.kt-svg-icon-list-items79_45f416-ca ul.kt-svg-icon-list .kt-svg-icon-list-item-wrap, .kt-svg-icon-list-items79_45f416-ca ul.kt-svg-icon-list .kt-svg-icon-list-item-wrap a{font-size:1.2em;}<\/style>\n<div class=\"wp-block-kadence-iconlist kt-svg-icon-list-items kt-svg-icon-list-items79_45f416-ca kt-svg-icon-list-columns-1 aligncenter\"><ul class=\"kt-svg-icon-list\"><style>.kt-svg-icon-list-item-79_d8704e-bb .kt-svg-icon-list-single{font-size:20px !important;color:#cf2e2e !important;}.kt-svg-icon-list-item-79_d8704e-bb .kt-svg-icon-list-text mark.kt-highlight{background-color:unset;font-style:normal;color:#f76a0c;-webkit-box-decoration-break:clone;box-decoration-break:clone;padding-top:0px;padding-right:0px;padding-bottom:0px;padding-left:0px;}<\/style>\n<li class=\"wp-block-kadence-listitem kt-svg-icon-list-item-wrap kt-svg-icon-list-item-79_d8704e-bb kt-svg-icon-list-style-default\"><span class=\"kb-svg-icon-wrap kb-svg-icon-fas_file-pdf kt-svg-icon-list-single\"><svg viewBox=\"0 0 384 512\"  fill=\"currentColor\" xmlns=\"http:\/\/www.w3.org\/2000\/svg\"  aria-hidden=\"true\"><path d=\"M181.9 256.1c-5-16-4.9-46.9-2-46.9 8.4 0 7.6 36.9 2 46.9zm-1.7 47.2c-7.7 20.2-17.3 43.3-28.4 62.7 18.3-7 39-17.2 62.9-21.9-12.7-9.6-24.9-23.4-34.5-40.8zM86.1 428.1c0 .8 13.2-5.4 34.9-40.2-6.7 6.3-29.1 24.5-34.9 40.2zM248 160h136v328c0 13.3-10.7 24-24 24H24c-13.3 0-24-10.7-24-24V24C0 10.7 10.7 0 24 0h200v136c0 13.2 10.8 24 24 24zm-8 171.8c-20-12.2-33.3-29-42.7-53.8 4.5-18.5 11.6-46.6 6.2-64.2-4.7-29.4-42.4-26.5-47.8-6.8-5 18.3-.4 44.1 8.1 77-11.6 27.6-28.7 64.6-40.8 85.8-.1 0-.1.1-.2.1-27.1 13.9-73.6 44.5-54.5 68 5.6 6.9 16 10 21.5 10 17.9 0 35.7-18 61.1-61.8 25.8-8.5 54.1-19.1 79-23.2 21.7 11.8 47.1 19.5 64 19.5 29.2 0 31.2-32 19.7-43.4-13.9-13.6-54.3-9.7-73.6-7.2zM377 105L279 7c-4.5-4.5-10.6-7-17-7h-6v128h128v-6.1c0-6.3-2.5-12.4-7-16.9zm-74.1 255.3c4.1-2.7-2.5-11.9-42.8-9 37.1 15.8 42.8 9 42.8 9z\"\/><\/svg><\/span><span class=\"kt-svg-icon-list-text\"><a href=\"https:\/\/chlorofil.fr\/fileadmin\/user_upload\/02-diplomes\/referentiels\/secondaire\/4e3e\/4e-grille-horaires-2019.pdf\" data-type=\"link\" data-id=\"https:\/\/chlorofil.fr\/fileadmin\/user_upload\/02-diplomes\/referentiels\/secondaire\/4e3e\/4e-grille-horaires-2019.pdf\">Grille horaire 4\u00e8<\/a><\/span><\/li>\n\n\n<style>.kt-svg-icon-list-item-79_ebf8ad-fa .kt-svg-icon-list-single{font-size:20px !important;color:#cf2e2e !important;}.kt-svg-icon-list-item-79_ebf8ad-fa .kt-svg-icon-list-text mark.kt-highlight{background-color:unset;font-style:normal;color:#f76a0c;-webkit-box-decoration-break:clone;box-decoration-break:clone;padding-top:0px;padding-right:0px;padding-bottom:0px;padding-left:0px;}<\/style>\n<li class=\"wp-block-kadence-listitem kt-svg-icon-list-item-wrap kt-svg-icon-list-item-79_ebf8ad-fa kt-svg-icon-list-style-default\"><span class=\"kb-svg-icon-wrap kb-svg-icon-fas_file-pdf kt-svg-icon-list-single\"><svg viewBox=\"0 0 384 512\"  fill=\"currentColor\" xmlns=\"http:\/\/www.w3.org\/2000\/svg\"  aria-hidden=\"true\"><path d=\"M181.9 256.1c-5-16-4.9-46.9-2-46.9 8.4 0 7.6 36.9 2 46.9zm-1.7 47.2c-7.7 20.2-17.3 43.3-28.4 62.7 18.3-7 39-17.2 62.9-21.9-12.7-9.6-24.9-23.4-34.5-40.8zM86.1 428.1c0 .8 13.2-5.4 34.9-40.2-6.7 6.3-29.1 24.5-34.9 40.2zM248 160h136v328c0 13.3-10.7 24-24 24H24c-13.3 0-24-10.7-24-24V24C0 10.7 10.7 0 24 0h200v136c0 13.2 10.8 24 24 24zm-8 171.8c-20-12.2-33.3-29-42.7-53.8 4.5-18.5 11.6-46.6 6.2-64.2-4.7-29.4-42.4-26.5-47.8-6.8-5 18.3-.4 44.1 8.1 77-11.6 27.6-28.7 64.6-40.8 85.8-.1 0-.1.1-.2.1-27.1 13.9-73.6 44.5-54.5 68 5.6 6.9 16 10 21.5 10 17.9 0 35.7-18 61.1-61.8 25.8-8.5 54.1-19.1 79-23.2 21.7 11.8 47.1 19.5 64 19.5 29.2 0 31.2-32 19.7-43.4-13.9-13.6-54.3-9.7-73.6-7.2zM377 105L279 7c-4.5-4.5-10.6-7-17-7h-6v128h128v-6.1c0-6.3-2.5-12.4-7-16.9zm-74.1 255.3c4.1-2.7-2.5-11.9-42.8-9 37.1 15.8 42.8 9 42.8 9z\"\/><\/svg><\/span><span class=\"kt-svg-icon-list-text\"><a href=\"https:\/\/chlorofil.fr\/fileadmin\/user_upload\/02-diplomes\/referentiels\/secondaire\/4e3e\/3e-grille-horaires-2019.pdf\" data-type=\"link\" data-id=\"https:\/\/chlorofil.fr\/fileadmin\/user_upload\/02-diplomes\/referentiels\/secondaire\/4e3e\/3e-grille-horaires-2019.pdf\">Grille horaire 3\u00e8<\/a><\/span><\/li>\n<\/ul><\/div>\n<\/div><\/div>\n\n\n<style>.kadence-column79_113199-79 > .kt-inside-inner-col{border-top-width:0px;border-right-width:0px;border-bottom-width:0px;border-left-width:0px;}.kadence-column79_113199-79 > .kt-inside-inner-col,.kadence-column79_113199-79 > .kt-inside-inner-col:before{border-top-left-radius:0px;border-top-right-radius:0px;border-bottom-right-radius:0px;border-bottom-left-radius:0px;}.kadence-column79_113199-79 > .kt-inside-inner-col{column-gap:var(--global-kb-gap-sm, 1rem);}.kadence-column79_113199-79 > .kt-inside-inner-col{flex-direction:column;}.kadence-column79_113199-79 > .kt-inside-inner-col > .aligncenter{width:100%;}.kadence-column79_113199-79 > .kt-inside-inner-col:before{opacity:0.3;}.kadence-column79_113199-79{position:relative;}@media all and (max-width: 1024px){.kadence-column79_113199-79 > .kt-inside-inner-col{flex-direction:column;justify-content:center;}}@media all and (max-width: 767px){.kadence-column79_113199-79 > .kt-inside-inner-col{flex-direction:column;justify-content:center;}}<\/style>\n<div class=\"wp-block-kadence-column kadence-column79_113199-79 inner-column-2\"><div class=\"kt-inside-inner-col\">\n<p class=\"has-text-align-center has-medium-font-size\"><strong>R\u00e9f\u00e9rentiel de formation<\/strong><\/p>\n\n\n<style>.wp-block-kadence-iconlist.kt-svg-icon-list-items79_4ce4d9-36:not(.this-stops-third-party-issues){margin-top:0px;margin-bottom:0px;}.wp-block-kadence-iconlist.kt-svg-icon-list-items79_4ce4d9-36 ul.kt-svg-icon-list:not(.this-prevents-issues):not(.this-stops-third-party-issues):not(.tijsloc){margin-top:0px;margin-right:0px;margin-bottom:10px;margin-left:0px;}.wp-block-kadence-iconlist.kt-svg-icon-list-items79_4ce4d9-36 ul.kt-svg-icon-list{grid-row-gap:5px;}.wp-block-kadence-iconlist.kt-svg-icon-list-items79_4ce4d9-36 ul.kt-svg-icon-list .kt-svg-icon-list-item-wrap .kt-svg-icon-list-single{margin-right:10px;}.kt-svg-icon-list-items79_4ce4d9-36 ul.kt-svg-icon-list .kt-svg-icon-list-item-wrap, .kt-svg-icon-list-items79_4ce4d9-36 ul.kt-svg-icon-list .kt-svg-icon-list-item-wrap a{font-size:1.2em;}<\/style>\n<div class=\"wp-block-kadence-iconlist kt-svg-icon-list-items kt-svg-icon-list-items79_4ce4d9-36 kt-svg-icon-list-columns-1 aligncenter\"><ul class=\"kt-svg-icon-list\"><style>.kt-svg-icon-list-item-79_f2cd15-90 .kt-svg-icon-list-single{font-size:20px !important;color:#cf2e2e !important;}.kt-svg-icon-list-item-79_f2cd15-90 .kt-svg-icon-list-text mark.kt-highlight{background-color:unset;font-style:normal;color:#f76a0c;-webkit-box-decoration-break:clone;box-decoration-break:clone;padding-top:0px;padding-right:0px;padding-bottom:0px;padding-left:0px;}<\/style>\n<li class=\"wp-block-kadence-listitem kt-svg-icon-list-item-wrap kt-svg-icon-list-item-79_f2cd15-90 kt-svg-icon-list-style-default\"><span class=\"kb-svg-icon-wrap kb-svg-icon-fas_file-pdf kt-svg-icon-list-single\"><svg viewBox=\"0 0 384 512\"  fill=\"currentColor\" xmlns=\"http:\/\/www.w3.org\/2000\/svg\"  aria-hidden=\"true\"><path d=\"M181.9 256.1c-5-16-4.9-46.9-2-46.9 8.4 0 7.6 36.9 2 46.9zm-1.7 47.2c-7.7 20.2-17.3 43.3-28.4 62.7 18.3-7 39-17.2 62.9-21.9-12.7-9.6-24.9-23.4-34.5-40.8zM86.1 428.1c0 .8 13.2-5.4 34.9-40.2-6.7 6.3-29.1 24.5-34.9 40.2zM248 160h136v328c0 13.3-10.7 24-24 24H24c-13.3 0-24-10.7-24-24V24C0 10.7 10.7 0 24 0h200v136c0 13.2 10.8 24 24 24zm-8 171.8c-20-12.2-33.3-29-42.7-53.8 4.5-18.5 11.6-46.6 6.2-64.2-4.7-29.4-42.4-26.5-47.8-6.8-5 18.3-.4 44.1 8.1 77-11.6 27.6-28.7 64.6-40.8 85.8-.1 0-.1.1-.2.1-27.1 13.9-73.6 44.5-54.5 68 5.6 6.9 16 10 21.5 10 17.9 0 35.7-18 61.1-61.8 25.8-8.5 54.1-19.1 79-23.2 21.7 11.8 47.1 19.5 64 19.5 29.2 0 31.2-32 19.7-43.4-13.9-13.6-54.3-9.7-73.6-7.2zM377 105L279 7c-4.5-4.5-10.6-7-17-7h-6v128h128v-6.1c0-6.3-2.5-12.4-7-16.9zm-74.1 255.3c4.1-2.7-2.5-11.9-42.8-9 37.1 15.8 42.8 9 42.8 9z\"\/><\/svg><\/span><span class=\"kt-svg-icon-list-text\"><a href=\"https:\/\/chlorofil.fr\/fileadmin\/user_upload\/02-diplomes\/referentiels\/secondaire\/4e3e\/4e3e-EA-ref-2025.pdf\" data-type=\"link\" data-id=\"https:\/\/chlorofil.fr\/fileadmin\/user_upload\/02-diplomes\/referentiels\/secondaire\/4e3e\/4e3e-EA-ref-2025.pdf\" target=\"_blank\" rel=\"noreferrer noopener\">R\u00e9f\u00e9rentiel de formation 4\u00e8-3\u00e8<\/a> (rentr\u00e9e 2025)<\/span><\/li>\n<\/ul><\/div>\n<\/div><\/div>\n\n<\/div><\/div>\n\n\n<p style=\"font-size:19px\">Le r\u00e9f\u00e9rentiel de formation des classes de 4\u00e8me et de 3\u00e8me a \u00e9t\u00e9 r\u00e9nov\u00e9 pour la rentr\u00e9e 2025 en 4\u00e8 et 2026 pour 3\u00e8, en lien avec l&rsquo;\u00e9volution des modalit\u00e9s de d\u00e9livrance du dipl\u00f4me national du brevet (DNB), cela concerne majoritairement le nouveau programme d&rsquo;enseignement moral et civique. <\/p>\n\n\n\n<p style=\"font-size:19px\">Un <a href=\"https:\/\/chlorofil.fr\/fileadmin\/user_upload\/02-diplomes\/referentiels\/secondaire\/4e3e\/ressources\/4-3eme-Ress-Memento.pdf\">M\u00e9mento 4e-3e<\/a> pr\u00e9sente l&rsquo;organisation de la formation telle qu&rsquo;elle a \u00e9t\u00e9 r\u00e9nov\u00e9e en 2016. Son contenu reste pertinent.<\/p>\n\n\n\n<p style=\"font-size:19px\">L&rsquo;enseignement de la zootechnie en classes de 4\u00e8me et 3\u00e8me s&rsquo;effectue d\u00e9sormais dans le cadre des Enseignements Pratiques Interdisciplinaires (EPI). Selon les projets \u00e9labor\u00e9s au sein de chaque EPLEFPA, la discipline de la zootechnie peut intervenir dans plusieurs EPI diff\u00e9rents.<\/p>\n\n\n\n<p style=\"font-size:19px\">Vous trouverez les documents d&rsquo;accompagnement des EPI <a href=\"https:\/\/chlorofil.fr\/diplomes\/secondaire\/4e-3e\">ici<\/a><\/p>\n","protected":false},"excerpt":{"rendered":"<p>Cadre g\u00e9n\u00e9ral R\u00e9f\u00e9rentiel de formation Le r\u00e9f\u00e9rentiel de formation des classes de 4\u00e8me et de 3\u00e8me a \u00e9t\u00e9 r\u00e9nov\u00e9 pour [&hellip;]<\/p>\n","protected":false},"author":49,"featured_media":0,"parent":16,"menu_order":0,"comment_status":"closed","ping_status":"closed","template":"","meta":{"footnotes":""},"class_list":["post-79","page","type-page","status-publish","hentry"],"_links":{"self":[{"href":"https:\/\/paz-a-pas.ensfea.fr\/index.php?rest_route=\/wp\/v2\/pages\/79","targetHints":{"allow":["GET"]}}],"collection":[{"href":"https:\/\/paz-a-pas.ensfea.fr\/index.php?rest_route=\/wp\/v2\/pages"}],"about":[{"href":"https:\/\/paz-a-pas.ensfea.fr\/index.php?rest_route=\/wp\/v2\/types\/page"}],"author":[{"embeddable":true,"href":"https:\/\/paz-a-pas.ensfea.fr\/index.php?rest_route=\/wp\/v2\/users\/49"}],"replies":[{"embeddable":true,"href":"https:\/\/paz-a-pas.ensfea.fr\/index.php?rest_route=%2Fwp%2Fv2%2Fcomments&post=79"}],"version-history":[{"count":41,"href":"https:\/\/paz-a-pas.ensfea.fr\/index.php?rest_route=\/wp\/v2\/pages\/79\/revisions"}],"predecessor-version":[{"id":3715,"href":"https:\/\/paz-a-pas.ensfea.fr\/index.php?rest_route=\/wp\/v2\/pages\/79\/revisions\/3715"}],"up":[{"embeddable":true,"href":"https:\/\/paz-a-pas.ensfea.fr\/index.php?rest_route=\/wp\/v2\/pages\/16"}],"wp:attachment":[{"href":"https:\/\/paz-a-pas.ensfea.fr\/index.php?rest_route=%2Fwp%2Fv2%2Fmedia&parent=79"}],"curies":[{"name":"wp","href":"https:\/\/api.w.org\/{rel}","templated":true}]}}