{"id":390,"date":"2014-06-27T16:04:40","date_gmt":"2014-06-27T15:04:40","guid":{"rendered":"http:\/\/paz-a-pas.ensfea.fr\/?page_id=390"},"modified":"2026-02-02T16:30:21","modified_gmt":"2026-02-02T15:30:21","slug":"390-2","status":"publish","type":"page","link":"https:\/\/paz-a-pas.ensfea.fr\/?page_id=390","title":{"rendered":"Accueil"},"content":{"rendered":"<p>Bienvenue !<\/p>\n<p>Le\u00a0 site Paz&rsquo;\u00e0 Pas est destin\u00e9 aux enseignants.es et formateurs.trices de zootechnie de l&rsquo;enseignement agricole. Il regroupe des r\u00e9f\u00e9rences et des ressources utiles pour la construction de vos situations d&rsquo;enseignement :<\/p>\n<ul>\n<li>une veille scientifique et technique<\/li>\n<li>les principaux textes r\u00e9glementaires,<\/li>\n<li>les sujets d&rsquo;examen,<\/li>\n<li>des ressources p\u00e9dagogiques.<\/li>\n<\/ul>\n<p>Les ressources p\u00e9dagogiques sont \u00e9labor\u00e9es par les membres du <a href=\"http:\/\/paz-a-pas.ensfea.fr\/?page_id=13\">GAP Zootechnie<\/a> et par des enseignants ayant r\u00e9alis\u00e9 des formations continues et initiales \u00e0 l&rsquo;ENSFEA. Elles vous sont propos\u00e9es \u00e0 titre indicatif pour vous accompagner dans vos r\u00e9flexions p\u00e9dagogiques.<\/p>\n\n\n<h4 class=\"wp-block-heading\">Les derniers articles publi\u00e9s sur le site :<\/h4>\n\n\n\n<ul class=\"wp-block-list\">\n<li><a href=\"https:\/\/paz-a-pas.ensfea.fr\/?page_id=3553\" data-type=\"link\" data-id=\"https:\/\/paz-a-pas.ensfea.fr\/?page_id=3553\">One Welfare &#8211; exemple de sc\u00e9narios prospectifs pour s&#8217;emparer du concept <\/a><\/li>\n\n\n\n<li><a href=\"https:\/\/paz-a-pas.ensfea.fr\/?page_id=3558\" data-type=\"link\" data-id=\"https:\/\/paz-a-pas.ensfea.fr\/?page_id=3558\">La fi\u00e8vre Q : et si on en parlait dans les \u00e9tablissements d&rsquo;enseignement agricole ?<\/a><\/li>\n\n\n\n<li><a href=\"https:\/\/paz-a-pas.ensfea.fr\/?p=3482\">Normes INRAE 2018 : Quelles questions pour l\u2019enseignement de l\u2019alimentation ?<\/a><\/li>\n\n\n\n<li><a href=\"https:\/\/paz-a-pas.ensfea.fr\/?p=3310\">Enseigner la gestion int\u00e9gr\u00e9e de la sant\u00e9 animale<\/a><\/li>\n\n\n\n<li><a href=\"https:\/\/paz-a-pas.ensfea.fr\/?p=3126\">Am\u00e9liorer la relation homme-animal en \u00e9levage porcin<\/a><\/li>\n\n\n\n<li><a href=\"https:\/\/paz-a-pas.ensfea.fr\/?p=3122\">\u00c9duquer aux risques professionnels<\/a><\/li>\n\n\n\n<li><a href=\"https:\/\/paz-a-pas.ensfea.fr\/?p=2389\">Ressources pour enseigner le bien-\u00eatre animal<\/a><\/li>\n<\/ul>\n\n\n\n<p><\/p>\n\n\n\n<p>Si vous souhaitez participer au contenu de ce site en proposant : une bibliographie, des exemples de s\u00e9quences, des supports d&rsquo;enseignement et de projets r\u00e9alis\u00e9s (avec leur analyse c&rsquo;est ce qui est le plus int\u00e9ressant !), n&rsquo;h\u00e9sitez pas \u00e0 nous <a href=\"http:\/\/paz-a-pas.ensfea.fr\/?page_id=195\">contacter<\/a>.<\/p>\n\n\n\n<p><\/p>\n","protected":false},"excerpt":{"rendered":"<p>Bienvenue ! Le\u00a0 site Paz&rsquo;\u00e0 Pas est destin\u00e9 aux enseignants.es et formateurs.trices de zootechnie de l&rsquo;enseignement agricole. Il regroupe des [&hellip;]<\/p>\n","protected":false},"author":49,"featured_media":0,"parent":0,"menu_order":0,"comment_status":"closed","ping_status":"closed","template":"","meta":{"footnotes":""},"class_list":["post-390","page","type-page","status-publish","hentry"],"_links":{"self":[{"href":"https:\/\/paz-a-pas.ensfea.fr\/index.php?rest_route=\/wp\/v2\/pages\/390","targetHints":{"allow":["GET"]}}],"collection":[{"href":"https:\/\/paz-a-pas.ensfea.fr\/index.php?rest_route=\/wp\/v2\/pages"}],"about":[{"href":"https:\/\/paz-a-pas.ensfea.fr\/index.php?rest_route=\/wp\/v2\/types\/page"}],"author":[{"embeddable":true,"href":"https:\/\/paz-a-pas.ensfea.fr\/index.php?rest_route=\/wp\/v2\/users\/49"}],"replies":[{"embeddable":true,"href":"https:\/\/paz-a-pas.ensfea.fr\/index.php?rest_route=%2Fwp%2Fv2%2Fcomments&post=390"}],"version-history":[{"count":25,"href":"https:\/\/paz-a-pas.ensfea.fr\/index.php?rest_route=\/wp\/v2\/pages\/390\/revisions"}],"predecessor-version":[{"id":3563,"href":"https:\/\/paz-a-pas.ensfea.fr\/index.php?rest_route=\/wp\/v2\/pages\/390\/revisions\/3563"}],"wp:attachment":[{"href":"https:\/\/paz-a-pas.ensfea.fr\/index.php?rest_route=%2Fwp%2Fv2%2Fmedia&parent=390"}],"curies":[{"name":"wp","href":"https:\/\/api.w.org\/{rel}","templated":true}]}}