{"id":3664,"date":"2026-02-20T15:45:25","date_gmt":"2026-02-20T14:45:25","guid":{"rendered":"https:\/\/paz-a-pas.ensfea.fr\/?page_id=3664"},"modified":"2026-02-20T15:54:50","modified_gmt":"2026-02-20T14:54:50","slug":"annales-6","status":"publish","type":"page","link":"https:\/\/paz-a-pas.ensfea.fr\/?page_id=3664","title":{"rendered":"Annales bac techno STAV prod"},"content":{"rendered":"\n<p class=\"has-text-align-left has-very-dark-gray-color has-text-color has-medium-font-size\"><strong>Tableau r\u00e9capitulatif des annales de baccalaur\u00e9at technologique Sciences et Technologies de l&rsquo;Agronomie et du Vivant (STAV) &#8211; Domaine : productions<\/strong><\/p>\n\n\n\n<p class=\"has-text-align-left has-very-dark-gray-color has-text-color\" style=\"font-size:19px\">En cliquant sur le nom des sujets vous pouvez acc\u00e9der directement au sujet d\u2019examen en pdf. Les sujets sont contextuqlis\u00e9s et r\u00e9partis entre m\u00e9tropole (ME), Nouvelle-Cal\u00e9donie (NC), R\u00e9union (RE), Guyange (GU), Antilles (AN) et Polyn\u00e9sie (PO).<\/p>\n\n\n<style>.kt-tabs-id3664_2c6bbd-d3 > .kt-tabs-content-wrap > .wp-block-kadence-tab{border-top:1px solid #007a77;border-right:1px solid #007a77;border-bottom:1px solid #007a77;border-left:1px solid #007a77;border-top-left-radius:0px;border-top-right-radius:0px;border-bottom-right-radius:0px;border-bottom-left-radius:0px;padding-top:20px;padding-right:20px;padding-bottom:20px;padding-left:20px;background:#ffffff;}.wp-block-kadence-tabs .kt-tabs-id3664_2c6bbd-d3 > .kt-tabs-title-list li{margin-top:0px;margin-right:8px;margin-bottom:-1px;margin-left:0px;}.wp-block-kadence-tabs .kt-tabs-id3664_2c6bbd-d3 > .kt-tabs-title-list li:last-child{margin-right:0px;}.wp-block-kadence-tabs .kt-tabs-id3664_2c6bbd-d3 > .kt-tabs-title-list li .kt-tab-title, .wp-block-kadence-tabs .kt-tabs-id3664_2c6bbd-d3 > .kt-tabs-content-wrap > .kt-tabs-accordion-title .kt-tab-title{line-height:1.4em;font-weight:regular;font-style:normal;border-top-width:1px;border-right-width:1px;border-bottom-width:0px;border-left-width:1px;border-top-left-radius:12px;border-top-right-radius:12px;border-bottom-right-radius:0px;border-bottom-left-radius:0px;padding-top:8px;padding-right:20px;padding-bottom:8px;padding-left:20px;border-color:#eeeeee;color:#007a77;background:#ffffff;}.wp-block-kadence-tabs .kt-tabs-id3664_2c6bbd-d3 > .kt-tabs-content-wrap > .kt-tabs-accordion-title .kt-tab-title{margin-top:0px;margin-right:8px;margin-bottom:-1px;margin-left:0px;}.wp-block-kadence-tabs .kt-tabs-id3664_2c6bbd-d3 > .kt-tabs-title-list li .kt-tab-title:hover, .wp-block-kadence-tabs .kt-tabs-id3664_2c6bbd-d3 > .kt-tabs-content-wrap > .kt-tabs-accordion-title .kt-tab-title:hover{border-color:#e2e2e2;color:#444444;background:#ffffff;}.wp-block-kadence-tabs .kt-tabs-id3664_2c6bbd-d3 > .kt-tabs-title-list li.kt-tab-title-active .kt-tab-title, .wp-block-kadence-tabs .kt-tabs-id3664_2c6bbd-d3 > .kt-tabs-content-wrap > .kt-tabs-accordion-title.kt-tab-title-active .kt-tab-title{border-color:#bcbcbc;color:#ffffff;background:#007a77;}@media all and (max-width: 1024px){.kt-tabs-id3664_2c6bbd-d3 > .kt-tabs-content-wrap > .wp-block-kadence-tab{border-top:1px solid #007a77;border-right:1px solid #007a77;border-bottom:1px solid #007a77;border-left:1px solid #007a77;}}@media all and (max-width: 767px){.kt-tabs-id3664_2c6bbd-d3 > .kt-tabs-content-wrap > .wp-block-kadence-tab{border-top:1px solid #007a77;border-right:1px solid #007a77;border-bottom:1px solid #007a77;border-left:1px solid #007a77;}}<\/style>\n<div class=\"wp-block-kadence-tabs alignnone\"><div class=\"kt-tabs-wrap kt-tabs-id3664_2c6bbd-d3 kt-tabs-has-1-tabs kt-active-tab-1 kt-tabs-layout-tabs kt-tabs-tablet-layout-inherit kt-tabs-mobile-layout-inherit kt-tab-alignment-left \"><ul class=\"kt-tabs-title-list\"><li id=\"tab-2021-2025\" class=\"kt-title-item kt-title-item-1 kt-tabs-svg-show-always kt-tabs-icon-side-right kt-tab-title-active\"><a href=\"#tab-2021-2025\" data-tab=\"1\" class=\"kt-tab-title kt-tab-title-1 \"><span class=\"kt-title-text\">2021-2025<\/span><\/a><\/li><\/ul><div class=\"kt-tabs-content-wrap\">\n<div class=\"wp-block-kadence-tab kt-tab-inner-content kt-inner-tab-1 kt-inner-tab3664_6a368e-6c\"><div class=\"kt-tab-inner-content-inner\">\n<p class=\"has-text-align-center has-kb-palette-1-color has-text-color has-medium-font-size\"><strong><strong>Points affect\u00e9s \u00e0 chaque partie des sujets d&rsquo;\u00e9valuation<\/strong><\/strong><\/p>\n\n\n\n<figure class=\"wp-block-table aligncenter is-style-stripes\"><table><thead><tr><th>Sujets<\/th><th class=\"has-text-align-center\" data-align=\"center\">Partie 1<\/th><th class=\"has-text-align-center\" data-align=\"center\">Mots-clefs<\/th><th class=\"has-text-align-center\" data-align=\"center\">Points<\/th><th class=\"has-text-align-center\" data-align=\"center\">Partie 2<\/th><th>Mots-clefs<\/th><th class=\"has-text-align-center\" data-align=\"center\">Points<\/th><\/tr><\/thead><tbody><tr><td><a href=\"https:\/\/chlorofil.fr\/fileadmin\/user_upload\/sujets-examens\/2021\/2021-BAC43-NOR-ME.pdf\" data-type=\"link\" data-id=\"https:\/\/chlorofil.fr\/fileadmin\/user_upload\/sujets-examens\/2021\/2021-BAC43-NOR-ME.pdf\">2021-ME-juin<\/a><\/td><td class=\"has-text-align-center\" data-align=\"center\">Politique Agricole Commune<\/td><td class=\"has-text-align-center\" data-align=\"center\">PAC, environnement, viabilit\u00e9<\/td><td class=\"has-text-align-center\" data-align=\"center\">6<\/td><td class=\"has-text-align-center\" data-align=\"center\">Semis-direct, grandes cultures et bovin viande<\/td><td>Agro\u00e9cologie, conversion bio, autonomie<\/td><td class=\"has-text-align-center\" data-align=\"center\">14<\/td><\/tr><tr><td><a href=\"https:\/\/chlorofil.fr\/fileadmin\/user_upload\/sujets-examens\/2021\/2021-BAC43-RPL-ME.pdf\" data-type=\"link\" data-id=\"https:\/\/chlorofil.fr\/fileadmin\/user_upload\/sujets-examens\/2021\/2021-BAC43-RPL-ME.pdf\">2021-ME-sept<\/a><\/td><td class=\"has-text-align-center\" data-align=\"center\">Parcs Naturels R\u00e9gionaux<\/td><td class=\"has-text-align-center\" data-align=\"center\">Territoire, environnement<\/td><td class=\"has-text-align-center\" data-align=\"center\">6<\/td><td class=\"has-text-align-center\" data-align=\"center\">Agroforesterie<\/td><td>\u00c9volution, agroforesterie, p\u00e2turage<\/td><td class=\"has-text-align-center\" data-align=\"center\">14<\/td><\/tr><tr><td><a href=\"https:\/\/chlorofil.fr\/fileadmin\/user_upload\/sujets-examens\/2022\/2022-BAC43-NOR-ME.pdf\" data-type=\"link\" data-id=\"https:\/\/chlorofil.fr\/fileadmin\/user_upload\/sujets-examens\/2022\/2022-BAC43-NOR-ME.pdf\">2022-ME-juin<\/a><\/td><td class=\"has-text-align-center\" data-align=\"center\">Services et territoires<\/td><td class=\"has-text-align-center\" data-align=\"center\">Attractivit\u00e9, acc\u00e8s, ruralit\u00e9<\/td><td class=\"has-text-align-center\" data-align=\"center\">6<\/td><td class=\"has-text-align-center\" data-align=\"center\">Diversification en ovins<\/td><td>Conversion, qualit\u00e9 de vie, attentes soci\u00e9tales<\/td><td class=\"has-text-align-center\" data-align=\"center\">14<\/td><\/tr><tr><td><a href=\"https:\/\/chlorofil.fr\/fileadmin\/user_upload\/sujets-examens\/2022\/2022-BAC43-NOR-NC.pdf\" data-type=\"link\" data-id=\"https:\/\/chlorofil.fr\/fileadmin\/user_upload\/sujets-examens\/2022\/2022-BAC43-NOR-NC.pdf\">2022-NC-juin<\/a><\/td><td class=\"has-text-align-center\" data-align=\"center\">Autonomie et environnement<\/td><td class=\"has-text-align-center\" data-align=\"center\">Politique agricole, auto-suffisance, aire prot\u00e9g\u00e9e<\/td><td class=\"has-text-align-center\" data-align=\"center\">6<\/td><td class=\"has-text-align-center\" data-align=\"center\">Bovins et buffles en savane guyanaise<\/td><td>Agriculture biologique, l\u00e9gumineuses, chargement<\/td><td class=\"has-text-align-center\" data-align=\"center\">14<\/td><\/tr><tr><td><a href=\"https:\/\/chlorofil.fr\/fileadmin\/user_upload\/sujets-examens\/2022\/2022-BAC43-NOR-AN-GU-RE.pdf\" data-type=\"link\" data-id=\"https:\/\/chlorofil.fr\/fileadmin\/user_upload\/sujets-examens\/2022\/2022-BAC43-NOR-AN-GU-RE.pdf\">2022-AN-GU-RE-juin<\/a><\/td><td class=\"has-text-align-center\" data-align=\"center\">Services et territoires<\/td><td class=\"has-text-align-center\" data-align=\"center\">Attractivit\u00e9, acc\u00e8s, ruralit\u00e9<\/td><td class=\"has-text-align-center\" data-align=\"center\">6<\/td><td class=\"has-text-align-center\" data-align=\"center\">Diversification pour l&rsquo;autonomie<\/td><td>Diversification, Brahman, climat<\/td><td class=\"has-text-align-center\" data-align=\"center\">14<\/td><\/tr><tr><td><a href=\"https:\/\/chlorofil.fr\/fileadmin\/user_upload\/sujets-examens\/2022\/2022-BAC43-NOR-PO.pdf\" data-type=\"link\" data-id=\"https:\/\/chlorofil.fr\/fileadmin\/user_upload\/sujets-examens\/2022\/2022-BAC43-NOR-PO.pdf\">2022-PO-juin<\/a><\/td><td class=\"has-text-align-center\" data-align=\"center\">Autonomie et syst\u00e8me alimentaire territorialis\u00e9<\/td><td class=\"has-text-align-center\" data-align=\"center\">Politique agricole, relocalisation, foncier agricole<\/td><td class=\"has-text-align-center\" data-align=\"center\">6<\/td><td class=\"has-text-align-center\" data-align=\"center\">Autonomie alimentaire en \u00e9levage porcin<\/td><td>Banane, naisseur-engraisseur, valorisation<\/td><td class=\"has-text-align-center\" data-align=\"center\">14<\/td><\/tr><tr><td><a href=\"https:\/\/chlorofil.fr\/fileadmin\/user_upload\/sujets-examens\/2022\/2022-BAC43-RPL-ME.pdf\">2022-ME-sept<\/a><\/td><td class=\"has-text-align-center\" data-align=\"center\">Circuits courts et diversit\u00e9<\/td><td class=\"has-text-align-center\" data-align=\"center\">Communes, alimentation,  relocalisation<\/td><td class=\"has-text-align-center\" data-align=\"center\">6<\/td><td class=\"has-text-align-center\" data-align=\"center\">Assolement et sant\u00e9 animale<\/td><td>VLHP, autonomie alimentaire, acidose<\/td><td class=\"has-text-align-center\" data-align=\"center\">14<\/td><\/tr><tr><td><a href=\"https:\/\/chlorofil.fr\/fileadmin\/user_upload\/sujets-examens\/2023\/2023-BAC43-NOR-ME.pdf\" data-type=\"link\" data-id=\"https:\/\/chlorofil.fr\/fileadmin\/user_upload\/sujets-examens\/2023\/2023-BAC43-NOR-ME.pdf\">2023-ME-juin<\/a><\/td><td class=\"has-text-align-center\" data-align=\"center\">Projet alimentaire territorial<\/td><td class=\"has-text-align-center\" data-align=\"center\">Fili\u00e8re, Egalim, territoire<\/td><td class=\"has-text-align-center\" data-align=\"center\">6<\/td><td class=\"has-text-align-center\" data-align=\"center\">AOP Comt\u00e9<\/td><td>S\u00e9cheresse, p\u00e2turage, prairies<\/td><td class=\"has-text-align-center\" data-align=\"center\">14<\/td><\/tr><tr><td><a href=\"https:\/\/chlorofil.fr\/fileadmin\/user_upload\/sujets-examens\/2023\/2023-BAC43-NOR-AN-GU-RE.pdf\" data-type=\"link\" data-id=\"https:\/\/chlorofil.fr\/fileadmin\/user_upload\/sujets-examens\/2023\/2023-BAC43-NOR-AN-GU-RE.pdf\">2023-AN-GU-RE-juin<\/a><\/td><td class=\"has-text-align-center\" data-align=\"center\">Projet alimentaire territorial<\/td><td class=\"has-text-align-center\" data-align=\"center\">Fili\u00e8re, Egalim, territoire<\/td><td class=\"has-text-align-center\" data-align=\"center\">6<\/td><td class=\"has-text-align-center\" data-align=\"center\">R\u00e9silience en milieu insulaire<\/td><td>Intrants, diversit\u00e9, d\u00e9pendance<\/td><td class=\"has-text-align-center\" data-align=\"center\">14<\/td><\/tr><tr><td><a href=\"https:\/\/chlorofil.fr\/fileadmin\/user_upload\/sujets-examens\/2023\/2023-BAC43-NOR-NC.pdf\" data-type=\"link\" data-id=\"https:\/\/chlorofil.fr\/fileadmin\/user_upload\/sujets-examens\/2023\/2023-BAC43-NOR-NC.pdf\">2023-NC-juin<\/a><\/td><td class=\"has-text-align-center\" data-align=\"center\">Syst\u00e8me alimentaire durable<\/td><td class=\"has-text-align-center\" data-align=\"center\">D\u00e9veloppement durable, relocalisation<\/td><td class=\"has-text-align-center\" data-align=\"center\">6<\/td><td class=\"has-text-align-center\" data-align=\"center\">Diversification et autonomie fourrag\u00e8re<\/td><td>Autonomie, ressources, performances<\/td><td class=\"has-text-align-center\" data-align=\"center\">14<\/td><\/tr><tr><td><a href=\"https:\/\/chlorofil.fr\/fileadmin\/user_upload\/sujets-examens\/2023\/2023-BAC43-RPL-ME.pdf\" data-type=\"link\" data-id=\"https:\/\/chlorofil.fr\/fileadmin\/user_upload\/sujets-examens\/2023\/2023-BAC43-RPL-ME.pdf\">2023-ME-sept<\/a><\/td><td class=\"has-text-align-center\" data-align=\"center\">Conflits d&rsquo;usage et \u00e9nerg\u00e9tique agricole<\/td><td class=\"has-text-align-center\" data-align=\"center\">Agrivolta\u00efsme, territoire, conflits<\/td><td class=\"has-text-align-center\" data-align=\"center\">6<\/td><td class=\"has-text-align-center\" data-align=\"center\">Syst\u00e8me laitier moyenne montagne efficient<\/td><td>Charges, valorisation, vente directe<\/td><td class=\"has-text-align-center\" data-align=\"center\">14<\/td><\/tr><tr><td><a href=\"https:\/\/chlorofil.fr\/fileadmin\/user_upload\/sujets-examens\/2024\/2024-BAC43-NOR-ME.pdf\" data-type=\"link\" data-id=\"https:\/\/chlorofil.fr\/fileadmin\/user_upload\/sujets-examens\/2024\/2024-BAC43-NOR-ME.pdf\">2024-ME-juin<\/a><\/td><td class=\"has-text-align-center\" data-align=\"center\">N\u00e9o-ruraux<\/td><td class=\"has-text-align-center\" data-align=\"center\">MAEC, d\u00e9veloppement, territoires<\/td><td class=\"has-text-align-center\" data-align=\"center\">6<\/td><td class=\"has-text-align-center\" data-align=\"center\">Valorisation et optimisation dans un syst\u00e8me mixte<\/td><td>Diversit\u00e9, autonomie, transformation<\/td><td class=\"has-text-align-center\" data-align=\"center\">14<\/td><\/tr><tr><td><a href=\"https:\/\/chlorofil.fr\/fileadmin\/user_upload\/sujets-examens\/2024\/2024-BAC43-NOR-AN-GU-RE.pdf\" data-type=\"link\" data-id=\"https:\/\/chlorofil.fr\/fileadmin\/user_upload\/sujets-examens\/2024\/2024-BAC43-NOR-AN-GU-RE.pdf\">2024-AN-GU-RE-juin<\/a><\/td><td class=\"has-text-align-center\" data-align=\"center\">N\u00e9o-ruraux<\/td><td class=\"has-text-align-center\" data-align=\"center\">MAEC, d\u00e9veloppement, territoires<\/td><td class=\"has-text-align-center\" data-align=\"center\">6<\/td><td class=\"has-text-align-center\" data-align=\"center\">Diversifier pour consommer local<\/td><td>Approvisionnement, compl\u00e9mentarit\u00e9, intrants<\/td><td class=\"has-text-align-center\" data-align=\"center\">14<\/td><\/tr><tr><td><a href=\"https:\/\/chlorofil.fr\/fileadmin\/user_upload\/sujets-examens\/2024\/2024-BAC43-NOR-PO.pdf\">2024-PO-juin<\/a><\/td><td class=\"has-text-align-center\" data-align=\"center\">Tourisme durable<\/td><td class=\"has-text-align-center\" data-align=\"center\"><em>Slow tourism<\/em>, d\u00e9veloppement touristique <\/td><td class=\"has-text-align-center\" data-align=\"center\">6<\/td><td class=\"has-text-align-center\" data-align=\"center\">Maintien d&rsquo;activit\u00e9 porcine<\/td><td>Effluents, coproduits, biphase<\/td><td class=\"has-text-align-center\" data-align=\"center\">14<\/td><\/tr><tr><td><a href=\"https:\/\/chlorofil.fr\/fileadmin\/user_upload\/sujets-examens\/2024\/2024-BAC43-RPL-ME.pdf\" data-type=\"link\" data-id=\"https:\/\/chlorofil.fr\/fileadmin\/user_upload\/sujets-examens\/2024\/2024-BAC43-RPL-ME.pdf\">2024-ME-sept<\/a><\/td><td class=\"has-text-align-center\" data-align=\"center\">Urbanisation<\/td><td class=\"has-text-align-center\" data-align=\"center\">Artificialisation, haies, trames vertes<\/td><td class=\"has-text-align-center\" data-align=\"center\">6<\/td><td class=\"has-text-align-center\" data-align=\"center\">Valorisation de l&rsquo;herbe en caprin<\/td><td>S\u00e9chage en grange, agriculture biologique, parcours<\/td><td class=\"has-text-align-center\" data-align=\"center\">14<\/td><\/tr><tr><td><a href=\"https:\/\/chlorofil.fr\/fileadmin\/user_upload\/sujets-examens\/2025\/2025-BAC43-NOR-ME.pdf\" data-type=\"link\" data-id=\"https:\/\/chlorofil.fr\/fileadmin\/user_upload\/sujets-examens\/2025\/2025-BAC43-NOR-ME.pdf\">2025-ME-juin<\/a><\/td><td class=\"has-text-align-center\" data-align=\"center\">Surfr\u00e9quentation touristique<\/td><td class=\"has-text-align-center\" data-align=\"center\">Conflit d&rsquo;usage, PNR, cohabitation<\/td><td class=\"has-text-align-center\" data-align=\"center\">6<\/td><td class=\"has-text-align-center\" data-align=\"center\">Vie sauvage dans l&rsquo;activit\u00e9 agricole<\/td><td>Agroforesterie, agro\u00e9cologie, circuits courts<\/td><td class=\"has-text-align-center\" data-align=\"center\">14<\/td><\/tr><tr><td><a href=\"https:\/\/chlorofil.fr\/fileadmin\/user_upload\/sujets-examens\/2025\/2025-BAC43-SEC-ME.pdf\" data-type=\"link\" data-id=\"https:\/\/chlorofil.fr\/fileadmin\/user_upload\/sujets-examens\/2025\/2025-BAC43-SEC-ME.pdf\">2025-ME-secours<\/a><\/td><td class=\"has-text-align-center\" data-align=\"center\">Artificialisation<\/td><td class=\"has-text-align-center\" data-align=\"center\">Fili\u00e8re, friches, territoire<\/td><td class=\"has-text-align-center\" data-align=\"center\">6<\/td><td class=\"has-text-align-center\" data-align=\"center\">Changement climatique<\/td><td>Al\u00e9as, adaptation, haies, arbres<\/td><td class=\"has-text-align-center\" data-align=\"center\">14<\/td><\/tr><tr><td><a href=\"https:\/\/chlorofil.fr\/fileadmin\/user_upload\/sujets-examens\/2025\/2025-BAC43-NOR-AN-GU-RE.pdf\" data-type=\"link\" data-id=\"https:\/\/chlorofil.fr\/fileadmin\/user_upload\/sujets-examens\/2025\/2025-BAC43-NOR-AN-GU-RE.pdf\">2025-AN-GU-RE-juin<\/a><\/td><td class=\"has-text-align-center\" data-align=\"center\">Surfr\u00e9quentation touristique<\/td><td class=\"has-text-align-center\" data-align=\"center\">Conflit d&rsquo;usage, PNR, cohabitation<\/td><td class=\"has-text-align-center\" data-align=\"center\">6<\/td><td class=\"has-text-align-center\" data-align=\"center\">Virus dans une bananeraie<\/td><td>Diversification, intrants, compl\u00e9mentarit\u00e9<\/td><td class=\"has-text-align-center\" data-align=\"center\">14<\/td><\/tr><tr><td><a href=\"https:\/\/chlorofil.fr\/fileadmin\/user_upload\/sujets-examens\/2025\/2025-BAC43-NOR-PO.pdf\" data-type=\"link\" data-id=\"https:\/\/chlorofil.fr\/fileadmin\/user_upload\/sujets-examens\/2025\/2025-BAC43-NOR-PO.pdf\">2025-PO-juin<\/a><\/td><td class=\"has-text-align-center\" data-align=\"center\">Equilibre alimentaire<\/td><td class=\"has-text-align-center\" data-align=\"center\">Fili\u00e8re, alimentation, agriculture locale<\/td><td class=\"has-text-align-center\" data-align=\"center\">6<\/td><td class=\"has-text-align-center\" data-align=\"center\">Porcs Cr\u00e9oles en circuit court<\/td><td>Agro\u00e9cologie, d\u00e9pendance, compl\u00e9mentarit\u00e9<\/td><td class=\"has-text-align-center\" data-align=\"center\">14<\/td><\/tr><tr><td><a href=\"https:\/\/chlorofil.fr\/fileadmin\/user_upload\/sujets-examens\/2025\/2025-BAC43-RPL-ME.pdf\" data-type=\"link\" data-id=\"https:\/\/chlorofil.fr\/fileadmin\/user_upload\/sujets-examens\/2025\/2025-BAC43-RPL-ME.pdf\">2025-ME-sept<\/a><\/td><td class=\"has-text-align-center\" data-align=\"center\">Projets alimentaires territoriaux<\/td><td class=\"has-text-align-center\" data-align=\"center\">PAT, foncier agricole, autonomie<\/td><td class=\"has-text-align-center\" data-align=\"center\">6<\/td><td class=\"has-text-align-center\" data-align=\"center\">Optimisation et diversification<\/td><td>Travail, circuits courts, mara\u00eechage<\/td><td class=\"has-text-align-center\" data-align=\"center\">14<\/td><\/tr><\/tbody><\/table><\/figure>\n<\/div><\/div>\n<\/div><\/div><\/div>\n","protected":false},"excerpt":{"rendered":"<p>Tableau r\u00e9capitulatif des annales de baccalaur\u00e9at technologique Sciences et Technologies de l&rsquo;Agronomie et du Vivant (STAV) &#8211; Domaine : productions [&hellip;]<\/p>\n","protected":false},"author":250,"featured_media":0,"parent":65,"menu_order":6,"comment_status":"closed","ping_status":"closed","template":"","meta":{"footnotes":""},"class_list":["post-3664","page","type-page","status-publish","hentry"],"_links":{"self":[{"href":"https:\/\/paz-a-pas.ensfea.fr\/index.php?rest_route=\/wp\/v2\/pages\/3664","targetHints":{"allow":["GET"]}}],"collection":[{"href":"https:\/\/paz-a-pas.ensfea.fr\/index.php?rest_route=\/wp\/v2\/pages"}],"about":[{"href":"https:\/\/paz-a-pas.ensfea.fr\/index.php?rest_route=\/wp\/v2\/types\/page"}],"author":[{"embeddable":true,"href":"https:\/\/paz-a-pas.ensfea.fr\/index.php?rest_route=\/wp\/v2\/users\/250"}],"replies":[{"embeddable":true,"href":"https:\/\/paz-a-pas.ensfea.fr\/index.php?rest_route=%2Fwp%2Fv2%2Fcomments&post=3664"}],"version-history":[{"count":8,"href":"https:\/\/paz-a-pas.ensfea.fr\/index.php?rest_route=\/wp\/v2\/pages\/3664\/revisions"}],"predecessor-version":[{"id":3710,"href":"https:\/\/paz-a-pas.ensfea.fr\/index.php?rest_route=\/wp\/v2\/pages\/3664\/revisions\/3710"}],"up":[{"embeddable":true,"href":"https:\/\/paz-a-pas.ensfea.fr\/index.php?rest_route=\/wp\/v2\/pages\/65"}],"wp:attachment":[{"href":"https:\/\/paz-a-pas.ensfea.fr\/index.php?rest_route=%2Fwp%2Fv2%2Fmedia&parent=3664"}],"curies":[{"name":"wp","href":"https:\/\/api.w.org\/{rel}","templated":true}]}}