{"id":3662,"date":"2026-02-19T17:29:20","date_gmt":"2026-02-19T16:29:20","guid":{"rendered":"https:\/\/paz-a-pas.ensfea.fr\/?page_id=3662"},"modified":"2026-02-19T17:29:20","modified_gmt":"2026-02-19T16:29:20","slug":"annales-5","status":"publish","type":"page","link":"https:\/\/paz-a-pas.ensfea.fr\/?page_id=3662","title":{"rendered":"Annales bac pro TCVA"},"content":{"rendered":"\n<p class=\"has-text-align-left has-very-dark-gray-color has-text-color has-medium-font-size\"><strong>Tableau r\u00e9capitulatif des annales de bac professionnel Technicien-Conseil Vente en Animalerie<\/strong><\/p>\n\n\n\n<p class=\"has-text-align-left has-very-dark-gray-color has-text-color\" style=\"font-size:19px\">En cliquant sur l&rsquo;ann\u00e9e des sujets vous pouvez acc\u00e9der directement au sujet d\u2019examen en pdf. Les sujets peuvent \u00eatre issus de la R\u00e9union (RE) ou de m\u00e9tropole (ME).<\/p>\n\n\n<style>.kt-tabs-id3662_1955a0-bb > .kt-tabs-content-wrap > .wp-block-kadence-tab{border-top-width:1px;border-right-width:1px;border-bottom-width:1px;border-left-width:1px;border-color:#007a77;border-top-left-radius:0px;border-top-right-radius:0px;border-bottom-right-radius:0px;border-bottom-left-radius:0px;padding-top:20px;padding-right:20px;padding-bottom:20px;padding-left:20px;background:#ffffff;}.wp-block-kadence-tabs .kt-tabs-id3662_1955a0-bb > .kt-tabs-title-list li{margin-top:0px;margin-right:8px;margin-bottom:-1px;margin-left:0px;}.wp-block-kadence-tabs .kt-tabs-id3662_1955a0-bb > .kt-tabs-title-list li:last-child{margin-right:0px;}.wp-block-kadence-tabs .kt-tabs-id3662_1955a0-bb > .kt-tabs-title-list li .kt-tab-title, .wp-block-kadence-tabs .kt-tabs-id3662_1955a0-bb > .kt-tabs-content-wrap > .kt-tabs-accordion-title .kt-tab-title{line-height:1.4em;font-weight:regular;font-style:normal;border-top-width:1px;border-right-width:1px;border-bottom-width:0px;border-left-width:1px;border-top-left-radius:12px;border-top-right-radius:12px;border-bottom-right-radius:0px;border-bottom-left-radius:0px;padding-top:8px;padding-right:20px;padding-bottom:8px;padding-left:20px;border-color:#eeeeee;color:#007a77;background:#ffffff;}.wp-block-kadence-tabs .kt-tabs-id3662_1955a0-bb > .kt-tabs-content-wrap > .kt-tabs-accordion-title .kt-tab-title{margin-top:0px;margin-right:8px;margin-bottom:-1px;margin-left:0px;}.wp-block-kadence-tabs .kt-tabs-id3662_1955a0-bb > .kt-tabs-title-list li .kt-tab-title:hover, .wp-block-kadence-tabs .kt-tabs-id3662_1955a0-bb > .kt-tabs-content-wrap > .kt-tabs-accordion-title .kt-tab-title:hover{border-color:#e2e2e2;color:#444444;background:#ffffff;}.wp-block-kadence-tabs .kt-tabs-id3662_1955a0-bb > .kt-tabs-title-list li.kt-tab-title-active .kt-tab-title, .wp-block-kadence-tabs .kt-tabs-id3662_1955a0-bb > .kt-tabs-content-wrap > .kt-tabs-accordion-title.kt-tab-title-active .kt-tab-title{border-color:#bcbcbc;color:#ffffff;background:#007a77;}<\/style>\n<div class=\"wp-block-kadence-tabs alignnone\"><div class=\"kt-tabs-wrap kt-tabs-id3662_1955a0-bb kt-tabs-has-1-tabs kt-active-tab-1 kt-tabs-layout-tabs kt-tabs-tablet-layout-inherit kt-tabs-mobile-layout-inherit kt-tab-alignment-left \"><ul class=\"kt-tabs-title-list\"><li id=\"tab-2012-2025\" class=\"kt-title-item kt-title-item-1 kt-tabs-svg-show-always kt-tabs-icon-side-right kt-tab-title-active\"><a href=\"#tab-2012-2025\" data-tab=\"1\" class=\"kt-tab-title kt-tab-title-1 \"><span class=\"kt-title-text\">2012-2025<\/span><\/a><\/li><\/ul><div class=\"kt-tabs-content-wrap\">\n<div class=\"wp-block-kadence-tab kt-tab-inner-content kt-inner-tab-1 kt-inner-tab3662_f00a1b-b3\"><div class=\"kt-tab-inner-content-inner\">\n<p class=\"has-text-align-center has-kb-palette-1-color has-text-color has-medium-font-size\"><strong><strong>Th\u00e9matiques principales de sujets d&rsquo;annale et mots-clefs<\/strong><\/strong><\/p>\n\n\n\n<figure class=\"wp-block-table aligncenter is-style-stripes\"><table><thead><tr><th>Sujets<\/th><th class=\"has-text-align-center\" data-align=\"center\">Animaux cibl\u00e9s<\/th><th>Mots-clefs<\/th><\/tr><\/thead><tbody><tr><td><a href=\"https:\/\/chlorofil.fr\/fileadmin\/user_upload\/sujets-examens\/2012\/2012-PRO27-NOR-ME.pdf\" data-type=\"link\" data-id=\"https:\/\/chlorofil.fr\/fileadmin\/user_upload\/sujets-examens\/2012\/2012-PRO27-NOR-ME.pdf\">2012-juin<\/a><\/td><td class=\"has-text-align-center\" data-align=\"center\">Serpent vert des arbres, Cochon d&rsquo;Inde, Souris<\/td><td>Alimentation, ambiance, entretien, g\u00e9n\u00e9tique, alimentation<\/td><\/tr><tr><td><a href=\"https:\/\/chlorofil.fr\/fileadmin\/user_upload\/sujets-examens\/2012\/2012-PRO27-RPL-ME.pdf\" data-type=\"link\" data-id=\"https:\/\/chlorofil.fr\/fileadmin\/user_upload\/sujets-examens\/2012\/2012-PRO27-RPL-ME.pdf\">2012-sept<\/a><\/td><td class=\"has-text-align-center\" data-align=\"center\">Actinopt\u00e9rygiens d&rsquo;eau douce, Python vert<\/td><td>Respiration, qualit\u00e9 de l&rsquo;eau, entretien, g\u00e9n\u00e9tique, contamination<\/td><\/tr><tr><td><a href=\"https:\/\/chlorofil.fr\/fileadmin\/user_upload\/sujets-examens\/2013\/2013-PRO27-NOR-ME.pdf\" data-type=\"link\" data-id=\"https:\/\/chlorofil.fr\/fileadmin\/user_upload\/sujets-examens\/2013\/2013-PRO27-NOR-ME.pdf\">2013<\/a><\/td><td class=\"has-text-align-center\" data-align=\"center\">Chat<\/td><td>Digestion, coryza, vaccination, d\u00e9sinfection, st\u00e9rilisation, entretien<\/td><\/tr><tr><td><a href=\"https:\/\/chlorofil.fr\/fileadmin\/user_upload\/sujets-examens\/2014\/2014-PRO27-NOR-ME.pdf\" data-type=\"link\" data-id=\"https:\/\/chlorofil.fr\/fileadmin\/user_upload\/sujets-examens\/2014\/2014-PRO27-NOR-ME.pdf\">2014-juin<\/a><\/td><td class=\"has-text-align-center\" data-align=\"center\">Diamant de Gould, poissons<\/td><td>Digestion, attentes soci\u00e9tales, sant\u00e9, ambiance, entretien <\/td><\/tr><tr><td><a href=\"https:\/\/chlorofil.fr\/fileadmin\/user_upload\/sujets-examens\/2014\/2014-PRO27-RPL-ME.pdf\" data-type=\"link\" data-id=\"https:\/\/chlorofil.fr\/fileadmin\/user_upload\/sujets-examens\/2014\/2014-PRO27-RPL-ME.pdf\">2014-sept<\/a><\/td><td class=\"has-text-align-center\" data-align=\"center\">Poule d&rsquo;ornement<\/td><td>Alimentation, ambiance, entretien, nettoyage, g\u00e9n\u00e9tique<\/td><\/tr><tr><td><a href=\"https:\/\/chlorofil.fr\/fileadmin\/user_upload\/sujets-examens\/2015\/2015-PRO27-NOR-ME.pdf\" data-type=\"link\" data-id=\"https:\/\/chlorofil.fr\/fileadmin\/user_upload\/sujets-examens\/2015\/2015-PRO27-NOR-ME.pdf\">2015<\/a><\/td><td class=\"has-text-align-center\" data-align=\"center\">Chat, crevettes, guppies<\/td><td>Alimentation, vaccination, sant\u00e9, entretien, qualit\u00e9 de l&rsquo;eau<\/td><\/tr><tr><td><a href=\"https:\/\/chlorofil.fr\/fileadmin\/user_upload\/sujets-examens\/2016\/2016-PRO27-NOR-ME.pdf\" data-type=\"link\" data-id=\"https:\/\/chlorofil.fr\/fileadmin\/user_upload\/sujets-examens\/2016\/2016-PRO27-NOR-ME.pdf\">2016-juin<\/a><\/td><td class=\"has-text-align-center\" data-align=\"center\">Discus<\/td><td>Qualit\u00e9 de l&rsquo;eau,  ambiance, sant\u00e9, alimentation<\/td><\/tr><tr><td><a href=\"https:\/\/chlorofil.fr\/fileadmin\/user_upload\/sujets-examens\/2016\/2016-PRO27-RPL-ME.pdf\" data-type=\"link\" data-id=\"https:\/\/chlorofil.fr\/fileadmin\/user_upload\/sujets-examens\/2016\/2016-PRO27-RPL-ME.pdf\">2016-sept<\/a><\/td><td class=\"has-text-align-center\" data-align=\"center\">Lapin, Gecko<\/td><td>Alimentation, d\u00e9sinfection, sant\u00e9, vaccin, g\u00e9n\u00e9tique, entretien, ambiance<\/td><\/tr><tr><td><a href=\"https:\/\/chlorofil.fr\/fileadmin\/user_upload\/sujets-examens\/2017\/2017-PRO27-NOR-ME.pdf\" data-type=\"link\" data-id=\"https:\/\/chlorofil.fr\/fileadmin\/user_upload\/sujets-examens\/2017\/2017-PRO27-NOR-ME.pdf\">2017-juin<\/a><\/td><td class=\"has-text-align-center\" data-align=\"center\">Tortue des steppes<\/td><td>Alimentation, ambiance, entretien, reproduction, conditions de vie<\/td><\/tr><tr><td><a href=\"https:\/\/chlorofil.fr\/fileadmin\/user_upload\/sujets-examens\/2017\/2017-PRO27-RPL-ME.pdf\" data-type=\"link\" data-id=\"https:\/\/chlorofil.fr\/fileadmin\/user_upload\/sujets-examens\/2017\/2017-PRO27-RPL-ME.pdf\">2017-sept<\/a><\/td><td class=\"has-text-align-center\" data-align=\"center\">Canaris<\/td><td>Ambiance, bien-\u00eatre, croisement, g\u00e9n\u00e9tique<\/td><\/tr><tr><td><a href=\"https:\/\/chlorofil.fr\/fileadmin\/user_upload\/sujets-examens\/2018\/2018-PRO27-NOR-ME.pdf\" data-type=\"link\" data-id=\"https:\/\/chlorofil.fr\/fileadmin\/user_upload\/sujets-examens\/2018\/2018-PRO27-NOR-ME.pdf\">2018-juin<\/a><\/td><td class=\"has-text-align-center\" data-align=\"center\">Boa constricteur<\/td><td>Alimentation, ambiance, entretien, g\u00e9n\u00e9tique<\/td><\/tr><tr><td><a href=\"https:\/\/chlorofil.fr\/fileadmin\/user_upload\/sujets-examens\/2018\/2018-PRO27-RPL-ME.pdf\">2018-sept<\/a><\/td><td class=\"has-text-align-center\" data-align=\"center\">Chien<\/td><td>Ambiance, entretien, vaccination, gale auriculaire, g\u00e9n\u00e9tique<\/td><\/tr><tr><td><a href=\"https:\/\/chlorofil.fr\/fileadmin\/user_upload\/sujets-examens\/2019\/2019-PRO27-NOR-ME.pdf\" data-type=\"link\" data-id=\"https:\/\/chlorofil.fr\/fileadmin\/user_upload\/sujets-examens\/2019\/2019-PRO27-NOR-ME.pdf\">2019-juin<\/a><\/td><td class=\"has-text-align-center\" data-align=\"center\">Perruches ondul\u00e9es, Cichlidae<\/td><td>G\u00e9n\u00e9tique, d\u00e9sinfection, entretien, ambiance, qualit\u00e9 de l&rsquo;eau<\/td><\/tr><tr><td><a href=\"https:\/\/chlorofil.fr\/fileadmin\/user_upload\/sujets-examens\/2019\/2019-PRO27-RPL-ME.pdf\" data-type=\"link\" data-id=\"https:\/\/chlorofil.fr\/fileadmin\/user_upload\/sujets-examens\/2019\/2019-PRO27-RPL-ME.pdf\">2019-sept<\/a><\/td><td class=\"has-text-align-center\" data-align=\"center\">Serpent des bl\u00e9s<\/td><td>Entretien, ambiance, comportement, g\u00e9n\u00e9tique<\/td><\/tr><tr><td><a href=\"https:\/\/chlorofil.fr\/fileadmin\/user_upload\/sujets-examens\/2020\/2020-PRO27-NOR-ME.pdf\" data-type=\"link\" data-id=\"https:\/\/chlorofil.fr\/fileadmin\/user_upload\/sujets-examens\/2020\/2020-PRO27-NOR-ME.pdf\">2020<\/a><\/td><td class=\"has-text-align-center\" data-align=\"center\">Poule, Azolla<\/td><td>Alimentation, reproduction, comportement, g\u00e9n\u00e9tique, entretien<\/td><\/tr><tr><td><a href=\"https:\/\/chlorofil.fr\/fileadmin\/user_upload\/sujets-examens\/2021\/2021-PRO27-NOR-ME.pdf\" data-type=\"link\" data-id=\"https:\/\/chlorofil.fr\/fileadmin\/user_upload\/sujets-examens\/2021\/2021-PRO27-NOR-ME.pdf\">2021-juin<\/a><\/td><td class=\"has-text-align-center\" data-align=\"center\">Cochon d&rsquo;Inde, Perroquet Gris du Gabon<\/td><td>Alimentation, sant\u00e9, g\u00e9n\u00e9tique, entretien, comportement<\/td><\/tr><tr><td><a href=\"https:\/\/chlorofil.fr\/fileadmin\/user_upload\/sujets-examens\/2021\/2021-PRO27-SEC-ME.pdf\" data-type=\"link\" data-id=\"https:\/\/chlorofil.fr\/fileadmin\/user_upload\/sujets-examens\/2021\/2021-PRO27-SEC-ME.pdf\">2021-juin-secours<\/a><\/td><td class=\"has-text-align-center\" data-align=\"center\">Cardinalis, Serpent des bl\u00e9s<\/td><td>Qualit\u00e9 de l&rsquo;eau, alimentation, parasite, g\u00e9n\u00e9tique, entretien<\/td><\/tr><tr><td><a href=\"https:\/\/chlorofil.fr\/fileadmin\/user_upload\/sujets-examens\/2021\/2021-PRO27-RPL-ME.pdf\" data-type=\"link\" data-id=\"https:\/\/chlorofil.fr\/fileadmin\/user_upload\/sujets-examens\/2021\/2021-PRO27-RPL-ME.pdf\">2021-sept<\/a><\/td><td class=\"has-text-align-center\" data-align=\"center\">Lapin nain<\/td><td>Ambiance, alimentation, g\u00e9n\u00e9tique<\/td><\/tr><tr><td><a href=\"https:\/\/chlorofil.fr\/fileadmin\/user_upload\/sujets-examens\/2022\/2022-PRO27-NOR-ME.pdf\" data-type=\"link\" data-id=\"https:\/\/chlorofil.fr\/fileadmin\/user_upload\/sujets-examens\/2022\/2022-PRO27-NOR-ME.pdf\">2022-juin<\/a><\/td><td class=\"has-text-align-center\" data-align=\"center\">Poisson clown \u00e0 trois bandes, Discus de Heckel, An\u00e9mone de mer, Poules<\/td><td>Osmor\u00e9gulation, entretien, qualit\u00e9 de l&rsquo;eau, ambiance, alimentation, g\u00e9n\u00e9tique<\/td><\/tr><tr><td><a href=\"https:\/\/chlorofil.fr\/fileadmin\/user_upload\/sujets-examens\/2022\/2022-PRO27-RPL-ME.pdf\" data-type=\"link\" data-id=\"https:\/\/chlorofil.fr\/fileadmin\/user_upload\/sujets-examens\/2022\/2022-PRO27-RPL-ME.pdf\">2022-sept<\/a><\/td><td class=\"has-text-align-center\" data-align=\"center\">Chinchilla, Coraux<\/td><td>Alimentation, ambiance, entretien, qualit\u00e9 de l&rsquo;eau<\/td><\/tr><tr><td><a href=\"https:\/\/chlorofil.fr\/fileadmin\/user_upload\/sujets-examens\/2023\/2023-PRO27-NOR-ME-RE.pdf\" data-type=\"link\" data-id=\"https:\/\/chlorofil.fr\/fileadmin\/user_upload\/sujets-examens\/2023\/2023-PRO27-NOR-ME-RE.pdf\">2023-juin<\/a><\/td><td class=\"has-text-align-center\" data-align=\"center\">Scalaires<\/td><td>Qualit\u00e9 de l&rsquo;eau, entretien, alimentation<\/td><\/tr><tr><td><a href=\"https:\/\/chlorofil.fr\/fileadmin\/user_upload\/sujets-examens\/2023\/2023-PRO27-RPL-ME-RE.pdf\" data-type=\"link\" data-id=\"https:\/\/chlorofil.fr\/fileadmin\/user_upload\/sujets-examens\/2023\/2023-PRO27-RPL-ME-RE.pdf\">2023-sept<\/a><\/td><td class=\"has-text-align-center\" data-align=\"center\">Gecko<\/td><td>Reproduction, ambiance, entretien, sant\u00e9, reproduction<\/td><\/tr><tr><td><a href=\"https:\/\/chlorofil.fr\/fileadmin\/user_upload\/sujets-examens\/2023\/2023-PRO27-RPL-ME-RE.pdf\" data-type=\"link\" data-id=\"https:\/\/chlorofil.fr\/fileadmin\/user_upload\/sujets-examens\/2023\/2023-PRO27-RPL-ME-RE.pdf\">2024-juin<\/a><\/td><td class=\"has-text-align-center\" data-align=\"center\">Chat, Guppy<\/td><td>Alimentation, entretien, vaccination, qualit\u00e9 de l&rsquo;eau, reproduction<\/td><\/tr><tr><td><a href=\"https:\/\/chlorofil.fr\/fileadmin\/user_upload\/sujets-examens\/2024\/2024-PRO27-RPL-ME-RE.pdf\" data-type=\"link\" data-id=\"https:\/\/chlorofil.fr\/fileadmin\/user_upload\/sujets-examens\/2024\/2024-PRO27-RPL-ME-RE.pdf\">2024-sept<\/a><\/td><td class=\"has-text-align-center\" data-align=\"center\">Carpes ko\u00ef<\/td><td>Entretien, sant\u00e9, r\u00e9ponse immunitaire<\/td><\/tr><tr><td><a href=\"https:\/\/chlorofil.fr\/fileadmin\/user_upload\/sujets-examens\/2025\/2025-PRO27-NOR-ME-RE.pdf\" data-type=\"link\" data-id=\"https:\/\/chlorofil.fr\/fileadmin\/user_upload\/sujets-examens\/2025\/2025-PRO27-NOR-ME-RE.pdf\">2025-juin<\/a><\/td><td class=\"has-text-align-center\" data-align=\"center\">Poisson combattant<\/td><td>Entretien, qualit\u00e9 de l&rsquo;eau, g\u00e9n\u00e9tique<\/td><\/tr><tr><td><a href=\"https:\/\/chlorofil.fr\/fileadmin\/user_upload\/sujets-examens\/2025\/2025-PRO27-RPL-ME-RE.pdf\">2025-sept<\/a><\/td><td class=\"has-text-align-center\" data-align=\"center\">Axolotls<\/td><td>Entretien, reproduction, g\u00e9n\u00e9tique, sant\u00e9<\/td><\/tr><\/tbody><\/table><\/figure>\n<\/div><\/div>\n<\/div><\/div><\/div>\n","protected":false},"excerpt":{"rendered":"<p>Tableau r\u00e9capitulatif des annales de bac professionnel Technicien-Conseil Vente en Animalerie En cliquant sur l&rsquo;ann\u00e9e des sujets vous pouvez acc\u00e9der [&hellip;]<\/p>\n","protected":false},"author":250,"featured_media":0,"parent":65,"menu_order":5,"comment_status":"closed","ping_status":"closed","template":"","meta":{"footnotes":""},"class_list":["post-3662","page","type-page","status-publish","hentry"],"_links":{"self":[{"href":"https:\/\/paz-a-pas.ensfea.fr\/index.php?rest_route=\/wp\/v2\/pages\/3662","targetHints":{"allow":["GET"]}}],"collection":[{"href":"https:\/\/paz-a-pas.ensfea.fr\/index.php?rest_route=\/wp\/v2\/pages"}],"about":[{"href":"https:\/\/paz-a-pas.ensfea.fr\/index.php?rest_route=\/wp\/v2\/types\/page"}],"author":[{"embeddable":true,"href":"https:\/\/paz-a-pas.ensfea.fr\/index.php?rest_route=\/wp\/v2\/users\/250"}],"replies":[{"embeddable":true,"href":"https:\/\/paz-a-pas.ensfea.fr\/index.php?rest_route=%2Fwp%2Fv2%2Fcomments&post=3662"}],"version-history":[{"count":3,"href":"https:\/\/paz-a-pas.ensfea.fr\/index.php?rest_route=\/wp\/v2\/pages\/3662\/revisions"}],"predecessor-version":[{"id":3698,"href":"https:\/\/paz-a-pas.ensfea.fr\/index.php?rest_route=\/wp\/v2\/pages\/3662\/revisions\/3698"}],"up":[{"embeddable":true,"href":"https:\/\/paz-a-pas.ensfea.fr\/index.php?rest_route=\/wp\/v2\/pages\/65"}],"wp:attachment":[{"href":"https:\/\/paz-a-pas.ensfea.fr\/index.php?rest_route=%2Fwp%2Fv2%2Fmedia&parent=3662"}],"curies":[{"name":"wp","href":"https:\/\/api.w.org\/{rel}","templated":true}]}}