{"id":3655,"date":"2026-02-19T16:26:40","date_gmt":"2026-02-19T15:26:40","guid":{"rendered":"https:\/\/paz-a-pas.ensfea.fr\/?page_id=3655"},"modified":"2026-02-19T16:57:37","modified_gmt":"2026-02-19T15:57:37","slug":"annales-4","status":"publish","type":"page","link":"https:\/\/paz-a-pas.ensfea.fr\/?page_id=3655","title":{"rendered":"Annales bac pro TEA"},"content":{"rendered":"\n<p class=\"has-text-align-center has-very-dark-gray-color has-text-color has-medium-font-size\"><strong>Tableau r\u00e9capitulatif des annales de bac professionnel Technicien en Exp\u00e9rimentation Animale (TEA)<\/strong><\/p>\n\n\n\n<p class=\"has-text-align-left has-very-dark-gray-color has-text-color\" style=\"font-size:19px\">En cliquant sur l&rsquo;ann\u00e9e des sujets vous pouvez acc\u00e9der directement au sujet d\u2019examen en pdf.<\/p>\n\n\n<style>.kt-tabs-id3655_6ef803-59 > .kt-tabs-content-wrap > .wp-block-kadence-tab{border-top:1px solid #007a77;border-right:1px solid #007a77;border-bottom:1px solid #007a77;border-left:1px solid #007a77;border-top-left-radius:0px;border-top-right-radius:0px;border-bottom-right-radius:0px;border-bottom-left-radius:0px;padding-top:20px;padding-right:20px;padding-bottom:20px;padding-left:20px;background:#ffffff;}.wp-block-kadence-tabs .kt-tabs-id3655_6ef803-59 > .kt-tabs-title-list li{margin-top:0px;margin-right:8px;margin-bottom:-1px;margin-left:0px;}.wp-block-kadence-tabs .kt-tabs-id3655_6ef803-59 > .kt-tabs-title-list li:last-child{margin-right:0px;}.wp-block-kadence-tabs .kt-tabs-id3655_6ef803-59 > .kt-tabs-title-list li .kt-tab-title, .wp-block-kadence-tabs .kt-tabs-id3655_6ef803-59 > .kt-tabs-content-wrap > .kt-tabs-accordion-title .kt-tab-title{line-height:1.4em;font-weight:regular;font-style:normal;border-top-width:1px;border-right-width:1px;border-bottom-width:0px;border-left-width:1px;border-top-left-radius:12px;border-top-right-radius:12px;border-bottom-right-radius:0px;border-bottom-left-radius:0px;padding-top:8px;padding-right:20px;padding-bottom:8px;padding-left:20px;border-color:#eeeeee;color:#007a77;background:#ffffff;}.wp-block-kadence-tabs .kt-tabs-id3655_6ef803-59 > .kt-tabs-content-wrap > .kt-tabs-accordion-title .kt-tab-title{margin-top:0px;margin-right:8px;margin-bottom:-1px;margin-left:0px;}.wp-block-kadence-tabs .kt-tabs-id3655_6ef803-59 > .kt-tabs-title-list li .kt-tab-title:hover, .wp-block-kadence-tabs .kt-tabs-id3655_6ef803-59 > .kt-tabs-content-wrap > .kt-tabs-accordion-title .kt-tab-title:hover{border-color:#e2e2e2;color:#444444;background:#ffffff;}.wp-block-kadence-tabs .kt-tabs-id3655_6ef803-59 > .kt-tabs-title-list li.kt-tab-title-active .kt-tab-title, .wp-block-kadence-tabs .kt-tabs-id3655_6ef803-59 > .kt-tabs-content-wrap > .kt-tabs-accordion-title.kt-tab-title-active .kt-tab-title{border-color:#bcbcbc;color:#ffffff;background:#007a77;}@media all and (max-width: 1024px){.kt-tabs-id3655_6ef803-59 > .kt-tabs-content-wrap > .wp-block-kadence-tab{border-top:1px solid #007a77;border-right:1px solid #007a77;border-bottom:1px solid #007a77;border-left:1px solid #007a77;}}@media all and (max-width: 767px){.kt-tabs-id3655_6ef803-59 > .kt-tabs-content-wrap > .wp-block-kadence-tab{border-top:1px solid #007a77;border-right:1px solid #007a77;border-bottom:1px solid #007a77;border-left:1px solid #007a77;}}<\/style>\n<div class=\"wp-block-kadence-tabs alignnone\"><div class=\"kt-tabs-wrap kt-tabs-id3655_6ef803-59 kt-tabs-has-1-tabs kt-active-tab-1 kt-tabs-layout-tabs kt-tabs-tablet-layout-inherit kt-tabs-mobile-layout-inherit kt-tab-alignment-left \"><ul class=\"kt-tabs-title-list\"><li id=\"tab-2014-2025\" class=\"kt-title-item kt-title-item-1 kt-tabs-svg-show-always kt-tabs-icon-side-right kt-tab-title-active\"><a href=\"#tab-2014-2025\" data-tab=\"1\" class=\"kt-tab-title kt-tab-title-1 \"><span class=\"kt-title-text\">2014-2025<\/span><\/a><\/li><\/ul><div class=\"kt-tabs-content-wrap\">\n<div class=\"wp-block-kadence-tab kt-tab-inner-content kt-inner-tab-1 kt-inner-tab3655_53600f-0f\"><div class=\"kt-tab-inner-content-inner\">\n<p class=\"has-text-align-center has-kb-palette-1-color has-text-color has-medium-font-size\">Th\u00e9matiques principales de sujets d&rsquo;annale et mots-clefs<\/p>\n\n\n\n<figure class=\"wp-block-table aligncenter is-style-stripes\"><table><thead><tr><th>Sujets<\/th><th class=\"has-text-align-center\" data-align=\"center\">Th\u00e9matiques<\/th><th>Mots-clefs<\/th><\/tr><\/thead><tbody><tr><td><a href=\"https:\/\/chlorofil.fr\/fileadmin\/user_upload\/sujets-examens\/2014\/2014-PRO43-NOR-ME.pdf\" data-type=\"link\" data-id=\"https:\/\/chlorofil.fr\/fileadmin\/user_upload\/sujets-examens\/2014\/2014-PRO43-NOR-ME.pdf\">2014<\/a><\/td><td class=\"has-text-align-center\" data-align=\"center\">Pr\u00e9vention de l\u2019h\u00e9patite murine<br>Conduite d\u2019un \u00e9levage de petits mammif\u00e8res<\/td><td>Contamination, EOPS, vaccin, effluents, reproduction, sevrage<\/td><\/tr><tr><td><a href=\"https:\/\/chlorofil.fr\/fileadmin\/user_upload\/sujets-examens\/2015\/2015-PRO43-NOR-ME.pdf\" data-type=\"link\" data-id=\"https:\/\/chlorofil.fr\/fileadmin\/user_upload\/sujets-examens\/2015\/2015-PRO43-NOR-ME.pdf\">2015<\/a><\/td><td class=\"has-text-align-center\" data-align=\"center\">Poisson z\u00e8bre et recherche m\u00e9dicale<\/td><td>Bien-\u00eatre, qualit\u00e9 de l&rsquo;eau, ph\u00e9notype<\/td><\/tr><tr><td><a href=\"https:\/\/chlorofil.fr\/fileadmin\/user_upload\/sujets-examens\/2016\/2016-PRO43-NOR-ME.pdf\" data-type=\"link\" data-id=\"https:\/\/chlorofil.fr\/fileadmin\/user_upload\/sujets-examens\/2016\/2016-PRO43-NOR-ME.pdf\">2016<\/a><\/td><td class=\"has-text-align-center\" data-align=\"center\">Digestion chez le lapin<\/td><td>Alimentation, comportement, pathologie, ventilation, \u00e9clairage<\/td><\/tr><tr><td><a href=\"https:\/\/chlorofil.fr\/fileadmin\/user_upload\/sujets-examens\/2017\/2017-PRO43-NOR-ME.pdf\" data-type=\"link\" data-id=\"https:\/\/chlorofil.fr\/fileadmin\/user_upload\/sujets-examens\/2017\/2017-PRO43-NOR-ME.pdf\">2017<\/a><\/td><td class=\"has-text-align-center\" data-align=\"center\">Confinements<br>\u00c9tude exp\u00e9rimentale d&rsquo;infectiologie et mod\u00e8les animaux de la<br>plateforme<\/td><td>Confinement, EOPS, r\u00e9ponse immunitaire <\/td><\/tr><tr><td><a href=\"https:\/\/chlorofil.fr\/fileadmin\/user_upload\/sujets-examens\/2018\/2018-PRO43-NOR-ME.pdf\" data-type=\"link\" data-id=\"https:\/\/chlorofil.fr\/fileadmin\/user_upload\/sujets-examens\/2018\/2018-PRO43-NOR-ME.pdf\">2018<\/a><\/td><td class=\"has-text-align-center\" data-align=\"center\">Reproduction et d\u00e9rive g\u00e9n\u00e9tique<\/td><td>EOPS, sant\u00e9, g\u00e9n\u00e9tique, superovulation<\/td><\/tr><tr><td><a href=\"https:\/\/chlorofil.fr\/fileadmin\/user_upload\/sujets-examens\/2019\/2019-PRO43-NOR-ME.pdf\" data-type=\"link\" data-id=\"https:\/\/chlorofil.fr\/fileadmin\/user_upload\/sujets-examens\/2019\/2019-PRO43-NOR-ME.pdf\">2019-juin<\/a><\/td><td class=\"has-text-align-center\" data-align=\"center\">Obtention de souris transg\u00e9niques<br>Mise en \u0153uvre d\u2019une technique de d\u00e9contamination<\/td><td>Consanguinit\u00e9, hygrom\u00e9trie, EOPS, g\u00e9notype, filtration<\/td><\/tr><tr><td><a href=\"https:\/\/chlorofil.fr\/fileadmin\/user_upload\/sujets-examens\/2019\/2019-PRO43-RPL-ME.pdf\" data-type=\"link\" data-id=\"https:\/\/chlorofil.fr\/fileadmin\/user_upload\/sujets-examens\/2019\/2019-PRO43-RPL-ME.pdf\">2019-sept<\/a><\/td><td class=\"has-text-align-center\" data-align=\"center\">Nutrition des animaux de laboratoire<br>Importance de l\u2019\u00e9clairement pour l\u2019\u00e9levage des souris<\/td><td>Malocclusion, alimentation, coccidiose, bien-\u00eatre animal<\/td><\/tr><tr><td><a href=\"https:\/\/chlorofil.fr\/fileadmin\/user_upload\/sujets-examens\/2021\/2021-PRO43-NOR-ME.pdf\" data-type=\"link\" data-id=\"https:\/\/chlorofil.fr\/fileadmin\/user_upload\/sujets-examens\/2021\/2021-PRO43-NOR-ME.pdf\">2021<\/a><\/td><td class=\"has-text-align-center\" data-align=\"center\">Souris et ob\u00e9sit\u00e9<\/td><td>Alimentation, souffrance, ambiance, <\/td><\/tr><tr><td><a href=\"https:\/\/chlorofil.fr\/fileadmin\/user_upload\/sujets-examens\/2022\/2022-PRO43-NOR-ME.pdf\" data-type=\"link\" data-id=\"https:\/\/chlorofil.fr\/fileadmin\/user_upload\/sujets-examens\/2022\/2022-PRO43-NOR-ME.pdf\">2022<\/a><\/td><td class=\"has-text-align-center\" data-align=\"center\">Pododermatite chez le lapin<\/td><td>Ambiance, bien-\u00eatre animal, zoonose, sant\u00e9<\/td><\/tr><tr><td><a href=\"https:\/\/chlorofil.fr\/fileadmin\/user_upload\/sujets-examens\/2023\/2023-PRO43-NOR-ME.pdf\" data-type=\"link\" data-id=\"https:\/\/chlorofil.fr\/fileadmin\/user_upload\/sujets-examens\/2023\/2023-PRO43-NOR-ME.pdf\">2023<\/a><\/td><td class=\"has-text-align-center\" data-align=\"center\">Bien-\u00eatre animal<\/td><td>Douleur, antalgique, EOPS, d\u00e9sinfection, ambiance<\/td><\/tr><tr><td><a href=\"https:\/\/chlorofil.fr\/fileadmin\/user_upload\/sujets-examens\/2024\/2024-PRO43-NOR-ME.pdf\" data-type=\"link\" data-id=\"https:\/\/chlorofil.fr\/fileadmin\/user_upload\/sujets-examens\/2024\/2024-PRO43-NOR-ME.pdf\">2024<\/a><\/td><td class=\"has-text-align-center\" data-align=\"center\">Endom\u00e9triose, Mod\u00e8le murin pour l&rsquo;endom\u00e9triose, Mod\u00e8les primates pour l&rsquo;endom\u00e9triose<\/td><td>Sant\u00e9, douleur, ambiance, quarantaine, d\u00e9sinfection<\/td><\/tr><tr><td><a href=\"https:\/\/chlorofil.fr\/fileadmin\/user_upload\/sujets-examens\/2025\/2025-PRO43-NOR-ME.pdf\" data-type=\"link\" data-id=\"https:\/\/chlorofil.fr\/fileadmin\/user_upload\/sujets-examens\/2025\/2025-PRO43-NOR-ME.pdf\">2025<\/a><\/td><td class=\"has-text-align-center\" data-align=\"center\">Immunod\u00e9ficience<\/td><td>Immunologie, g\u00e9n\u00e9tique, ambiance, greffe, d\u00e9sinfection<\/td><\/tr><\/tbody><\/table><\/figure>\n<\/div><\/div>\n<\/div><\/div><\/div>\n\n\n\n<p class=\"has-medium-font-size\"><\/p>\n","protected":false},"excerpt":{"rendered":"<p>Tableau r\u00e9capitulatif des annales de bac professionnel Technicien en Exp\u00e9rimentation Animale (TEA) En cliquant sur l&rsquo;ann\u00e9e des sujets vous pouvez [&hellip;]<\/p>\n","protected":false},"author":250,"featured_media":0,"parent":65,"menu_order":4,"comment_status":"closed","ping_status":"closed","template":"","meta":{"footnotes":""},"class_list":["post-3655","page","type-page","status-publish","hentry"],"_links":{"self":[{"href":"https:\/\/paz-a-pas.ensfea.fr\/index.php?rest_route=\/wp\/v2\/pages\/3655","targetHints":{"allow":["GET"]}}],"collection":[{"href":"https:\/\/paz-a-pas.ensfea.fr\/index.php?rest_route=\/wp\/v2\/pages"}],"about":[{"href":"https:\/\/paz-a-pas.ensfea.fr\/index.php?rest_route=\/wp\/v2\/types\/page"}],"author":[{"embeddable":true,"href":"https:\/\/paz-a-pas.ensfea.fr\/index.php?rest_route=\/wp\/v2\/users\/250"}],"replies":[{"embeddable":true,"href":"https:\/\/paz-a-pas.ensfea.fr\/index.php?rest_route=%2Fwp%2Fv2%2Fcomments&post=3655"}],"version-history":[{"count":7,"href":"https:\/\/paz-a-pas.ensfea.fr\/index.php?rest_route=\/wp\/v2\/pages\/3655\/revisions"}],"predecessor-version":[{"id":3695,"href":"https:\/\/paz-a-pas.ensfea.fr\/index.php?rest_route=\/wp\/v2\/pages\/3655\/revisions\/3695"}],"up":[{"embeddable":true,"href":"https:\/\/paz-a-pas.ensfea.fr\/index.php?rest_route=\/wp\/v2\/pages\/65"}],"wp:attachment":[{"href":"https:\/\/paz-a-pas.ensfea.fr\/index.php?rest_route=%2Fwp%2Fv2%2Fmedia&parent=3655"}],"curies":[{"name":"wp","href":"https:\/\/api.w.org\/{rel}","templated":true}]}}