{"id":3653,"date":"2026-02-19T12:12:33","date_gmt":"2026-02-19T11:12:33","guid":{"rendered":"https:\/\/paz-a-pas.ensfea.fr\/?page_id=3653"},"modified":"2026-02-19T12:12:33","modified_gmt":"2026-02-19T11:12:33","slug":"annales-2","status":"publish","type":"page","link":"https:\/\/paz-a-pas.ensfea.fr\/?page_id=3653","title":{"rendered":"Annales bac pro CGESCF"},"content":{"rendered":"\n<p class=\"has-text-align-left has-very-dark-gray-color has-text-color has-medium-font-size\"><strong>Tableau r\u00e9capitulatif des annales de bac professionnel Conduite d\u2019activit\u00e9s d\u2019\u00e9levage et d\u2019h\u00e9bergement dans le secteur canin-f\u00e9lin<\/strong>. <\/p>\n\n\n\n<p>Ce bac ayant \u00e9t\u00e9 r\u00e9nov\u00e9 \u00e0 partir de la rentr\u00e9e 2024, les annales ant\u00e9rieures \u00e0 l&rsquo;ann\u00e9e 2026 concernent l&rsquo;ancien bac pro Conduite et Gestion d\u2019une entreprise du secteur canin et f\u00e9lin.<\/p>\n\n\n\n<p class=\"has-text-align-left has-very-dark-gray-color has-text-color\" style=\"font-size:19px\">En cliquant sur le nom des sujets vous pouvez acc\u00e9der directement au sujet d\u2019examen en pdf.<\/p>\n\n\n<style>.kt-tabs-id3653_4504e3-1e > .kt-tabs-content-wrap > .wp-block-kadence-tab{border-top:1px solid #007a77;border-right:1px solid #007a77;border-bottom:1px solid #007a77;border-left:1px solid #007a77;border-top-left-radius:0px;border-top-right-radius:0px;border-bottom-right-radius:0px;border-bottom-left-radius:0px;padding-top:20px;padding-right:20px;padding-bottom:20px;padding-left:20px;background:#ffffff;}.wp-block-kadence-tabs .kt-tabs-id3653_4504e3-1e > .kt-tabs-title-list li{margin-top:0px;margin-right:8px;margin-bottom:-1px;margin-left:0px;}.wp-block-kadence-tabs .kt-tabs-id3653_4504e3-1e > .kt-tabs-title-list li:last-child{margin-right:0px;}.wp-block-kadence-tabs .kt-tabs-id3653_4504e3-1e > .kt-tabs-title-list li .kt-tab-title, .wp-block-kadence-tabs .kt-tabs-id3653_4504e3-1e > .kt-tabs-content-wrap > .kt-tabs-accordion-title .kt-tab-title{line-height:1.4em;font-weight:regular;font-style:normal;border-top-width:1px;border-right-width:1px;border-bottom-width:0px;border-left-width:1px;border-top-left-radius:12px;border-top-right-radius:12px;border-bottom-right-radius:0px;border-bottom-left-radius:0px;padding-top:8px;padding-right:20px;padding-bottom:8px;padding-left:20px;border-color:#eeeeee;color:#007a77;background:#ffffff;}.wp-block-kadence-tabs .kt-tabs-id3653_4504e3-1e > .kt-tabs-content-wrap > .kt-tabs-accordion-title .kt-tab-title{margin-top:0px;margin-right:8px;margin-bottom:-1px;margin-left:0px;}.wp-block-kadence-tabs .kt-tabs-id3653_4504e3-1e > .kt-tabs-title-list li .kt-tab-title:hover, .wp-block-kadence-tabs .kt-tabs-id3653_4504e3-1e > .kt-tabs-content-wrap > .kt-tabs-accordion-title .kt-tab-title:hover{border-color:#e2e2e2;color:#444444;background:#ffffff;}.wp-block-kadence-tabs .kt-tabs-id3653_4504e3-1e > .kt-tabs-title-list li.kt-tab-title-active .kt-tab-title, .wp-block-kadence-tabs .kt-tabs-id3653_4504e3-1e > .kt-tabs-content-wrap > .kt-tabs-accordion-title.kt-tab-title-active .kt-tab-title{border-color:#bcbcbc;color:#ffffff;background:#007a77;}@media all and (max-width: 1024px){.kt-tabs-id3653_4504e3-1e > .kt-tabs-content-wrap > .wp-block-kadence-tab{border-top:1px solid #007a77;border-right:1px solid #007a77;border-bottom:1px solid #007a77;border-left:1px solid #007a77;}}@media all and (max-width: 767px){.kt-tabs-id3653_4504e3-1e > .kt-tabs-content-wrap > .wp-block-kadence-tab{border-top:1px solid #007a77;border-right:1px solid #007a77;border-bottom:1px solid #007a77;border-left:1px solid #007a77;}}<\/style>\n<div class=\"wp-block-kadence-tabs alignnone\"><div class=\"kt-tabs-wrap kt-tabs-id3653_4504e3-1e kt-tabs-has-2-tabs kt-active-tab-1 kt-tabs-layout-tabs kt-tabs-tablet-layout-inherit kt-tabs-mobile-layout-inherit kt-tab-alignment-left \"><ul class=\"kt-tabs-title-list\"><li id=\"tab-2026\" class=\"kt-title-item kt-title-item-1 kt-tabs-svg-show-always kt-tabs-icon-side-right kt-tab-title-active\"><a href=\"#tab-2026\" data-tab=\"1\" class=\"kt-tab-title kt-tab-title-1 \"><span class=\"kt-title-text\">2026<\/span><\/a><\/li><li id=\"tab-2025-2013\" class=\"kt-title-item kt-title-item-2 kt-tabs-svg-show-always kt-tabs-icon-side-right kt-tab-title-inactive\"><a href=\"#tab-2025-2013\" data-tab=\"2\" class=\"kt-tab-title kt-tab-title-2 \"><span class=\"kt-title-text\">2025-2013<\/span><\/a><\/li><\/ul><div class=\"kt-tabs-content-wrap\">\n<div class=\"wp-block-kadence-tab kt-tab-inner-content kt-inner-tab-1 kt-inner-tab3653_e5ca16-d4\"><div class=\"kt-tab-inner-content-inner\">\n<p class=\"has-text-align-center has-kb-palette-1-color has-text-color has-medium-font-size\"><strong><strong>A venir &#8230;<\/strong><\/strong><\/p>\n<\/div><\/div>\n\n\n\n<div class=\"wp-block-kadence-tab kt-tab-inner-content kt-inner-tab-2 kt-inner-tab3653_6c7197-6e\"><div class=\"kt-tab-inner-content-inner\">\n<p class=\"has-text-align-center has-kb-palette-1-color has-text-color has-medium-font-size\"><strong>Points affect\u00e9s \u00e0 chaque partie des sujets d&rsquo;\u00e9valuation<\/strong><\/p>\n\n\n\n<figure class=\"wp-block-table aligncenter is-style-stripes\"><table><thead><tr><th>Sujets<\/th><th class=\"has-text-align-center\" data-align=\"center\">G\u00e9n\u00e9tique<\/th><th class=\"has-text-align-center\" data-align=\"center\">Reproduction<\/th><th class=\"has-text-align-center\" data-align=\"center\">Alimentation<\/th><th class=\"has-text-align-center\" data-align=\"center\">Sant\u00e9<\/th><th class=\"has-text-align-center\" data-align=\"center\">Comportement<\/th><th>Divers<\/th><\/tr><\/thead><tbody><tr><td><a href=\"https:\/\/chlorofil.fr\/fileadmin\/user_upload\/sujets-examens\/2013\/2013-PRO34-NOR-ME.pdf\" data-type=\"link\" data-id=\"https:\/\/chlorofil.fr\/fileadmin\/user_upload\/sujets-examens\/2013\/2013-PRO34-NOR-ME.pdf\">2013-juin<\/a><\/td><td class=\"has-text-align-center\" data-align=\"center\"><\/td><td class=\"has-text-align-center\" data-align=\"center\"><\/td><td class=\"has-text-align-center\" data-align=\"center\"><\/td><td class=\"has-text-align-center\" data-align=\"center\">10<\/td><td class=\"has-text-align-center\" data-align=\"center\">10<\/td><td><\/td><\/tr><tr><td><a href=\"https:\/\/chlorofil.fr\/fileadmin\/user_upload\/sujets-examens\/2013\/2013-PRO34-RPL-ME.pdf\" data-type=\"link\" data-id=\"https:\/\/chlorofil.fr\/fileadmin\/user_upload\/sujets-examens\/2013\/2013-PRO34-RPL-ME.pdf\">2013-sept<\/a><\/td><td class=\"has-text-align-center\" data-align=\"center\">10<\/td><td class=\"has-text-align-center\" data-align=\"center\">10<\/td><td class=\"has-text-align-center\" data-align=\"center\"><\/td><td class=\"has-text-align-center\" data-align=\"center\"><\/td><td class=\"has-text-align-center\" data-align=\"center\"><\/td><td><\/td><\/tr><tr><td><a href=\"https:\/\/chlorofil.fr\/fileadmin\/user_upload\/sujets-examens\/2014\/2014-PRO34-NOR-ME.pdf\" data-type=\"link\" data-id=\"https:\/\/chlorofil.fr\/fileadmin\/user_upload\/sujets-examens\/2014\/2014-PRO34-NOR-ME.pdf\">2014-juin<\/a><\/td><td class=\"has-text-align-center\" data-align=\"center\">10<\/td><td class=\"has-text-align-center\" data-align=\"center\"><\/td><td class=\"has-text-align-center\" data-align=\"center\">10<\/td><td class=\"has-text-align-center\" data-align=\"center\"><\/td><td class=\"has-text-align-center\" data-align=\"center\"><\/td><td><\/td><\/tr><tr><td><a href=\"https:\/\/chlorofil.fr\/fileadmin\/user_upload\/sujets-examens\/2014\/2014-PRO34-RPL-ME.pdf\" data-type=\"link\" data-id=\"https:\/\/chlorofil.fr\/fileadmin\/user_upload\/sujets-examens\/2014\/2014-PRO34-RPL-ME.pdf\">2014-sept<\/a><\/td><td class=\"has-text-align-center\" data-align=\"center\">10<\/td><td class=\"has-text-align-center\" data-align=\"center\"><\/td><td class=\"has-text-align-center\" data-align=\"center\">10<\/td><td class=\"has-text-align-center\" data-align=\"center\"><\/td><td class=\"has-text-align-center\" data-align=\"center\"><\/td><td><\/td><\/tr><tr><td><a href=\"https:\/\/chlorofil.fr\/fileadmin\/user_upload\/sujets-examens\/2015\/2015-PRO34-NOR-ME.pdf\" data-type=\"link\" data-id=\"https:\/\/chlorofil.fr\/fileadmin\/user_upload\/sujets-examens\/2015\/2015-PRO34-NOR-ME.pdf\">2015<\/a><\/td><td class=\"has-text-align-center\" data-align=\"center\"><\/td><td class=\"has-text-align-center\" data-align=\"center\"><\/td><td class=\"has-text-align-center\" data-align=\"center\"><\/td><td class=\"has-text-align-center\" data-align=\"center\">10<\/td><td class=\"has-text-align-center\" data-align=\"center\">10<\/td><td><\/td><\/tr><tr><td><a href=\"https:\/\/chlorofil.fr\/fileadmin\/user_upload\/sujets-examens\/2016\/2016-PRO34-NOR-ME.pdf\" data-type=\"link\" data-id=\"https:\/\/chlorofil.fr\/fileadmin\/user_upload\/sujets-examens\/2016\/2016-PRO34-NOR-ME.pdf\">2016<\/a><\/td><td class=\"has-text-align-center\" data-align=\"center\">10<\/td><td class=\"has-text-align-center\" data-align=\"center\"><\/td><td class=\"has-text-align-center\" data-align=\"center\"><\/td><td class=\"has-text-align-center\" data-align=\"center\">10<\/td><td class=\"has-text-align-center\" data-align=\"center\"><\/td><td><\/td><\/tr><tr><td><a href=\"https:\/\/chlorofil.fr\/fileadmin\/user_upload\/sujets-examens\/2017\/2017-PRO34-NOR-ME.pdf\" data-type=\"link\" data-id=\"https:\/\/chlorofil.fr\/fileadmin\/user_upload\/sujets-examens\/2017\/2017-PRO34-NOR-ME.pdf\">2017-juin<\/a><\/td><td class=\"has-text-align-center\" data-align=\"center\"><\/td><td class=\"has-text-align-center\" data-align=\"center\">20<\/td><td class=\"has-text-align-center\" data-align=\"center\"><\/td><td class=\"has-text-align-center\" data-align=\"center\"><\/td><td class=\"has-text-align-center\" data-align=\"center\">20<\/td><td><\/td><\/tr><tr><td><a href=\"https:\/\/chlorofil.fr\/fileadmin\/user_upload\/sujets-examens\/2017\/2017-PRO34-RPL-ME.pdf\" data-type=\"link\" data-id=\"https:\/\/chlorofil.fr\/fileadmin\/user_upload\/sujets-examens\/2017\/2017-PRO34-RPL-ME.pdf\">2017-sept<\/a><\/td><td class=\"has-text-align-center\" data-align=\"center\">12<\/td><td class=\"has-text-align-center\" data-align=\"center\">8<\/td><td class=\"has-text-align-center\" data-align=\"center\"><\/td><td class=\"has-text-align-center\" data-align=\"center\"><\/td><td class=\"has-text-align-center\" data-align=\"center\"><\/td><td><\/td><\/tr><tr><td><a href=\"https:\/\/chlorofil.fr\/fileadmin\/user_upload\/sujets-examens\/2018\/2018-PRO34-NOR-ME.pdf\" data-type=\"link\" data-id=\"https:\/\/chlorofil.fr\/fileadmin\/user_upload\/sujets-examens\/2018\/2018-PRO34-NOR-ME.pdf\">2018<\/a><\/td><td class=\"has-text-align-center\" data-align=\"center\"><\/td><td class=\"has-text-align-center\" data-align=\"center\">10<\/td><td class=\"has-text-align-center\" data-align=\"center\">10<\/td><td class=\"has-text-align-center\" data-align=\"center\"><\/td><td class=\"has-text-align-center\" data-align=\"center\"><\/td><td><\/td><\/tr><tr><td><a href=\"https:\/\/chlorofil.fr\/fileadmin\/user_upload\/sujets-examens\/2019\/2019-PRO34-NOR-ME.pdf\" data-type=\"link\" data-id=\"https:\/\/chlorofil.fr\/fileadmin\/user_upload\/sujets-examens\/2019\/2019-PRO34-NOR-ME.pdf\">2019<\/a><\/td><td class=\"has-text-align-center\" data-align=\"center\"><\/td><td class=\"has-text-align-center\" data-align=\"center\">10<\/td><td class=\"has-text-align-center\" data-align=\"center\"><\/td><td class=\"has-text-align-center\" data-align=\"center\">10<\/td><td class=\"has-text-align-center\" data-align=\"center\"><\/td><td><\/td><\/tr><tr><td><a href=\"https:\/\/chlorofil.fr\/fileadmin\/user_upload\/sujets-examens\/2020\/2020-PRO34-NOR-ME.pdf\" data-type=\"link\" data-id=\"https:\/\/chlorofil.fr\/fileadmin\/user_upload\/sujets-examens\/2020\/2020-PRO34-NOR-ME.pdf\">2020<\/a><\/td><td class=\"has-text-align-center\" data-align=\"center\">10<\/td><td class=\"has-text-align-center\" data-align=\"center\"><\/td><td class=\"has-text-align-center\" data-align=\"center\"><\/td><td class=\"has-text-align-center\" data-align=\"center\"><\/td><td class=\"has-text-align-center\" data-align=\"center\"><\/td><td>10<\/td><\/tr><tr><td><a href=\"https:\/\/chlorofil.fr\/fileadmin\/user_upload\/sujets-examens\/2021\/2021-PRO34-NOR-ME.pdf\" data-type=\"link\" data-id=\"https:\/\/chlorofil.fr\/fileadmin\/user_upload\/sujets-examens\/2021\/2021-PRO34-NOR-ME.pdf\">2021<\/a><\/td><td class=\"has-text-align-center\" data-align=\"center\">10<\/td><td class=\"has-text-align-center\" data-align=\"center\"><\/td><td class=\"has-text-align-center\" data-align=\"center\"><\/td><td class=\"has-text-align-center\" data-align=\"center\">10<\/td><td class=\"has-text-align-center\" data-align=\"center\"><\/td><td><\/td><\/tr><tr><td><a href=\"https:\/\/chlorofil.fr\/fileadmin\/user_upload\/sujets-examens\/2022\/2022-PRO34-NOR-ME.pdf\" data-type=\"link\" data-id=\"https:\/\/chlorofil.fr\/fileadmin\/user_upload\/sujets-examens\/2022\/2022-PRO34-NOR-ME.pdf\">2022-juin<\/a><\/td><td class=\"has-text-align-center\" data-align=\"center\">10<\/td><td class=\"has-text-align-center\" data-align=\"center\"><\/td><td class=\"has-text-align-center\" data-align=\"center\"><\/td><td class=\"has-text-align-center\" data-align=\"center\"><\/td><td class=\"has-text-align-center\" data-align=\"center\"><\/td><td>10<\/td><\/tr><tr><td><a href=\"https:\/\/chlorofil.fr\/fileadmin\/user_upload\/sujets-examens\/2022\/2022-PRO34-RPL-ME.pdf\" data-type=\"link\" data-id=\"https:\/\/chlorofil.fr\/fileadmin\/user_upload\/sujets-examens\/2022\/2022-PRO34-RPL-ME.pdf\">2022-sept<\/a><\/td><td class=\"has-text-align-center\" data-align=\"center\"><\/td><td class=\"has-text-align-center\" data-align=\"center\"><\/td><td class=\"has-text-align-center\" data-align=\"center\">10<\/td><td class=\"has-text-align-center\" data-align=\"center\">10<\/td><td class=\"has-text-align-center\" data-align=\"center\"><\/td><td><\/td><\/tr><tr><td><a href=\"https:\/\/chlorofil.fr\/fileadmin\/user_upload\/sujets-examens\/2023\/2023-PRO34-NOR-ME.pdf\" data-type=\"link\" data-id=\"https:\/\/chlorofil.fr\/fileadmin\/user_upload\/sujets-examens\/2023\/2023-PRO34-NOR-ME.pdf\">2023-juin<\/a><\/td><td class=\"has-text-align-center\" data-align=\"center\">10<\/td><td class=\"has-text-align-center\" data-align=\"center\">10<\/td><td class=\"has-text-align-center\" data-align=\"center\"><\/td><td class=\"has-text-align-center\" data-align=\"center\"><\/td><td class=\"has-text-align-center\" data-align=\"center\"><\/td><td><\/td><\/tr><tr><td><a href=\"https:\/\/chlorofil.fr\/fileadmin\/user_upload\/sujets-examens\/2023\/2023-PRO34-RPL-ME.pdf\" data-type=\"link\" data-id=\"https:\/\/chlorofil.fr\/fileadmin\/user_upload\/sujets-examens\/2023\/2023-PRO34-RPL-ME.pdf\">2023-sept<\/a><\/td><td class=\"has-text-align-center\" data-align=\"center\">10<\/td><td class=\"has-text-align-center\" data-align=\"center\"><\/td><td class=\"has-text-align-center\" data-align=\"center\"><\/td><td class=\"has-text-align-center\" data-align=\"center\">10<\/td><td class=\"has-text-align-center\" data-align=\"center\"><\/td><td>10<\/td><\/tr><tr><td><a href=\"https:\/\/chlorofil.fr\/fileadmin\/user_upload\/sujets-examens\/2024\/2024-PRO34-NOR-ME.pdf\" data-type=\"link\" data-id=\"https:\/\/chlorofil.fr\/fileadmin\/user_upload\/sujets-examens\/2024\/2024-PRO34-NOR-ME.pdf\">2024<\/a><\/td><td class=\"has-text-align-center\" data-align=\"center\"><\/td><td class=\"has-text-align-center\" data-align=\"center\"><\/td><td class=\"has-text-align-center\" data-align=\"center\">10<\/td><td class=\"has-text-align-center\" data-align=\"center\">10<\/td><td class=\"has-text-align-center\" data-align=\"center\"><\/td><td><\/td><\/tr><tr><td><a href=\"https:\/\/chlorofil.fr\/fileadmin\/user_upload\/sujets-examens\/2025\/2025-PRO34-NOR-ME.pdf\" data-type=\"link\" data-id=\"https:\/\/chlorofil.fr\/fileadmin\/user_upload\/sujets-examens\/2025\/2025-PRO34-NOR-ME.pdf\">2025<\/a><\/td><td class=\"has-text-align-center\" data-align=\"center\"><\/td><td class=\"has-text-align-center\" data-align=\"center\"><\/td><td class=\"has-text-align-center\" data-align=\"center\"><\/td><td class=\"has-text-align-center\" data-align=\"center\"><\/td><td class=\"has-text-align-center\" data-align=\"center\"><\/td><td>8+12<\/td><\/tr><\/tbody><\/table><\/figure>\n\n\n\n<p class=\"has-text-align-center has-kb-palette-1-color has-text-color has-medium-font-size\"><\/p>\n\n\n\n<p class=\"has-text-align-center has-kb-palette-1-color has-text-color has-medium-font-size\"><\/p>\n<\/div><\/div>\n<\/div><\/div><\/div>\n\n\n\n<p class=\"has-medium-font-size\"><\/p>\n","protected":false},"excerpt":{"rendered":"<p>Tableau r\u00e9capitulatif des annales de bac professionnel Conduite d\u2019activit\u00e9s d\u2019\u00e9levage et d\u2019h\u00e9bergement dans le secteur canin-f\u00e9lin. Ce bac ayant \u00e9t\u00e9 [&hellip;]<\/p>\n","protected":false},"author":250,"featured_media":0,"parent":65,"menu_order":2,"comment_status":"closed","ping_status":"closed","template":"","meta":{"footnotes":""},"class_list":["post-3653","page","type-page","status-publish","hentry"],"_links":{"self":[{"href":"https:\/\/paz-a-pas.ensfea.fr\/index.php?rest_route=\/wp\/v2\/pages\/3653","targetHints":{"allow":["GET"]}}],"collection":[{"href":"https:\/\/paz-a-pas.ensfea.fr\/index.php?rest_route=\/wp\/v2\/pages"}],"about":[{"href":"https:\/\/paz-a-pas.ensfea.fr\/index.php?rest_route=\/wp\/v2\/types\/page"}],"author":[{"embeddable":true,"href":"https:\/\/paz-a-pas.ensfea.fr\/index.php?rest_route=\/wp\/v2\/users\/250"}],"replies":[{"embeddable":true,"href":"https:\/\/paz-a-pas.ensfea.fr\/index.php?rest_route=%2Fwp%2Fv2%2Fcomments&post=3653"}],"version-history":[{"count":2,"href":"https:\/\/paz-a-pas.ensfea.fr\/index.php?rest_route=\/wp\/v2\/pages\/3653\/revisions"}],"predecessor-version":[{"id":3669,"href":"https:\/\/paz-a-pas.ensfea.fr\/index.php?rest_route=\/wp\/v2\/pages\/3653\/revisions\/3669"}],"up":[{"embeddable":true,"href":"https:\/\/paz-a-pas.ensfea.fr\/index.php?rest_route=\/wp\/v2\/pages\/65"}],"wp:attachment":[{"href":"https:\/\/paz-a-pas.ensfea.fr\/index.php?rest_route=%2Fwp%2Fv2%2Fmedia&parent=3653"}],"curies":[{"name":"wp","href":"https:\/\/api.w.org\/{rel}","templated":true}]}}