{"id":3553,"date":"2026-02-02T16:08:31","date_gmt":"2026-02-02T15:08:31","guid":{"rendered":"https:\/\/paz-a-pas.ensfea.fr\/?page_id=3553"},"modified":"2026-02-03T16:39:49","modified_gmt":"2026-02-03T15:39:49","slug":"one-welfare-exemple-de-scenarios-prospectifs-pour-semparer-du-concept","status":"publish","type":"page","link":"https:\/\/paz-a-pas.ensfea.fr\/?page_id=3553","title":{"rendered":"One Welfare &#8211; exemple de sc\u00e9narios prospectifs pour s&#8217;emparer du concept"},"content":{"rendered":"\n<p><strong>Projet Entr\u2019Actes \u2013 Elevages et fili\u00e8res, Acteurs face aux enjeux soci\u00e9taux<\/strong><\/p>\n\n\n\n<p>Dans le cadre du projet Entr&rsquo;Actes, le groupe <em>formation initiale<\/em> a con\u00e7u, test\u00e9 et analyse des sc\u00e9narios p\u00e9dagogiques visant \u00e0 d\u00e9velopper une approche critique, \u00e9thique et\/ou prospective en lien avec les enjeux de l&rsquo;\u00e9levage. Ces sc\u00e9narios s&rsquo;ancrent dans la didactique des QSV (Questions Socialement Vives) pour s&#8217;emparer du concept de One Welfaire dans la formation de futurs professionnels de l&rsquo;\u00e9levage (baccalaur\u00e9ats agricoles, BTSA, ing\u00e9nieurs agronomes&#8230;)<\/p>\n\n\n\n<div class=\"wp-block-media-text is-stacked-on-mobile\" style=\"grid-template-columns:20% auto\"><figure class=\"wp-block-media-text__media\"><img decoding=\"async\" src=\"https:\/\/qsv.ensfea.fr\/wp-content\/uploads\/sites\/15\/2026\/02\/EntrACTES-logo-1024x613.jpg\" alt=\"\" class=\"wp-image-1212 size-full\" \/><\/figure><div class=\"wp-block-media-text__content\">\n<p>Le projet Entr\u2019Actes propose d\u2019analyser les impacts des controverses autour de l\u2019\u00e9levage sur les pratiques des acteurs des fili\u00e8res et de la formation. Pour plus d\u2019informations sur le projet : <a href=\"https:\/\/idele.fr\/projet-EntrACTES\/\">cliquez ici<\/a><\/p>\n<\/div><\/div>\n\n\n\n<p><\/p>\n\n\n\n<p>Nous vous invitons \u00e0 d\u00e9couvrir ces sc\u00e9narios p\u00e9dagogiques pour l\u2019\u00e9levage de demain :<\/p>\n\n\n\n<div data-wp-interactive=\"core\/file\" class=\"wp-block-file\"><object data-wp-bind--hidden=\"!state.hasPdfPreview\" hidden class=\"wp-block-file__embed\" data=\"https:\/\/paz-a-pas.ensfea.fr\/wp-content\/uploads\/sites\/6\/2026\/02\/Livret-formation-initiale_Projet-EntrActes_03_02_26-1.pdf\" type=\"application\/pdf\" style=\"width:100%;height:600px\" aria-label=\"Contenu embarqu\u00e9 Livret formation initiale_Projet EntrActes_03_02_26.\"><\/object><a id=\"wp-block-file--media-19e2e357-8172-44bc-a3a1-7a03511edd48\" href=\"https:\/\/paz-a-pas.ensfea.fr\/wp-content\/uploads\/sites\/6\/2026\/02\/Livret-formation-initiale_Projet-EntrActes_03_02_26-1.pdf\">Livret formation initiale_Projet EntrActes_03_02_26<\/a><a href=\"https:\/\/paz-a-pas.ensfea.fr\/wp-content\/uploads\/sites\/6\/2026\/02\/Livret-formation-initiale_Projet-EntrActes_03_02_26-1.pdf\" class=\"wp-block-file__button wp-element-button\" download aria-describedby=\"wp-block-file--media-19e2e357-8172-44bc-a3a1-7a03511edd48\">T\u00e9l\u00e9charger<\/a><\/div>\n","protected":false},"excerpt":{"rendered":"<p>Projet Entr\u2019Actes \u2013 Elevages et fili\u00e8res, Acteurs face aux enjeux soci\u00e9taux Dans le cadre du projet Entr&rsquo;Actes, le groupe formation [&hellip;]<\/p>\n","protected":false},"author":250,"featured_media":0,"parent":1499,"menu_order":1,"comment_status":"closed","ping_status":"closed","template":"","meta":{"footnotes":""},"class_list":["post-3553","page","type-page","status-publish","hentry"],"_links":{"self":[{"href":"https:\/\/paz-a-pas.ensfea.fr\/index.php?rest_route=\/wp\/v2\/pages\/3553","targetHints":{"allow":["GET"]}}],"collection":[{"href":"https:\/\/paz-a-pas.ensfea.fr\/index.php?rest_route=\/wp\/v2\/pages"}],"about":[{"href":"https:\/\/paz-a-pas.ensfea.fr\/index.php?rest_route=\/wp\/v2\/types\/page"}],"author":[{"embeddable":true,"href":"https:\/\/paz-a-pas.ensfea.fr\/index.php?rest_route=\/wp\/v2\/users\/250"}],"replies":[{"embeddable":true,"href":"https:\/\/paz-a-pas.ensfea.fr\/index.php?rest_route=%2Fwp%2Fv2%2Fcomments&post=3553"}],"version-history":[{"count":4,"href":"https:\/\/paz-a-pas.ensfea.fr\/index.php?rest_route=\/wp\/v2\/pages\/3553\/revisions"}],"predecessor-version":[{"id":3576,"href":"https:\/\/paz-a-pas.ensfea.fr\/index.php?rest_route=\/wp\/v2\/pages\/3553\/revisions\/3576"}],"up":[{"embeddable":true,"href":"https:\/\/paz-a-pas.ensfea.fr\/index.php?rest_route=\/wp\/v2\/pages\/1499"}],"wp:attachment":[{"href":"https:\/\/paz-a-pas.ensfea.fr\/index.php?rest_route=%2Fwp%2Fv2%2Fmedia&parent=3553"}],"curies":[{"name":"wp","href":"https:\/\/api.w.org\/{rel}","templated":true}]}}