{"id":3344,"date":"2021-02-26T11:12:06","date_gmt":"2021-02-26T10:12:06","guid":{"rendered":"https:\/\/paz-a-pas.ensfea.fr\/?page_id=3344"},"modified":"2022-08-21T14:16:23","modified_gmt":"2022-08-21T13:16:23","slug":"systali-2018-quelles-questions-pour-lenseignement","status":"publish","type":"page","link":"https:\/\/paz-a-pas.ensfea.fr\/?page_id=3344","title":{"rendered":"Normes INRAE 2018 : quelles questions pour l&rsquo;enseignement ?"},"content":{"rendered":"\n\n<style>#kt-layout-id_622062-df > .kt-row-column-wrap{align-content:start;}:where(#kt-layout-id_622062-df > .kt-row-column-wrap) > .wp-block-kadence-column{justify-content:start;}#kt-layout-id_622062-df > .kt-row-column-wrap{column-gap:var(--global-kb-gap-md, 2rem);row-gap:var(--global-kb-gap-md, 2rem);padding-top:var( --global-kb-row-default-top, 25px );padding-bottom:var( --global-kb-row-default-bottom, 25px );padding-top:var(--global-kb-spacing-sm, 1.5rem);padding-bottom:var(--global-kb-spacing-sm, 1.5rem);grid-template-columns:minmax(0, 1fr) minmax(0, 2fr);}#kt-layout-id_622062-df > .kt-row-layout-overlay{opacity:0.30;}@media all and (max-width: 1024px){#kt-layout-id_622062-df > .kt-row-column-wrap{grid-template-columns:minmax(0, 1fr) minmax(0, 2fr);}}@media all and (max-width: 767px){#kt-layout-id_622062-df > .kt-row-column-wrap{grid-template-columns:minmax(0, 1fr);}}<\/style>\n<div class=\"wp-block-kadence-rowlayout alignnone\"><div id=\"kt-layout-id_622062-df\" class=\"kt-row-layout-inner kt-layout-id_622062-df\"><div class=\"kt-row-column-wrap kt-has-2-columns kt-gutter-default kt-v-gutter-default kt-row-valign-top kt-row-layout-right-golden kt-tab-layout-inherit kt-m-colapse-left-to-right kt-mobile-layout-row\"><style>.kadence-column_821ad7-f6 > .kt-inside-inner-col{border-top-width:0px;border-right-width:0px;border-bottom-width:0px;border-left-width:0px;}.kadence-column_821ad7-f6 > .kt-inside-inner-col,.kadence-column_821ad7-f6 > .kt-inside-inner-col:before{border-top-left-radius:0px;border-top-right-radius:0px;border-bottom-right-radius:0px;border-bottom-left-radius:0px;}.kadence-column_821ad7-f6 > .kt-inside-inner-col{column-gap:var(--global-kb-gap-sm, 1rem);}.kadence-column_821ad7-f6 > .kt-inside-inner-col{flex-direction:column;}.kadence-column_821ad7-f6 > .kt-inside-inner-col > .aligncenter{width:100%;}.kadence-column_821ad7-f6 > .kt-inside-inner-col:before{opacity:0.3;}.kadence-column_821ad7-f6{position:relative;}@media all and (max-width: 1024px){.kadence-column_821ad7-f6 > .kt-inside-inner-col{flex-direction:column;justify-content:center;}}@media all and (max-width: 767px){.kadence-column_821ad7-f6 > .kt-inside-inner-col{flex-direction:column;justify-content:center;}}<\/style>\n<div class=\"wp-block-kadence-column inner-column-1 kadence-column_821ad7-f6\"><div class=\"kt-inside-inner-col\">\n<p>Le GAP zootechnie a travaill\u00e9 de 2020 \u00e0 2022 sur l&rsquo;introduction dans l&rsquo;enseignement de la r\u00e9novation des normes INRAE 2018 pour le syst\u00e8me d&rsquo;alimentation des ruminants (appel\u00e9e commun\u00e9ment Systali). Nous remercions vivement Yvelyse Mathieu, nutritionniste chez Seenovia pour le partenariat conduit.<\/p>\n\n\n\n<p>L&rsquo;enseignant.e-formateur.trice de zootechnie a en charge l&rsquo;enseignement du syst\u00e8me d&rsquo;alimentation et de sa conduite. Les normes INRA 2018 concernent plus sp\u00e9cifiquement le domaine du rationnement. Les ressources pr\u00e9sent\u00e9es ici concernent donc la th\u00e9matique du rationnement et n&rsquo;abordent pas les nombreuses autres th\u00e9matiques importantes li\u00e9es \u00e0 l&rsquo;alimentation .<\/p>\n<\/div><\/div>\n\n\n<style>.kadence-column_ecba01-5a > .kt-inside-inner-col{border-top-width:0px;border-right-width:0px;border-bottom-width:0px;border-left-width:0px;}.kadence-column_ecba01-5a > .kt-inside-inner-col,.kadence-column_ecba01-5a > .kt-inside-inner-col:before{border-top-left-radius:0px;border-top-right-radius:0px;border-bottom-right-radius:0px;border-bottom-left-radius:0px;}.kadence-column_ecba01-5a > .kt-inside-inner-col{column-gap:var(--global-kb-gap-sm, 1rem);}.kadence-column_ecba01-5a > .kt-inside-inner-col{flex-direction:column;}.kadence-column_ecba01-5a > .kt-inside-inner-col > .aligncenter{width:100%;}.kadence-column_ecba01-5a > .kt-inside-inner-col:before{opacity:0.3;}.kadence-column_ecba01-5a{position:relative;}@media all and (max-width: 1024px){.kadence-column_ecba01-5a > .kt-inside-inner-col{flex-direction:column;justify-content:center;}}@media all and (max-width: 767px){.kadence-column_ecba01-5a > .kt-inside-inner-col{flex-direction:column;justify-content:center;}}<\/style>\n<div class=\"wp-block-kadence-column inner-column-2 kadence-column_ecba01-5a\"><div class=\"kt-inside-inner-col\">\n[iframe frameborder=\u00a0\u00bb0&Prime; width: 100%; height: 450;\u00a0\u00bb src=\u00a0\u00bbhttps:\/\/view.genial.ly\/6037ac40bad8280d903fed0a\u00a0\u00bb type=\u00a0\u00bbtext\/html\u00a0\u00bb allowscriptaccess=\u00a0\u00bbalways\u00a0\u00bb allowfullscreen=\u00a0\u00bbtrue\u00a0\u00bb scrolling=\u00a0\u00bbyes\u00a0\u00bb allownetworking=\u00a0\u00bball\u00a0\u00bb&gt;&lt;\/iframe]\n<\/div><\/div>\n<\/div><\/div><\/div>\n\n\n\n<p>Nous vous invitons maintenant \u00e0 d\u00e9couvrir les ressources produites. <\/p>\n\n\n\n<p>Bonne visite !<\/p>\n\n\n\n[iframe frameborder=\u00a0\u00bb0&Prime; width: 100%; height: 500%;\u00a0\u00bb src=\u00a0\u00bbhttps:\/\/view.genial.ly\/6038ca3389e2230d8badacf0&Prime; type=\u00a0\u00bbtext\/html\u00a0\u00bb allowscriptaccess=\u00a0\u00bbalways\u00a0\u00bb allowfullscreen=\u00a0\u00bbtrue\u00a0\u00bb scrolling=\u00a0\u00bbyes\u00a0\u00bb allownetworking=\u00a0\u00bball\u00a0\u00bb&gt;&lt;\/iframe]\n","protected":false},"excerpt":{"rendered":"<p>Le GAP zootechnie a travaill\u00e9 de 2020 \u00e0 2022 sur l&rsquo;introduction dans l&rsquo;enseignement de la r\u00e9novation des normes INRAE 2018 [&hellip;]<\/p>\n","protected":false},"author":49,"featured_media":0,"parent":2095,"menu_order":1,"comment_status":"closed","ping_status":"closed","template":"","meta":{"footnotes":""},"class_list":["post-3344","page","type-page","status-publish","hentry"],"_links":{"self":[{"href":"https:\/\/paz-a-pas.ensfea.fr\/index.php?rest_route=\/wp\/v2\/pages\/3344","targetHints":{"allow":["GET"]}}],"collection":[{"href":"https:\/\/paz-a-pas.ensfea.fr\/index.php?rest_route=\/wp\/v2\/pages"}],"about":[{"href":"https:\/\/paz-a-pas.ensfea.fr\/index.php?rest_route=\/wp\/v2\/types\/page"}],"author":[{"embeddable":true,"href":"https:\/\/paz-a-pas.ensfea.fr\/index.php?rest_route=\/wp\/v2\/users\/49"}],"replies":[{"embeddable":true,"href":"https:\/\/paz-a-pas.ensfea.fr\/index.php?rest_route=%2Fwp%2Fv2%2Fcomments&post=3344"}],"version-history":[{"count":11,"href":"https:\/\/paz-a-pas.ensfea.fr\/index.php?rest_route=\/wp\/v2\/pages\/3344\/revisions"}],"predecessor-version":[{"id":3475,"href":"https:\/\/paz-a-pas.ensfea.fr\/index.php?rest_route=\/wp\/v2\/pages\/3344\/revisions\/3475"}],"up":[{"embeddable":true,"href":"https:\/\/paz-a-pas.ensfea.fr\/index.php?rest_route=\/wp\/v2\/pages\/2095"}],"wp:attachment":[{"href":"https:\/\/paz-a-pas.ensfea.fr\/index.php?rest_route=%2Fwp%2Fv2%2Fmedia&parent=3344"}],"curies":[{"name":"wp","href":"https:\/\/api.w.org\/{rel}","templated":true}]}}