{"id":306,"date":"2014-06-25T12:18:43","date_gmt":"2014-06-25T11:18:43","guid":{"rendered":"http:\/\/paz-a-pas.ensfea.fr\/?page_id=306"},"modified":"2020-09-02T15:37:53","modified_gmt":"2020-09-02T14:37:53","slug":"bibliographie-pour-les-filieres-canine-et-feline","status":"publish","type":"page","link":"https:\/\/paz-a-pas.ensfea.fr\/?page_id=306","title":{"rendered":"Bibliographie canins-f\u00e9lins"},"content":{"rendered":"\n<p class=\"has-text-align-center has-kb-palette-1-color has-text-color has-medium-font-size\"><strong>Liste indicative des ouvrages de r\u00e9f\u00e9rences dans les fili\u00e8res canine et f\u00e9line<\/strong><\/p>\n\n\n<style>#kt-layout-id_112caa-9d > .kt-row-column-wrap{align-content:start;}:where(#kt-layout-id_112caa-9d > .kt-row-column-wrap) > .wp-block-kadence-column{justify-content:start;}#kt-layout-id_112caa-9d > .kt-row-column-wrap{column-gap:var(--global-kb-gap-md, 2rem);row-gap:var(--global-kb-gap-md, 2rem);padding-top:var( --global-kb-row-default-top, 25px );padding-bottom:var( --global-kb-row-default-bottom, 25px );padding-top:var(--global-kb-spacing-sm, 1.5rem);padding-bottom:var(--global-kb-spacing-sm, 1.5rem);grid-template-columns:minmax(0, calc(60% - ((var(--global-kb-gap-md, 2rem) * 1 )\/2)))minmax(0, calc(40% - ((var(--global-kb-gap-md, 2rem) * 1 )\/2)));}#kt-layout-id_112caa-9d > .kt-row-layout-overlay{opacity:0.30;}@media all and (max-width: 1024px){#kt-layout-id_112caa-9d > .kt-row-column-wrap{grid-template-columns:repeat(2, minmax(0, 1fr));}}@media all and (max-width: 767px){#kt-layout-id_112caa-9d > .kt-row-column-wrap{grid-template-columns:minmax(0, 1fr);}}<\/style>\n<div class=\"wp-block-kadence-rowlayout alignnone\"><div id=\"kt-layout-id_112caa-9d\" class=\"kt-row-layout-inner kt-layout-id_112caa-9d\"><div class=\"kt-row-column-wrap kt-has-2-columns kt-gutter-default kt-v-gutter-default kt-row-valign-top kt-row-layout-equal kt-tab-layout-inherit kt-m-colapse-left-to-right kt-mobile-layout-row  kt-custom-first-width-60  kt-custom-second-width-40\"><style>.kadence-column_f72813-d2 > .kt-inside-inner-col{border-color:#313131;border-top-width:1px;border-right-width:1px;border-bottom-width:1px;border-left-width:1px;}.kadence-column_f72813-d2 > .kt-inside-inner-col,.kadence-column_f72813-d2 > .kt-inside-inner-col:before{border-top-left-radius:10px;border-top-right-radius:10px;border-bottom-right-radius:10px;border-bottom-left-radius:10px;}.kadence-column_f72813-d2 > .kt-inside-inner-col{column-gap:var(--global-kb-gap-sm, 1rem);}.kadence-column_f72813-d2 > .kt-inside-inner-col{flex-direction:column;}.kadence-column_f72813-d2 > .kt-inside-inner-col > .aligncenter{width:100%;}.kadence-column_f72813-d2 > .kt-inside-inner-col:before{opacity:0.3;}.kadence-column_f72813-d2{position:relative;}@media all and (max-width: 1024px){.kadence-column_f72813-d2 > .kt-inside-inner-col{flex-direction:column;justify-content:center;}}@media all and (max-width: 767px){.kadence-column_f72813-d2 > .kt-inside-inner-col{flex-direction:column;justify-content:center;}}<\/style>\n<div class=\"wp-block-kadence-column inner-column-1 kadence-column_f72813-d2\"><div class=\"kt-inside-inner-col\"><style>.kt-accordion-id_1f4c22-8a .kt-accordion-inner-wrap{column-gap:var(--global-kb-gap-md, 2rem);row-gap:0px;}.kt-accordion-id_1f4c22-8a .kt-accordion-panel-inner{border-top-width:0px;border-right-width:0px;border-bottom-width:0px;border-left-width:0px;padding-top:var(--global-kb-spacing-sm, 1.5rem);padding-right:var(--global-kb-spacing-sm, 1.5rem);padding-bottom:var(--global-kb-spacing-sm, 1.5rem);padding-left:var(--global-kb-spacing-sm, 1.5rem);}.kt-accordion-id_1f4c22-8a > .kt-accordion-inner-wrap > .wp-block-kadence-pane > .kt-accordion-header-wrap > .kt-blocks-accordion-header{border-top-color:#555555;border-right-color:#555555;border-bottom-color:#555555;border-left-color:#555555;border-top-width:0px;border-right-width:0px;border-bottom-width:0px;border-left-width:0px;border-top-left-radius:12px;border-top-right-radius:12px;border-bottom-right-radius:12px;border-bottom-left-radius:12px;background:#eeeeee;font-size:1.4em;line-height:31px;color:#007a77;padding-top:10px;padding-right:14px;padding-bottom:10px;padding-left:14px;}.kt-accordion-id_1f4c22-8a:not( .kt-accodion-icon-style-basiccircle ):not( .kt-accodion-icon-style-xclosecircle ):not( .kt-accodion-icon-style-arrowcircle )  > .kt-accordion-inner-wrap > .wp-block-kadence-pane > .kt-accordion-header-wrap .kt-blocks-accordion-icon-trigger:after, .kt-accordion-id_1f4c22-8a:not( .kt-accodion-icon-style-basiccircle ):not( .kt-accodion-icon-style-xclosecircle ):not( .kt-accodion-icon-style-arrowcircle )  > .kt-accordion-inner-wrap > .wp-block-kadence-pane > .kt-accordion-header-wrap .kt-blocks-accordion-icon-trigger:before{background:#007a77;}.kt-accordion-id_1f4c22-8a:not( .kt-accodion-icon-style-basic ):not( .kt-accodion-icon-style-xclose ):not( .kt-accodion-icon-style-arrow ) .kt-blocks-accordion-icon-trigger{background:#007a77;}.kt-accordion-id_1f4c22-8a:not( .kt-accodion-icon-style-basic ):not( .kt-accodion-icon-style-xclose ):not( .kt-accodion-icon-style-arrow ) .kt-blocks-accordion-icon-trigger:after, .kt-accordion-id_1f4c22-8a:not( .kt-accodion-icon-style-basic ):not( .kt-accodion-icon-style-xclose ):not( .kt-accodion-icon-style-arrow ) .kt-blocks-accordion-icon-trigger:before{background:#eeeeee;}.kt-accordion-id_1f4c22-8a > .kt-accordion-inner-wrap > .wp-block-kadence-pane > .kt-accordion-header-wrap > .kt-blocks-accordion-header:hover, \n\t\t\t\tbody:not(.hide-focus-outline) .kt-accordion-id_1f4c22-8a .kt-blocks-accordion-header:focus-visible{color:#444444;background:#e9e9e9;border-top-color:#eeeeee;border-right-color:#eeeeee;border-bottom-color:#eeeeee;border-left-color:#eeeeee;}.kt-accordion-id_1f4c22-8a:not( .kt-accodion-icon-style-basiccircle ):not( .kt-accodion-icon-style-xclosecircle ):not( .kt-accodion-icon-style-arrowcircle ) .kt-accordion-header-wrap .kt-blocks-accordion-header:hover .kt-blocks-accordion-icon-trigger:after, .kt-accordion-id_1f4c22-8a:not( .kt-accodion-icon-style-basiccircle ):not( .kt-accodion-icon-style-xclosecircle ):not( .kt-accodion-icon-style-arrowcircle ) .kt-accordion-header-wrap .kt-blocks-accordion-header:hover .kt-blocks-accordion-icon-trigger:before, body:not(.hide-focus-outline) .kt-accordion-id_1f4c22-8a:not( .kt-accodion-icon-style-basiccircle ):not( .kt-accodion-icon-style-xclosecircle ):not( .kt-accodion-icon-style-arrowcircle ) .kt-blocks-accordion--visible .kt-blocks-accordion-icon-trigger:after, body:not(.hide-focus-outline) .kt-accordion-id_1f4c22-8a:not( .kt-accodion-icon-style-basiccircle ):not( .kt-accodion-icon-style-xclosecircle ):not( .kt-accodion-icon-style-arrowcircle ) .kt-blocks-accordion-header:focus-visible .kt-blocks-accordion-icon-trigger:before{background:#444444;}.kt-accordion-id_1f4c22-8a:not( .kt-accodion-icon-style-basic ):not( .kt-accodion-icon-style-xclose ):not( .kt-accodion-icon-style-arrow ) .kt-accordion-header-wrap .kt-blocks-accordion-header:hover .kt-blocks-accordion-icon-trigger, body:not(.hide-focus-outline) .kt-accordion-id_1f4c22-8a:not( .kt-accodion-icon-style-basic ):not( .kt-accodion-icon-style-xclose ):not( .kt-accodion-icon-style-arrow ) .kt-accordion-header-wrap .kt-blocks-accordion-header:focus-visible .kt-blocks-accordion-icon-trigger{background:#444444;}.kt-accordion-id_1f4c22-8a:not( .kt-accodion-icon-style-basic ):not( .kt-accodion-icon-style-xclose ):not( .kt-accodion-icon-style-arrow ) .kt-accordion-header-wrap .kt-blocks-accordion-header:hover .kt-blocks-accordion-icon-trigger:after, .kt-accordion-id_1f4c22-8a:not( .kt-accodion-icon-style-basic ):not( .kt-accodion-icon-style-xclose ):not( .kt-accodion-icon-style-arrow ) .kt-accordion-header-wrap .kt-blocks-accordion-header:hover .kt-blocks-accordion-icon-trigger:before, body:not(.hide-focus-outline) .kt-accordion-id_1f4c22-8a:not( .kt-accodion-icon-style-basic ):not( .kt-accodion-icon-style-xclose ):not( .kt-accodion-icon-style-arrow ) .kt-accordion-header-wrap .kt-blocks-accordion-header:focus-visible .kt-blocks-accordion-icon-trigger:after, body:not(.hide-focus-outline) .kt-accordion-id_1f4c22-8a:not( .kt-accodion-icon-style-basic ):not( .kt-accodion-icon-style-xclose ):not( .kt-accodion-icon-style-arrow ) .kt-accordion-header-wrap .kt-blocks-accordion-header:focus-visible .kt-blocks-accordion-icon-trigger:before{background:#e9e9e9;}.kt-accordion-id_1f4c22-8a .kt-accordion-header-wrap .kt-blocks-accordion-header:focus-visible,\n\t\t\t\t.kt-accordion-id_1f4c22-8a > .kt-accordion-inner-wrap > .wp-block-kadence-pane > .kt-accordion-header-wrap > .kt-blocks-accordion-header.kt-accordion-panel-active{color:#ffffff;background:#007a77;border-top-color:#444444;border-right-color:#444444;border-bottom-color:#444444;border-left-color:#444444;}.kt-accordion-id_1f4c22-8a:not( .kt-accodion-icon-style-basiccircle ):not( .kt-accodion-icon-style-xclosecircle ):not( .kt-accodion-icon-style-arrowcircle )  > .kt-accordion-inner-wrap > .wp-block-kadence-pane > .kt-accordion-header-wrap > .kt-blocks-accordion-header.kt-accordion-panel-active .kt-blocks-accordion-icon-trigger:after, .kt-accordion-id_1f4c22-8a:not( .kt-accodion-icon-style-basiccircle ):not( .kt-accodion-icon-style-xclosecircle ):not( .kt-accodion-icon-style-arrowcircle )  > .kt-accordion-inner-wrap > .wp-block-kadence-pane > .kt-accordion-header-wrap > .kt-blocks-accordion-header.kt-accordion-panel-active .kt-blocks-accordion-icon-trigger:before{background:#ffffff;}.kt-accordion-id_1f4c22-8a:not( .kt-accodion-icon-style-basic ):not( .kt-accodion-icon-style-xclose ):not( .kt-accodion-icon-style-arrow ) .kt-blocks-accordion-header.kt-accordion-panel-active .kt-blocks-accordion-icon-trigger{background:#ffffff;}.kt-accordion-id_1f4c22-8a:not( .kt-accodion-icon-style-basic ):not( .kt-accodion-icon-style-xclose ):not( .kt-accodion-icon-style-arrow ) .kt-blocks-accordion-header.kt-accordion-panel-active .kt-blocks-accordion-icon-trigger:after, .kt-accordion-id_1f4c22-8a:not( .kt-accodion-icon-style-basic ):not( .kt-accodion-icon-style-xclose ):not( .kt-accodion-icon-style-arrow ) .kt-blocks-accordion-header.kt-accordion-panel-active .kt-blocks-accordion-icon-trigger:before{background:#007a77;}@media all and (max-width: 767px){.kt-accordion-id_1f4c22-8a .kt-accordion-inner-wrap{display:block;}.kt-accordion-id_1f4c22-8a .kt-accordion-inner-wrap .kt-accordion-pane:not(:first-child){margin-top:0px;}}<\/style>\n<div class=\"wp-block-kadence-accordion alignnone\"><div class=\"kt-accordion-wrap kt-accordion-wrap kt-accordion-id_1f4c22-8a kt-accordion-has-2-panes kt-active-pane-0 kt-accordion-block kt-pane-header-alignment-left kt-accodion-icon-style-basic kt-accodion-icon-side-right\" style=\"max-width:none\"><div class=\"kt-accordion-inner-wrap\" data-allow-multiple-open=\"false\" data-start-open=\"none\">\n<div class=\"wp-block-kadence-pane kt-accordion-pane kt-accordion-pane-1 kt-pane_f37c85-e7\"><div class=\"kt-accordion-header-wrap\"><button class=\"kt-blocks-accordion-header kt-acccordion-button-label-show\"><span class=\"kt-blocks-accordion-title-wrap\"><span class=\"kt-blocks-accordion-title\">Secteur canin<\/span><\/span><span class=\"kt-blocks-accordion-icon-trigger\"><\/span><\/button><\/div><div class=\"kt-accordion-panel kt-accordion-panel-hidden\"><div class=\"kt-accordion-panel-inner\"><style>.wp-block-kadence-iconlist.kt-svg-icon-list-items_536364-9c:not(.this-stops-third-party-issues){margin-top:0px;margin-bottom:0px;}.wp-block-kadence-iconlist.kt-svg-icon-list-items_536364-9c ul.kt-svg-icon-list:not(.this-prevents-issues):not(.this-stops-third-party-issues):not(.tijsloc){margin-top:0px;margin-right:0px;margin-bottom:var(--global-kb-spacing-sm, 1.5rem);margin-left:0px;}.wp-block-kadence-iconlist.kt-svg-icon-list-items_536364-9c ul.kt-svg-icon-list{grid-row-gap:10px;}.wp-block-kadence-iconlist.kt-svg-icon-list-items_536364-9c ul.kt-svg-icon-list .kt-svg-icon-list-item-wrap .kt-svg-icon-list-single{margin-right:10px;}.kt-svg-icon-list-items_536364-9c ul.kt-svg-icon-list .kt-svg-icon-list-item-wrap, .kt-svg-icon-list-items_536364-9c ul.kt-svg-icon-list .kt-svg-icon-list-item-wrap a{font-size:1.1em;}.kt-svg-icon-list-items_536364-9c ul.kt-svg-icon-list .kt-svg-icon-list-level-0 .kt-svg-icon-list-single svg{font-size:20px;}.kt-svg-icon-list-items_536364-9c ul.kt-svg-icon-list .kt-svg-icon-list-level-1 .kt-svg-icon-list-single svg{font-size:20px;}.kt-svg-icon-list-items_536364-9c ul.kt-svg-icon-list .kt-svg-icon-list-level-2 .kt-svg-icon-list-single svg{font-size:20px;}.kt-svg-icon-list-items_536364-9c ul.kt-svg-icon-list .kt-svg-icon-list-level-3 .kt-svg-icon-list-single svg{font-size:20px;}.kt-svg-icon-list-items_536364-9c ul.kt-svg-icon-list .kt-svg-icon-list-level-4 .kt-svg-icon-list-single svg{font-size:20px;}.kt-svg-icon-list-items_536364-9c ul.kt-svg-icon-list .kt-svg-icon-list-level-5 .kt-svg-icon-list-single svg{font-size:20px;}.kt-svg-icon-list-items_536364-9c ul.kt-svg-icon-list .kt-svg-icon-list-level-6 .kt-svg-icon-list-single svg{font-size:20px;}<\/style>\n<div class=\"wp-block-kadence-iconlist kt-svg-icon-list-items kt-svg-icon-list-items_536364-9c kt-svg-icon-list-columns-1 alignnone\"><ul class=\"kt-svg-icon-list\"><li class=\"kt-svg-icon-list-style-default kt-svg-icon-list-item-wrap kt-svg-icon-list-item-0\"><div style=\"display:inline-flex;justify-content:center;align-items:center;color:#007a77\" class=\"kt-svg-icon-list-single kt-svg-icon-list-single-fe_checkCircle\"><svg style=\"display:inline-block;vertical-align:middle\" viewbox=\"0 0 24 24\" height=\"20\" width=\"20\" fill=\"none\" stroke=\"currentColor\" xmlns=\"http:\/\/www.w3.org\/2000\/svg\" stroke-width=\"2\" stroke-linecap=\"round\" stroke-linejoin=\"round\"><path d=\"M22 11.08V12a10 10 0 1 1-5.93-9.14\"><\/path><polyline points=\"22 4 12 14.01 9 11.01\"><\/polyline><\/svg><\/div><span class=\"kt-svg-icon-list-text\">Editions Royal Canin<\/span><\/li><li class=\"kt-svg-icon-list-style-default kt-svg-icon-list-item-wrap kt-svg-icon-list-item-1\"><div style=\"display:inline-flex;justify-content:center;align-items:center;color:#007a77\" class=\"kt-svg-icon-list-single kt-svg-icon-list-single-fe_checkCircle\"><svg style=\"display:inline-block;vertical-align:middle\" viewbox=\"0 0 24 24\" height=\"20\" width=\"20\" fill=\"none\" stroke=\"currentColor\" xmlns=\"http:\/\/www.w3.org\/2000\/svg\" stroke-width=\"2\" stroke-linecap=\"round\" stroke-linejoin=\"round\"><path d=\"M22 11.08V12a10 10 0 1 1-5.93-9.14\"><\/path><polyline points=\"22 4 12 14.01 9 11.01\"><\/polyline><\/svg><\/div><span class=\"kt-svg-icon-list-text\">Trait\u00e9 Rustica du chien. Rustica Editions<\/span><\/li><li class=\"kt-svg-icon-list-style-default kt-svg-icon-list-item-wrap kt-svg-icon-list-item-2\"><div style=\"display:inline-flex;justify-content:center;align-items:center;color:#007a77\" class=\"kt-svg-icon-list-single kt-svg-icon-list-single-fe_checkCircle\"><svg style=\"display:inline-block;vertical-align:middle\" viewbox=\"0 0 24 24\" height=\"20\" width=\"20\" fill=\"none\" stroke=\"currentColor\" xmlns=\"http:\/\/www.w3.org\/2000\/svg\" stroke-width=\"2\" stroke-linecap=\"round\" stroke-linejoin=\"round\"><path d=\"M22 11.08V12a10 10 0 1 1-5.93-9.14\"><\/path><polyline points=\"22 4 12 14.01 9 11.01\"><\/polyline><\/svg><\/div><span class=\"kt-svg-icon-list-text\">Guide pratique de l&rsquo;\u00e9levage canin. Editions Royal Canin<\/span><\/li><li class=\"kt-svg-icon-list-style-default kt-svg-icon-list-item-wrap kt-svg-icon-list-item-3\"><div style=\"display:inline-flex;justify-content:center;align-items:center;color:#007a77\" class=\"kt-svg-icon-list-single kt-svg-icon-list-single-fe_checkCircle\"><svg style=\"display:inline-block;vertical-align:middle\" viewbox=\"0 0 24 24\" height=\"20\" width=\"20\" fill=\"none\" stroke=\"currentColor\" xmlns=\"http:\/\/www.w3.org\/2000\/svg\" stroke-width=\"2\" stroke-linecap=\"round\" stroke-linejoin=\"round\"><path d=\"M22 11.08V12a10 10 0 1 1-5.93-9.14\"><\/path><polyline points=\"22 4 12 14.01 9 11.01\"><\/polyline><\/svg><\/div><span class=\"kt-svg-icon-list-text\">Faire reproduire son chien ou sa chienne. Fontbonne Alzin \/ Editions Maradi<\/span><\/li><li class=\"kt-svg-icon-list-style-default kt-svg-icon-list-item-wrap kt-svg-icon-list-item-4\"><div style=\"display:inline-flex;justify-content:center;align-items:center;color:#007a77\" class=\"kt-svg-icon-list-single kt-svg-icon-list-single-fe_checkCircle\"><svg style=\"display:inline-block;vertical-align:middle\" viewbox=\"0 0 24 24\" height=\"20\" width=\"20\" fill=\"none\" stroke=\"currentColor\" xmlns=\"http:\/\/www.w3.org\/2000\/svg\" stroke-width=\"2\" stroke-linecap=\"round\" stroke-linejoin=\"round\"><path d=\"M22 11.08V12a10 10 0 1 1-5.93-9.14\"><\/path><polyline points=\"22 4 12 14.01 9 11.01\"><\/polyline><\/svg><\/div><span class=\"kt-svg-icon-list-text\">Les chiens nous parlent. Jan Fennel \/ Le jour, \u00e9diteur<\/span><\/li><li class=\"kt-svg-icon-list-style-default kt-svg-icon-list-item-wrap kt-svg-icon-list-item-5\"><div style=\"display:inline-flex;justify-content:center;align-items:center;color:#007a77\" class=\"kt-svg-icon-list-single kt-svg-icon-list-single-fe_checkCircle\"><svg style=\"display:inline-block;vertical-align:middle\" viewbox=\"0 0 24 24\" height=\"20\" width=\"20\" fill=\"none\" stroke=\"currentColor\" xmlns=\"http:\/\/www.w3.org\/2000\/svg\" stroke-width=\"2\" stroke-linecap=\"round\" stroke-linejoin=\"round\"><path d=\"M22 11.08V12a10 10 0 1 1-5.93-9.14\"><\/path><polyline points=\"22 4 12 14.01 9 11.01\"><\/polyline><\/svg><\/div><span class=\"kt-svg-icon-list-text\">Comportement et \u00e9ducation du chien. Bedossa Thierry, Bertrand L.Deputte<\/span><\/li><li class=\"kt-svg-icon-list-style-default kt-svg-icon-list-item-wrap kt-svg-icon-list-item-6\"><div style=\"display:inline-flex;justify-content:center;align-items:center;color:#007a77\" class=\"kt-svg-icon-list-single kt-svg-icon-list-single-fe_checkCircle\"><svg style=\"display:inline-block;vertical-align:middle\" viewbox=\"0 0 24 24\" height=\"20\" width=\"20\" fill=\"none\" stroke=\"currentColor\" xmlns=\"http:\/\/www.w3.org\/2000\/svg\" stroke-width=\"2\" stroke-linecap=\"round\" stroke-linejoin=\"round\"><path d=\"M22 11.08V12a10 10 0 1 1-5.93-9.14\"><\/path><polyline points=\"22 4 12 14.01 9 11.01\"><\/polyline><\/svg><\/div><span class=\"kt-svg-icon-list-text\">G\u00e9n\u00e9tique et s\u00e9lection chez le chien. Bernard Denis \/ Prztique M\u00e9dicale et Chirurgicale de l&rsquo;Animal de Compagnie et Soci\u00e9t\u00e9 Centrale Canine<\/span><\/li><\/ul><\/div>\n<\/div><\/div><\/div>\n\n\n\n<div class=\"wp-block-kadence-pane kt-accordion-pane kt-accordion-pane-2 kt-pane_94d131-11\"><div class=\"kt-accordion-header-wrap\"><button class=\"kt-blocks-accordion-header kt-acccordion-button-label-show\"><span class=\"kt-blocks-accordion-title-wrap\"><span class=\"kt-blocks-accordion-title\">Secteur f\u00e9lin<\/span><\/span><span class=\"kt-blocks-accordion-icon-trigger\"><\/span><\/button><\/div><div class=\"kt-accordion-panel kt-accordion-panel-hidden\"><div class=\"kt-accordion-panel-inner\"><style>.wp-block-kadence-iconlist.kt-svg-icon-list-items_c7b095-b7:not(.this-stops-third-party-issues){margin-top:0px;margin-bottom:0px;}.wp-block-kadence-iconlist.kt-svg-icon-list-items_c7b095-b7 ul.kt-svg-icon-list:not(.this-prevents-issues):not(.this-stops-third-party-issues):not(.tijsloc){margin-top:0px;margin-right:0px;margin-bottom:var(--global-kb-spacing-sm, 1.5rem);margin-left:0px;}.wp-block-kadence-iconlist.kt-svg-icon-list-items_c7b095-b7 ul.kt-svg-icon-list{grid-row-gap:10px;}.wp-block-kadence-iconlist.kt-svg-icon-list-items_c7b095-b7 ul.kt-svg-icon-list .kt-svg-icon-list-item-wrap .kt-svg-icon-list-single{margin-right:10px;}.kt-svg-icon-list-items_c7b095-b7 ul.kt-svg-icon-list .kt-svg-icon-list-item-wrap, .kt-svg-icon-list-items_c7b095-b7 ul.kt-svg-icon-list .kt-svg-icon-list-item-wrap a{font-size:1.1em;}.kt-svg-icon-list-items_c7b095-b7 ul.kt-svg-icon-list .kt-svg-icon-list-level-0 .kt-svg-icon-list-single svg{font-size:20px;}.kt-svg-icon-list-items_c7b095-b7 ul.kt-svg-icon-list .kt-svg-icon-list-level-1 .kt-svg-icon-list-single svg{font-size:20px;}.kt-svg-icon-list-items_c7b095-b7 ul.kt-svg-icon-list .kt-svg-icon-list-level-2 .kt-svg-icon-list-single svg{font-size:20px;}.kt-svg-icon-list-items_c7b095-b7 ul.kt-svg-icon-list .kt-svg-icon-list-level-3 .kt-svg-icon-list-single svg{font-size:20px;}.kt-svg-icon-list-items_c7b095-b7 ul.kt-svg-icon-list .kt-svg-icon-list-level-4 .kt-svg-icon-list-single svg{font-size:20px;}<\/style>\n<div class=\"wp-block-kadence-iconlist kt-svg-icon-list-items kt-svg-icon-list-items_c7b095-b7 kt-svg-icon-list-columns-1 alignnone\"><ul class=\"kt-svg-icon-list\"><li class=\"kt-svg-icon-list-style-default kt-svg-icon-list-item-wrap kt-svg-icon-list-item-0\"><div style=\"display:inline-flex;justify-content:center;align-items:center;color:#007a77\" class=\"kt-svg-icon-list-single kt-svg-icon-list-single-fe_checkCircle\"><svg style=\"display:inline-block;vertical-align:middle\" viewbox=\"0 0 24 24\" height=\"20\" width=\"20\" fill=\"none\" stroke=\"currentColor\" xmlns=\"http:\/\/www.w3.org\/2000\/svg\" stroke-width=\"2\" stroke-linecap=\"round\" stroke-linejoin=\"round\"><path d=\"M22 11.08V12a10 10 0 1 1-5.93-9.14\"><\/path><polyline points=\"22 4 12 14.01 9 11.01\"><\/polyline><\/svg><\/div><span class=\"kt-svg-icon-list-text\">Encyclop\u00e9die du chat Royal canin<\/span><\/li><li class=\"kt-svg-icon-list-style-default kt-svg-icon-list-item-wrap kt-svg-icon-list-item-1\"><div style=\"display:inline-flex;justify-content:center;align-items:center;color:#007a77\" class=\"kt-svg-icon-list-single kt-svg-icon-list-single-fe_checkCircle\"><svg style=\"display:inline-block;vertical-align:middle\" viewbox=\"0 0 24 24\" height=\"20\" width=\"20\" fill=\"none\" stroke=\"currentColor\" xmlns=\"http:\/\/www.w3.org\/2000\/svg\" stroke-width=\"2\" stroke-linecap=\"round\" stroke-linejoin=\"round\"><path d=\"M22 11.08V12a10 10 0 1 1-5.93-9.14\"><\/path><polyline points=\"22 4 12 14.01 9 11.01\"><\/polyline><\/svg><\/div><span class=\"kt-svg-icon-list-text\">Trait\u00e9 rustica du chat. Rustica Editions<\/span><\/li><li class=\"kt-svg-icon-list-style-default kt-svg-icon-list-item-wrap kt-svg-icon-list-item-2\"><div style=\"display:inline-flex;justify-content:center;align-items:center;color:#007a77\" class=\"kt-svg-icon-list-single kt-svg-icon-list-single-fe_checkCircle\"><svg style=\"display:inline-block;vertical-align:middle\" viewbox=\"0 0 24 24\" height=\"20\" width=\"20\" fill=\"none\" stroke=\"currentColor\" xmlns=\"http:\/\/www.w3.org\/2000\/svg\" stroke-width=\"2\" stroke-linecap=\"round\" stroke-linejoin=\"round\"><path d=\"M22 11.08V12a10 10 0 1 1-5.93-9.14\"><\/path><polyline points=\"22 4 12 14.01 9 11.01\"><\/polyline><\/svg><\/div><span class=\"kt-svg-icon-list-text\">Guide pratique de l&rsquo;\u00e9levage f\u00e9lin. Editions Royal Canin<\/span><\/li><li class=\"kt-svg-icon-list-style-default kt-svg-icon-list-item-wrap kt-svg-icon-list-item-3\"><div style=\"display:inline-flex;justify-content:center;align-items:center;color:#007a77\" class=\"kt-svg-icon-list-single kt-svg-icon-list-single-fe_checkCircle\"><svg style=\"display:inline-block;vertical-align:middle\" viewbox=\"0 0 24 24\" height=\"20\" width=\"20\" fill=\"none\" stroke=\"currentColor\" xmlns=\"http:\/\/www.w3.org\/2000\/svg\" stroke-width=\"2\" stroke-linecap=\"round\" stroke-linejoin=\"round\"><path d=\"M22 11.08V12a10 10 0 1 1-5.93-9.14\"><\/path><polyline points=\"22 4 12 14.01 9 11.01\"><\/polyline><\/svg><\/div><span class=\"kt-svg-icon-list-text\">Encyclop\u00e9die du chat Royal canin. Editions Royal Canin<\/span><\/li><li class=\"kt-svg-icon-list-style-default kt-svg-icon-list-item-wrap kt-svg-icon-list-item-4\"><div style=\"display:inline-flex;justify-content:center;align-items:center;color:#007a77\" class=\"kt-svg-icon-list-single kt-svg-icon-list-single-fe_checkCircle\"><svg style=\"display:inline-block;vertical-align:middle\" viewbox=\"0 0 24 24\" height=\"20\" width=\"20\" fill=\"none\" stroke=\"currentColor\" xmlns=\"http:\/\/www.w3.org\/2000\/svg\" stroke-width=\"2\" stroke-linecap=\"round\" stroke-linejoin=\"round\"><path d=\"M22 11.08V12a10 10 0 1 1-5.93-9.14\"><\/path><polyline points=\"22 4 12 14.01 9 11.01\"><\/polyline><\/svg><\/div><span class=\"kt-svg-icon-list-text\">Guide des professionnels de l&rsquo;animalerie. Caroline Ephrati, Nicolas Pizzinat. <a href=\"https:\/\/editions.educagri.fr\/\">Editions Educagri<\/a> &#8211; Aniwa Publishing<\/span><\/li><\/ul><\/div>\n<\/div><\/div><\/div>\n<\/div><\/div><\/div>\n<\/div><\/div>\n\n\n<style>.kadence-column_26e253-44 > .kt-inside-inner-col{border-top-width:0px;border-right-width:0px;border-bottom-width:0px;border-left-width:0px;}.kadence-column_26e253-44 > .kt-inside-inner-col,.kadence-column_26e253-44 > .kt-inside-inner-col:before{border-top-left-radius:0px;border-top-right-radius:0px;border-bottom-right-radius:0px;border-bottom-left-radius:0px;}.kadence-column_26e253-44 > .kt-inside-inner-col{column-gap:var(--global-kb-gap-sm, 1rem);}.kadence-column_26e253-44 > .kt-inside-inner-col{flex-direction:column;}.kadence-column_26e253-44 > .kt-inside-inner-col > .aligncenter{width:100%;}.kadence-column_26e253-44 > .kt-inside-inner-col:before{opacity:0.3;}.kadence-column_26e253-44{position:relative;}@media all and (max-width: 1024px){.kadence-column_26e253-44 > .kt-inside-inner-col{flex-direction:column;justify-content:center;}}@media all and (max-width: 767px){.kadence-column_26e253-44 > .kt-inside-inner-col{flex-direction:column;justify-content:center;}}<\/style>\n<div class=\"wp-block-kadence-column inner-column-2 kadence-column_26e253-44\"><div class=\"kt-inside-inner-col\"><\/div><\/div>\n<\/div><\/div><\/div>\n","protected":false},"excerpt":{"rendered":"<p>Liste indicative des ouvrages de r\u00e9f\u00e9rences dans les fili\u00e8res canine et f\u00e9line<\/p>\n","protected":false},"author":49,"featured_media":0,"parent":308,"menu_order":2,"comment_status":"open","ping_status":"closed","template":"","meta":{"footnotes":""},"class_list":["post-306","page","type-page","status-publish","hentry"],"_links":{"self":[{"href":"https:\/\/paz-a-pas.ensfea.fr\/index.php?rest_route=\/wp\/v2\/pages\/306","targetHints":{"allow":["GET"]}}],"collection":[{"href":"https:\/\/paz-a-pas.ensfea.fr\/index.php?rest_route=\/wp\/v2\/pages"}],"about":[{"href":"https:\/\/paz-a-pas.ensfea.fr\/index.php?rest_route=\/wp\/v2\/types\/page"}],"author":[{"embeddable":true,"href":"https:\/\/paz-a-pas.ensfea.fr\/index.php?rest_route=\/wp\/v2\/users\/49"}],"replies":[{"embeddable":true,"href":"https:\/\/paz-a-pas.ensfea.fr\/index.php?rest_route=%2Fwp%2Fv2%2Fcomments&post=306"}],"version-history":[{"count":10,"href":"https:\/\/paz-a-pas.ensfea.fr\/index.php?rest_route=\/wp\/v2\/pages\/306\/revisions"}],"predecessor-version":[{"id":2574,"href":"https:\/\/paz-a-pas.ensfea.fr\/index.php?rest_route=\/wp\/v2\/pages\/306\/revisions\/2574"}],"up":[{"embeddable":true,"href":"https:\/\/paz-a-pas.ensfea.fr\/index.php?rest_route=\/wp\/v2\/pages\/308"}],"wp:attachment":[{"href":"https:\/\/paz-a-pas.ensfea.fr\/index.php?rest_route=%2Fwp%2Fv2%2Fmedia&parent=306"}],"curies":[{"name":"wp","href":"https:\/\/api.w.org\/{rel}","templated":true}]}}