{"id":3001,"date":"2020-10-06T12:06:01","date_gmt":"2020-10-06T11:06:01","guid":{"rendered":"http:\/\/paz-a-pas.ensfea.fr\/?page_id=3001"},"modified":"2025-10-08T13:49:07","modified_gmt":"2025-10-08T12:49:07","slug":"gestion-integree-de-la-sante-animale","status":"publish","type":"page","link":"https:\/\/paz-a-pas.ensfea.fr\/?page_id=3001","title":{"rendered":"Former \u00e0 la gestion int\u00e9gr\u00e9e de la sant\u00e9 animale"},"content":{"rendered":"<style>.kb-row-layout-id3001_8ad69c-89 > .kt-row-column-wrap{align-content:start;}:where(.kb-row-layout-id3001_8ad69c-89 > .kt-row-column-wrap) > .wp-block-kadence-column{justify-content:start;}.kb-row-layout-id3001_8ad69c-89 > .kt-row-column-wrap{column-gap:var(--global-kb-gap-md, 2rem);row-gap:var(--global-kb-gap-md, 2rem);padding-top:var(--global-kb-spacing-sm, 1.5rem);padding-bottom:var(--global-kb-spacing-sm, 1.5rem);grid-template-columns:repeat(2, minmax(0, 1fr));}.kb-row-layout-id3001_8ad69c-89 > .kt-row-layout-overlay{opacity:0.30;}@media all and (max-width: 1024px){.kb-row-layout-id3001_8ad69c-89 > .kt-row-column-wrap{grid-template-columns:repeat(2, minmax(0, 1fr));}}@media all and (max-width: 767px){.kb-row-layout-id3001_8ad69c-89 > .kt-row-column-wrap{grid-template-columns:minmax(0, 1fr);}}<\/style><div class=\"kb-row-layout-wrap kb-row-layout-id3001_8ad69c-89 alignnone wp-block-kadence-rowlayout\"><div class=\"kt-row-column-wrap kt-has-2-columns kt-row-layout-equal kt-tab-layout-inherit kt-mobile-layout-row kt-row-valign-top\">\n<style>.kadence-column3001_a27377-9c > .kt-inside-inner-col,.kadence-column3001_a27377-9c > .kt-inside-inner-col:before{border-top-left-radius:0px;border-top-right-radius:0px;border-bottom-right-radius:0px;border-bottom-left-radius:0px;}.kadence-column3001_a27377-9c > .kt-inside-inner-col{column-gap:var(--global-kb-gap-sm, 1rem);}.kadence-column3001_a27377-9c > .kt-inside-inner-col{flex-direction:column;}.kadence-column3001_a27377-9c > .kt-inside-inner-col > .aligncenter{width:100%;}.kadence-column3001_a27377-9c > .kt-inside-inner-col:before{opacity:0.3;}.kadence-column3001_a27377-9c{position:relative;}@media all and (max-width: 1024px){.kadence-column3001_a27377-9c > .kt-inside-inner-col{flex-direction:column;justify-content:center;}}@media all and (max-width: 767px){.kadence-column3001_a27377-9c > .kt-inside-inner-col{flex-direction:column;justify-content:center;}}<\/style>\n<div class=\"wp-block-kadence-column kadence-column3001_a27377-9c inner-column-1\"><div class=\"kt-inside-inner-col\">\n<p>La gestion int\u00e9gr\u00e9e de la sant\u00e9 animale consiste \u00e0 combiner des actions de pr\u00e9vention et de soin aux animaux pr\u00e9f\u00e9rentiellement sans recours aux m\u00e9dicaments (particuli\u00e8rement antibiotiques ou antiparasitaires) et, lorsque le recours aux m\u00e9dicaments se r\u00e9v\u00e8le n\u00e9cessaire, \u00e0 n\u2019utiliser que des traitements cibl\u00e9s (mol\u00e9cules sp\u00e9cifiques du(des) agent(s) pathog\u00e8ne(s) identifi\u00e9(s)), aux doses pr\u00e9conis\u00e9es, seulement sur les individus affect\u00e9s et en respectant la dur\u00e9e de traitement d\u00e9finie par le v\u00e9t\u00e9rinaire. Elle englobe l\u2019ensemble des connaissances et pratiques mobilis\u00e9es par l\u2019homme de mani\u00e8re coordonn\u00e9e afin d\u2019\u00e9tablir l\u2019\u00e9quilibre du syst\u00e8me biologique (animal et troupeau dans son environnement) et\/ou de r\u00e9cup\u00e9rer cet \u00e9quilibre s\u2019il a \u00e9t\u00e9 perturb\u00e9.<\/p>\n\n\n\n<p>Laurence Fortun-Lamothe | Davi Savietto dans <a href=\"https:\/\/dicoagroecologie.fr\/encyclopedie\/gestion-integree-de-la-sante-animale\/\" target=\"_blank\" rel=\"noreferrer noopener\">Dictionnaire d&rsquo;agro\u00e9cologie<\/a><\/p>\n<\/div><\/div>\n\n\n<style>.kadence-column3001_019f65-71 > .kt-inside-inner-col,.kadence-column3001_019f65-71 > .kt-inside-inner-col:before{border-top-left-radius:0px;border-top-right-radius:0px;border-bottom-right-radius:0px;border-bottom-left-radius:0px;}.kadence-column3001_019f65-71 > .kt-inside-inner-col{column-gap:var(--global-kb-gap-sm, 1rem);}.kadence-column3001_019f65-71 > .kt-inside-inner-col{flex-direction:column;}.kadence-column3001_019f65-71 > .kt-inside-inner-col > .aligncenter{width:100%;}.kadence-column3001_019f65-71 > .kt-inside-inner-col:before{opacity:0.3;}.kadence-column3001_019f65-71{position:relative;}@media all and (max-width: 1024px){.kadence-column3001_019f65-71 > .kt-inside-inner-col{flex-direction:column;justify-content:center;}}@media all and (max-width: 767px){.kadence-column3001_019f65-71 > .kt-inside-inner-col{flex-direction:column;justify-content:center;}}<\/style>\n<div class=\"wp-block-kadence-column kadence-column3001_019f65-71 inner-column-2\"><div class=\"kt-inside-inner-col\">\n<figure class=\"wp-block-embed is-type-video is-provider-youtube wp-block-embed-youtube wp-embed-aspect-16-9 wp-has-aspect-ratio\"><div class=\"wp-block-embed__wrapper\">\n<iframe loading=\"lazy\" title=\"Gestion int\u00e9gr\u00e9e de la sant\u00e9 animale\" width=\"500\" height=\"281\" src=\"https:\/\/www.youtube.com\/embed\/VGRdjnT6y98?feature=oembed\" frameborder=\"0\" allow=\"accelerometer; autoplay; clipboard-write; encrypted-media; gyroscope; picture-in-picture; web-share\" referrerpolicy=\"strict-origin-when-cross-origin\" allowfullscreen><\/iframe>\n<\/div><figcaption class=\"wp-element-caption\">Apolline Genevey, Titouan Dumesnil. 2017. Gestion int\u00e9gr\u00e9e de la sant\u00e9 animale : Vid\u00e9o. <a href=\"https:\/\/dicoagroecologie.fr\">Dictionnaire d&rsquo;Agroecologie<\/a>, <a href=\"https:\/\/youtu.be\/VGRdjnT6y98\" target=\"_blank\" rel=\"noreferrer noopener\">https:\/\/youtu.be\/VGRdjnT6y98<\/a><\/figcaption><\/figure>\n\n\n\n<p><\/p>\n<\/div><\/div>\n\n<\/div><\/div>\n\n\n<h1 class=\"wp-block-heading\">Enseigner la gestion int\u00e9gr\u00e9e de la sant\u00e9 animale, quelle(s) porte(s) d&rsquo;entr\u00e9e ?<\/h1>\n\n\n\n<p>Le GAP zootechnie a travaill\u00e9 de 2019 \u00e0 2021 sur le th\u00e8me de la gestion int\u00e9gr\u00e9e de la sant\u00e9 animale et a notamment sollicit\u00e9 des experts de l&rsquo;\u00e9cole nationale v\u00e9t\u00e9rinaire de Toulouse et de la DGAL. Plusieurs ressources ont \u00e9t\u00e9 produites :<\/p>\n\n\n\n<ul class=\"wp-block-list\">\n<li>une ressource documentaire pour faire le point sur la r\u00e9glementation sur les traitements v\u00e9t\u00e9rinaires compl\u00e9mentaires \u00e0 l&rsquo;allopathie classique,<\/li>\n\n\n\n<li>des t\u00e9moignages sur des s\u00e9ances de cours et de TP r\u00e9alis\u00e9es,<\/li>\n\n\n\n<li>des \u00e9l\u00e9ments compl\u00e9mentaires sur les enjeux d&rsquo;enseignement de cette th\u00e9matique. <\/li>\n<\/ul>\n\n\n\n<p>Le contexte sanitaire en 2020-2021 ne nous a pas permis d&rsquo;exp\u00e9rimenter autant de situations p\u00e9dagogiques que nous le voulions, ni d&rsquo;enregistrer les t\u00e9moignages des enseignants comme nous le souhaitions. Les t\u00e9moignages portent principalement sur la formation en apprentissage ou pour adultes. Toutefois, ces ressources visent davantage \u00e0 susciter des questionnements et des r\u00e9flexions didactiques sur certaines composantes ou interactions de la gestion int\u00e9gr\u00e9e de la sant\u00e9 plut\u00f4t qu&rsquo;\u00e0 transposer les s\u00e9ances pr\u00e9sent\u00e9es. Pour chaque s\u00e9ance de cours ou TP, des \u00e9l\u00e9ments de description de la s\u00e9ance sont pr\u00e9sent\u00e9s et plusieurs capsules vid\u00e9os sont propos\u00e9es pour approfondir cette th\u00e9matique d&rsquo;enseignement. Ces ressources peuvent \u00eatre consult\u00e9es sans ordre pr\u00e9-\u00e9tabli partiellement ou en totalit\u00e9 en fonction de vos centres d&rsquo;int\u00e9r\u00eat et de vos pr\u00e9occupations. <\/p>\n\n\n\n<p>Bonne visite !<\/p>\n\n\n\n<figure class=\"wp-block-embed is-type-wp-embed is-provider-genially wp-block-embed-genially\"><div class=\"wp-block-embed__wrapper\">\n<iframe class=\"wp-embedded-content\" sandbox=\"allow-scripts\" security=\"restricted\" title=\"Sch\u00e9ma Gestion int\u00e9gr\u00e9e\" frameborder='0' width='1200' height='675' src='https:\/\/view.genially.com\/5f859542b925a10d68ce7c61#?secret=0P2vQcWxen' data-secret='0P2vQcWxen' scrolling='yes'><\/iframe>\n<\/div><\/figure>\n\n\n<style>.wp-block-kadence-spacer.kt-block-spacer-3001_def81b-10 .kt-block-spacer{height:60px;}.wp-block-kadence-spacer.kt-block-spacer-3001_def81b-10 .kt-divider{border-top-width:1px;height:1px;border-top-color:#eee;width:80%;border-top-style:solid;}<\/style>\n<div class=\"wp-block-kadence-spacer aligncenter kt-block-spacer-3001_def81b-10\"><div class=\"kt-block-spacer kt-block-spacer-halign-center\"><hr class=\"kt-divider\" \/><\/div><\/div>\n\n\n\n<p><strong>Outil num\u00e9rique<\/strong><\/p>\n\n\n\n<div class=\"wp-block-columns is-layout-flex wp-container-core-columns-is-layout-9d6595d7 wp-block-columns-is-layout-flex\">\n<div class=\"wp-block-column is-layout-flow wp-block-column-is-layout-flow\"><\/div>\n<\/div>\n\n\n<style>.kb-row-layout-id3001_97e17f-9e > .kt-row-column-wrap{align-content:start;}:where(.kb-row-layout-id3001_97e17f-9e > .kt-row-column-wrap) > .wp-block-kadence-column{justify-content:start;}.kb-row-layout-id3001_97e17f-9e > .kt-row-column-wrap{column-gap:var(--global-kb-gap-md, 2rem);row-gap:var(--global-kb-gap-md, 2rem);padding-top:var(--global-kb-spacing-sm, 1.5rem);padding-bottom:var(--global-kb-spacing-sm, 1.5rem);grid-template-columns:minmax(0, calc(40% - ((var(--global-kb-gap-md, 2rem) * 1 )\/2)))minmax(0, calc(60% - ((var(--global-kb-gap-md, 2rem) * 1 )\/2)));}.kb-row-layout-id3001_97e17f-9e > .kt-row-layout-overlay{opacity:0.30;}@media all and (max-width: 1024px){.kb-row-layout-id3001_97e17f-9e > .kt-row-column-wrap{grid-template-columns:minmax(0, 1fr) minmax(0, 2fr);}}@media all and (max-width: 767px){.kb-row-layout-id3001_97e17f-9e > .kt-row-column-wrap{grid-template-columns:minmax(0, 1fr);}}<\/style><div class=\"kb-row-layout-wrap kb-row-layout-id3001_97e17f-9e alignnone wp-block-kadence-rowlayout\"><div class=\"kt-row-column-wrap kt-has-2-columns kt-row-layout-right-golden kt-tab-layout-inherit kt-mobile-layout-row kt-row-valign-top\">\n<style>.kadence-column3001_f4378b-93 > .kt-inside-inner-col,.kadence-column3001_f4378b-93 > .kt-inside-inner-col:before{border-top-left-radius:0px;border-top-right-radius:0px;border-bottom-right-radius:0px;border-bottom-left-radius:0px;}.kadence-column3001_f4378b-93 > .kt-inside-inner-col{column-gap:var(--global-kb-gap-sm, 1rem);}.kadence-column3001_f4378b-93 > .kt-inside-inner-col{flex-direction:column;}.kadence-column3001_f4378b-93 > .kt-inside-inner-col > .aligncenter{width:100%;}.kadence-column3001_f4378b-93 > .kt-inside-inner-col:before{opacity:0.3;}.kadence-column3001_f4378b-93{position:relative;}@media all and (max-width: 1024px){.kadence-column3001_f4378b-93 > .kt-inside-inner-col{flex-direction:column;justify-content:center;}}@media all and (max-width: 767px){.kadence-column3001_f4378b-93 > .kt-inside-inner-col{flex-direction:column;justify-content:center;}}<\/style>\n<div class=\"wp-block-kadence-column kadence-column3001_f4378b-93 inner-column-1\"><div class=\"kt-inside-inner-col\">\n<p>Plusieurs animations r\u00e9alis\u00e9es avec l&rsquo;outil num\u00e9rique Genially sont utilis\u00e9es dans cette th\u00e9matique, si vous ne connaissez pas cet outil et souhaitez en savoir un peu plus, en voici une courte pr\u00e9sentation r\u00e9alis\u00e9e par Aur\u00e9lie Canizares \u00e0 l&rsquo;ENSFEA<\/p>\n<\/div><\/div>\n\n\n<style>.kadence-column3001_ea1491-c0 > .kt-inside-inner-col,.kadence-column3001_ea1491-c0 > .kt-inside-inner-col:before{border-top-left-radius:0px;border-top-right-radius:0px;border-bottom-right-radius:0px;border-bottom-left-radius:0px;}.kadence-column3001_ea1491-c0 > .kt-inside-inner-col{column-gap:var(--global-kb-gap-sm, 1rem);}.kadence-column3001_ea1491-c0 > .kt-inside-inner-col{flex-direction:column;}.kadence-column3001_ea1491-c0 > .kt-inside-inner-col > .aligncenter{width:100%;}.kadence-column3001_ea1491-c0 > .kt-inside-inner-col:before{opacity:0.3;}.kadence-column3001_ea1491-c0{position:relative;}@media all and (max-width: 1024px){.kadence-column3001_ea1491-c0 > .kt-inside-inner-col{flex-direction:column;justify-content:center;}}@media all and (max-width: 767px){.kadence-column3001_ea1491-c0 > .kt-inside-inner-col{flex-direction:column;justify-content:center;}}<\/style>\n<div class=\"wp-block-kadence-column kadence-column3001_ea1491-c0 inner-column-2\"><div class=\"kt-inside-inner-col\"><\/div><\/div>\n\n<\/div><\/div>\n\n\n<p><\/p>\n","protected":false},"excerpt":{"rendered":"<p>La gestion int\u00e9gr\u00e9e de la sant\u00e9 animale consiste \u00e0 combiner des actions de pr\u00e9vention et de soin aux animaux pr\u00e9f\u00e9rentiellement [&hellip;]<\/p>\n","protected":false},"author":49,"featured_media":0,"parent":2095,"menu_order":10,"comment_status":"closed","ping_status":"closed","template":"","meta":{"footnotes":""},"class_list":["post-3001","page","type-page","status-publish","hentry"],"_links":{"self":[{"href":"https:\/\/paz-a-pas.ensfea.fr\/index.php?rest_route=\/wp\/v2\/pages\/3001","targetHints":{"allow":["GET"]}}],"collection":[{"href":"https:\/\/paz-a-pas.ensfea.fr\/index.php?rest_route=\/wp\/v2\/pages"}],"about":[{"href":"https:\/\/paz-a-pas.ensfea.fr\/index.php?rest_route=\/wp\/v2\/types\/page"}],"author":[{"embeddable":true,"href":"https:\/\/paz-a-pas.ensfea.fr\/index.php?rest_route=\/wp\/v2\/users\/49"}],"replies":[{"embeddable":true,"href":"https:\/\/paz-a-pas.ensfea.fr\/index.php?rest_route=%2Fwp%2Fv2%2Fcomments&post=3001"}],"version-history":[{"count":48,"href":"https:\/\/paz-a-pas.ensfea.fr\/index.php?rest_route=\/wp\/v2\/pages\/3001\/revisions"}],"predecessor-version":[{"id":3539,"href":"https:\/\/paz-a-pas.ensfea.fr\/index.php?rest_route=\/wp\/v2\/pages\/3001\/revisions\/3539"}],"up":[{"embeddable":true,"href":"https:\/\/paz-a-pas.ensfea.fr\/index.php?rest_route=\/wp\/v2\/pages\/2095"}],"wp:attachment":[{"href":"https:\/\/paz-a-pas.ensfea.fr\/index.php?rest_route=%2Fwp%2Fv2%2Fmedia&parent=3001"}],"curies":[{"name":"wp","href":"https:\/\/api.w.org\/{rel}","templated":true}]}}