{"id":2970,"date":"2020-09-03T08:59:52","date_gmt":"2020-09-03T07:59:52","guid":{"rendered":"http:\/\/paz-a-pas.ensfea.fr\/?page_id=2970"},"modified":"2025-03-04T07:51:52","modified_gmt":"2025-03-04T06:51:52","slug":"ressources-pedagogiques-produites-par-le-reseau-elevage","status":"publish","type":"page","link":"https:\/\/paz-a-pas.ensfea.fr\/?page_id=2970","title":{"rendered":"Ressources p\u00e9dagogiques produites par le r\u00e9seau \u00c9levage"},"content":{"rendered":"\n<p style=\"font-size:19px\">Tenez vous informez des ressources p\u00e9dagogiques produites par les r\u00e9seau \u00c9levage en cliquant <a href=\"https:\/\/pollen.chlorofil.fr\/le-q-sort-bien-etre-animal-travailler-sur-les-idees-recues-et-les-prejuges-au-pole-denseignement-agricole-public-de-chaumont\/\">ici !<\/a><\/p>\n\n\n\n<figure class=\"wp-block-image size-large\"><img loading=\"lazy\" decoding=\"async\" width=\"625\" height=\"171\" src=\"http:\/\/paz-a-pas.ensfea.fr\/wp-content\/uploads\/sites\/6\/2019\/10\/Productions-r\u00e9seau-\u00e9levage-e1570450143230.png\" alt=\"\" class=\"wp-image-2329\" srcset=\"https:\/\/paz-a-pas.ensfea.fr\/wp-content\/uploads\/sites\/6\/2019\/10\/Productions-r\u00e9seau-\u00e9levage-e1570450143230.png 625w, https:\/\/paz-a-pas.ensfea.fr\/wp-content\/uploads\/sites\/6\/2019\/10\/Productions-r\u00e9seau-\u00e9levage-e1570450143230-300x82.png 300w\" sizes=\"auto, (max-width: 625px) 100vw, 625px\" \/><\/figure>\n\n\n\n<p><\/p>\n","protected":false},"excerpt":{"rendered":"<p>Tenez vous informez des ressources p\u00e9dagogiques produites par les r\u00e9seau \u00c9levage en cliquant ici !<\/p>\n","protected":false},"author":49,"featured_media":0,"parent":204,"menu_order":4,"comment_status":"closed","ping_status":"closed","template":"","meta":{"footnotes":""},"class_list":["post-2970","page","type-page","status-publish","hentry"],"_links":{"self":[{"href":"https:\/\/paz-a-pas.ensfea.fr\/index.php?rest_route=\/wp\/v2\/pages\/2970","targetHints":{"allow":["GET"]}}],"collection":[{"href":"https:\/\/paz-a-pas.ensfea.fr\/index.php?rest_route=\/wp\/v2\/pages"}],"about":[{"href":"https:\/\/paz-a-pas.ensfea.fr\/index.php?rest_route=\/wp\/v2\/types\/page"}],"author":[{"embeddable":true,"href":"https:\/\/paz-a-pas.ensfea.fr\/index.php?rest_route=\/wp\/v2\/users\/49"}],"replies":[{"embeddable":true,"href":"https:\/\/paz-a-pas.ensfea.fr\/index.php?rest_route=%2Fwp%2Fv2%2Fcomments&post=2970"}],"version-history":[{"count":2,"href":"https:\/\/paz-a-pas.ensfea.fr\/index.php?rest_route=\/wp\/v2\/pages\/2970\/revisions"}],"predecessor-version":[{"id":3508,"href":"https:\/\/paz-a-pas.ensfea.fr\/index.php?rest_route=\/wp\/v2\/pages\/2970\/revisions\/3508"}],"up":[{"embeddable":true,"href":"https:\/\/paz-a-pas.ensfea.fr\/index.php?rest_route=\/wp\/v2\/pages\/204"}],"wp:attachment":[{"href":"https:\/\/paz-a-pas.ensfea.fr\/index.php?rest_route=%2Fwp%2Fv2%2Fmedia&parent=2970"}],"curies":[{"name":"wp","href":"https:\/\/api.w.org\/{rel}","templated":true}]}}