{"id":2874,"date":"2020-09-02T10:38:32","date_gmt":"2020-09-02T09:38:32","guid":{"rendered":"http:\/\/paz-a-pas.ensfea.fr\/?page_id=2874"},"modified":"2025-03-03T09:58:12","modified_gmt":"2025-03-03T08:58:12","slug":"consignes-de-securite-pour-tous-les-tp","status":"publish","type":"page","link":"https:\/\/paz-a-pas.ensfea.fr\/?page_id=2874","title":{"rendered":"Consignes de s\u00e9curit\u00e9 pour tous les TP"},"content":{"rendered":"\n<p style=\"font-size:19px\">Une trace \u00e9crite regroupant les consignes de s\u00e9curit\u00e9 r\u00e9currentes pour toutes les s\u00e9ances de TP.<\/p>\n\n\n<style>.kb-row-layout-id2874_eef1d2-f6 > .kt-row-column-wrap{align-content:start;}:where(.kb-row-layout-id2874_eef1d2-f6 > .kt-row-column-wrap) > .wp-block-kadence-column{justify-content:start;}.kb-row-layout-id2874_eef1d2-f6 > .kt-row-column-wrap{column-gap:var(--global-kb-gap-md, 2rem);row-gap:var(--global-kb-gap-md, 2rem);padding-top:var(--global-kb-spacing-sm, 1.5rem);padding-bottom:var(--global-kb-spacing-sm, 1.5rem);grid-template-columns:repeat(2, minmax(0, 1fr));}.kb-row-layout-id2874_eef1d2-f6 > .kt-row-layout-overlay{opacity:0.30;}@media all and (max-width: 1024px){.kb-row-layout-id2874_eef1d2-f6 > .kt-row-column-wrap{grid-template-columns:repeat(2, minmax(0, 1fr));}}@media all and (max-width: 767px){.kb-row-layout-id2874_eef1d2-f6 > .kt-row-column-wrap{grid-template-columns:minmax(0, 1fr);}}<\/style><div class=\"kb-row-layout-wrap kb-row-layout-id2874_eef1d2-f6 alignnone wp-block-kadence-rowlayout\"><div class=\"kt-row-column-wrap kt-has-2-columns kt-row-layout-equal kt-tab-layout-inherit kt-mobile-layout-row kt-row-valign-top\">\n<style>.kadence-column2874_8a8789-2f > .kt-inside-inner-col,.kadence-column2874_8a8789-2f > .kt-inside-inner-col:before{border-top-left-radius:0px;border-top-right-radius:0px;border-bottom-right-radius:0px;border-bottom-left-radius:0px;}.kadence-column2874_8a8789-2f > .kt-inside-inner-col{column-gap:var(--global-kb-gap-sm, 1rem);}.kadence-column2874_8a8789-2f > .kt-inside-inner-col{flex-direction:column;}.kadence-column2874_8a8789-2f > .kt-inside-inner-col > .aligncenter{width:100%;}.kadence-column2874_8a8789-2f > .kt-inside-inner-col:before{opacity:0.3;}.kadence-column2874_8a8789-2f{position:relative;}@media all and (max-width: 1024px){.kadence-column2874_8a8789-2f > .kt-inside-inner-col{flex-direction:column;justify-content:center;}}@media all and (max-width: 767px){.kadence-column2874_8a8789-2f > .kt-inside-inner-col{flex-direction:column;justify-content:center;}}<\/style>\n<div class=\"wp-block-kadence-column kadence-column2874_8a8789-2f inner-column-1\"><div class=\"kt-inside-inner-col\"><style>.wp-block-kadence-spacer.kt-block-spacer-2874_b5ac59-14 .kt-block-spacer{height:30px;}.wp-block-kadence-spacer.kt-block-spacer-2874_b5ac59-14 .kt-divider{border-top-width:1px;height:1px;border-top-color:#eee;width:80%;border-top-style:solid;}<\/style>\n<div class=\"wp-block-kadence-spacer aligncenter kt-block-spacer-2874_b5ac59-14\"><div class=\"kt-block-spacer kt-block-spacer-halign-center\"><\/div><\/div>\n\n\n\n<p style=\"font-size:19px\"><strong>Les consignes de s\u00e9curit\u00e9 constituent le cadre incontournable et r\u00e9glementaire pour toutes s\u00e9ances de TP<\/strong><\/p>\n\n\n\n<p style=\"font-size:19px\">La trace \u00e9crite des consignes de s\u00e9curit\u00e9 est indispensable \u00e0 la fois pour s\u2019assurer que tous les apprenants ont bien identifi\u00e9 les risques li\u00e9s \u00e0 la s\u00e9ance de TP et ont bien pris connaissance des consignes de s\u00e9curit\u00e9 pour limiter les risques (consignes \u00e9crites par l\u2019apprenant lui-m\u00eame ou \u00e9crite par l\u2019enseignant).<\/p>\n\n\n\n<p style=\"font-size:19px\">Certaines consignes de s\u00e9curit\u00e9 sont r\u00e9currentes \u00e0 toutes les s\u00e9ances de travaux pratiques. Nous vous proposons, \u00e0 titre indicatif, un exemple de charte de bonne conduite en TP qui reprend les principales consignes applicables \u00e0 toutes les s\u00e9ances de TP.<\/p>\n<\/div><\/div>\n\n\n<style>.kadence-column2874_4e478f-f8 > .kt-inside-inner-col,.kadence-column2874_4e478f-f8 > .kt-inside-inner-col:before{border-top-left-radius:0px;border-top-right-radius:0px;border-bottom-right-radius:0px;border-bottom-left-radius:0px;}.kadence-column2874_4e478f-f8 > .kt-inside-inner-col{column-gap:var(--global-kb-gap-sm, 1rem);}.kadence-column2874_4e478f-f8 > .kt-inside-inner-col{flex-direction:column;}.kadence-column2874_4e478f-f8 > .kt-inside-inner-col > .aligncenter{width:100%;}.kadence-column2874_4e478f-f8 > .kt-inside-inner-col:before{opacity:0.3;}.kadence-column2874_4e478f-f8{position:relative;}@media all and (max-width: 1024px){.kadence-column2874_4e478f-f8 > .kt-inside-inner-col{flex-direction:column;justify-content:center;}}@media all and (max-width: 767px){.kadence-column2874_4e478f-f8 > .kt-inside-inner-col{flex-direction:column;justify-content:center;}}<\/style>\n<div class=\"wp-block-kadence-column kadence-column2874_4e478f-f8 inner-column-2\"><div class=\"kt-inside-inner-col\"><style>.wp-block-kadence-spacer.kt-block-spacer-2874_95f18a-6a .kt-block-spacer{height:60px;}.wp-block-kadence-spacer.kt-block-spacer-2874_95f18a-6a .kt-divider{border-top-width:1px;height:1px;border-top-color:#eee;width:80%;border-top-style:solid;}<\/style>\n<div class=\"wp-block-kadence-spacer aligncenter kt-block-spacer-2874_95f18a-6a\"><div class=\"kt-block-spacer kt-block-spacer-halign-center\"><\/div><\/div>\n\n\n\n<div data-wp-interactive=\"core\/file\" class=\"wp-block-file\"><object data-wp-bind--hidden=\"!state.hasPdfPreview\" hidden class=\"wp-block-file__embed\" data=\"https:\/\/paz-a-pas.ensfea.fr\/wp-content\/uploads\/sites\/6\/2025\/03\/190223-MSA-BrochureEvaluationsDesRisques-BD.pdf\" type=\"application\/pdf\" style=\"width:100%;height:600px\" aria-label=\"Contenu embarqu\u00e9 190223-MSA-BrochureEvaluationsDesRisques-BD.\"><\/object><a id=\"wp-block-file--media-8263bbda-1b89-421f-9a14-e8438c1f6d43\" href=\"https:\/\/paz-a-pas.ensfea.fr\/wp-content\/uploads\/sites\/6\/2025\/03\/190223-MSA-BrochureEvaluationsDesRisques-BD.pdf\">190223-MSA-BrochureEvaluationsDesRisques-BD<\/a><a href=\"https:\/\/paz-a-pas.ensfea.fr\/wp-content\/uploads\/sites\/6\/2025\/03\/190223-MSA-BrochureEvaluationsDesRisques-BD.pdf\" class=\"wp-block-file__button wp-element-button\" download aria-describedby=\"wp-block-file--media-8263bbda-1b89-421f-9a14-e8438c1f6d43\">T\u00e9l\u00e9charger<\/a><\/div>\n<\/div><\/div>\n\n<\/div><\/div>\n\n\n<p style=\"font-size:19px\">Cette charte vient en compl\u00e9ment du r\u00e8glement int\u00e9rieur et du r\u00e8glement de l\u2019exploitation agricole. Elle d\u00e9finit les grandes r\u00e8gles \u00e0 respecter dans le cadre de travaux pratiques en zootechnie. L\u2019id\u00e9al est de la construire avec les apprenants en d\u00e9but d\u2019ann\u00e9e et de la faire signer \u00e0 la fois aux familles et aux apprenants. Cette charte est ensuite \u00e0 ins\u00e9rer dans le cahier de texte et il est important de v\u00e9rifier que les apprenants ont, de leur c\u00f4t\u00e9, ins\u00e9r\u00e9 cette charte dans leur cahier ou classeur.<\/p>\n\n\n\n<p style=\"font-size:19px\">Le contenu de cette charte de bonne conduite est g\u00e9n\u00e9ral et il est important d\u2019apporter les modifications n\u00e9cessaires en fonction des sp\u00e9cificit\u00e9s des fili\u00e8res dans lesquels vous enseignez.<\/p>\n","protected":false},"excerpt":{"rendered":"<p>Une trace \u00e9crite regroupant les consignes de s\u00e9curit\u00e9 r\u00e9currentes pour toutes les s\u00e9ances de TP. Les consignes de s\u00e9curit\u00e9 constituent [&hellip;]<\/p>\n","protected":false},"author":49,"featured_media":0,"parent":634,"menu_order":3,"comment_status":"closed","ping_status":"closed","template":"","meta":{"footnotes":""},"class_list":["post-2874","page","type-page","status-publish","hentry"],"_links":{"self":[{"href":"https:\/\/paz-a-pas.ensfea.fr\/index.php?rest_route=\/wp\/v2\/pages\/2874","targetHints":{"allow":["GET"]}}],"collection":[{"href":"https:\/\/paz-a-pas.ensfea.fr\/index.php?rest_route=\/wp\/v2\/pages"}],"about":[{"href":"https:\/\/paz-a-pas.ensfea.fr\/index.php?rest_route=\/wp\/v2\/types\/page"}],"author":[{"embeddable":true,"href":"https:\/\/paz-a-pas.ensfea.fr\/index.php?rest_route=\/wp\/v2\/users\/49"}],"replies":[{"embeddable":true,"href":"https:\/\/paz-a-pas.ensfea.fr\/index.php?rest_route=%2Fwp%2Fv2%2Fcomments&post=2874"}],"version-history":[{"count":4,"href":"https:\/\/paz-a-pas.ensfea.fr\/index.php?rest_route=\/wp\/v2\/pages\/2874\/revisions"}],"predecessor-version":[{"id":3507,"href":"https:\/\/paz-a-pas.ensfea.fr\/index.php?rest_route=\/wp\/v2\/pages\/2874\/revisions\/3507"}],"up":[{"embeddable":true,"href":"https:\/\/paz-a-pas.ensfea.fr\/index.php?rest_route=\/wp\/v2\/pages\/634"}],"wp:attachment":[{"href":"https:\/\/paz-a-pas.ensfea.fr\/index.php?rest_route=%2Fwp%2Fv2%2Fmedia&parent=2874"}],"curies":[{"name":"wp","href":"https:\/\/api.w.org\/{rel}","templated":true}]}}