{"id":2698,"date":"2020-08-31T08:08:23","date_gmt":"2020-08-31T07:08:23","guid":{"rendered":"http:\/\/paz-a-pas.ensfea.fr\/?page_id=2698"},"modified":"2020-09-02T15:17:49","modified_gmt":"2020-09-02T14:17:49","slug":"ressources-pedagogiques-tp","status":"publish","type":"page","link":"https:\/\/paz-a-pas.ensfea.fr\/?page_id=2698","title":{"rendered":"Ressources p\u00e9dagogiques TP"},"content":{"rendered":"<style>.kt-accordion-id_0412a7-de .kt-accordion-inner-wrap{column-gap:var(--global-kb-gap-md, 2rem);row-gap:0px;}.kt-accordion-id_0412a7-de .kt-accordion-panel-inner{border-top-width:0px;border-right-width:0px;border-bottom-width:0px;border-left-width:0px;padding-top:var(--global-kb-spacing-sm, 1.5rem);padding-right:var(--global-kb-spacing-sm, 1.5rem);padding-bottom:var(--global-kb-spacing-sm, 1.5rem);padding-left:var(--global-kb-spacing-sm, 1.5rem);}.kt-accordion-id_0412a7-de > .kt-accordion-inner-wrap > .wp-block-kadence-pane > .kt-accordion-header-wrap > .kt-blocks-accordion-header{border-top-color:#555555;border-right-color:#555555;border-bottom-color:#555555;border-left-color:#555555;border-top-width:1px;border-right-width:1px;border-bottom-width:1px;border-left-width:1px;border-top-left-radius:12px;border-top-right-radius:12px;border-bottom-right-radius:12px;border-bottom-left-radius:12px;background:#eeeeee;font-size:1.4em;line-height:30px;color:#007a77;padding-top:10px;padding-right:14px;padding-bottom:10px;padding-left:14px;}.kt-accordion-id_0412a7-de:not( .kt-accodion-icon-style-basiccircle ):not( .kt-accodion-icon-style-xclosecircle ):not( .kt-accodion-icon-style-arrowcircle )  > .kt-accordion-inner-wrap > .wp-block-kadence-pane > .kt-accordion-header-wrap .kt-blocks-accordion-icon-trigger:after, .kt-accordion-id_0412a7-de:not( .kt-accodion-icon-style-basiccircle ):not( .kt-accodion-icon-style-xclosecircle ):not( .kt-accodion-icon-style-arrowcircle )  > .kt-accordion-inner-wrap > .wp-block-kadence-pane > .kt-accordion-header-wrap .kt-blocks-accordion-icon-trigger:before{background:#007a77;}.kt-accordion-id_0412a7-de:not( .kt-accodion-icon-style-basic ):not( .kt-accodion-icon-style-xclose ):not( .kt-accodion-icon-style-arrow ) .kt-blocks-accordion-icon-trigger{background:#007a77;}.kt-accordion-id_0412a7-de:not( .kt-accodion-icon-style-basic ):not( .kt-accodion-icon-style-xclose ):not( .kt-accodion-icon-style-arrow ) .kt-blocks-accordion-icon-trigger:after, .kt-accordion-id_0412a7-de:not( .kt-accodion-icon-style-basic ):not( .kt-accodion-icon-style-xclose ):not( .kt-accodion-icon-style-arrow ) .kt-blocks-accordion-icon-trigger:before{background:#eeeeee;}.kt-accordion-id_0412a7-de > .kt-accordion-inner-wrap > .wp-block-kadence-pane > .kt-accordion-header-wrap > .kt-blocks-accordion-header:hover, \n\t\t\t\tbody:not(.hide-focus-outline) .kt-accordion-id_0412a7-de .kt-blocks-accordion-header:focus-visible{color:#444444;background:#e9e9e9;border-top-color:#eeeeee;border-right-color:#eeeeee;border-bottom-color:#eeeeee;border-left-color:#eeeeee;}.kt-accordion-id_0412a7-de:not( .kt-accodion-icon-style-basiccircle ):not( .kt-accodion-icon-style-xclosecircle ):not( .kt-accodion-icon-style-arrowcircle ) .kt-accordion-header-wrap .kt-blocks-accordion-header:hover .kt-blocks-accordion-icon-trigger:after, .kt-accordion-id_0412a7-de:not( .kt-accodion-icon-style-basiccircle ):not( .kt-accodion-icon-style-xclosecircle ):not( .kt-accodion-icon-style-arrowcircle ) .kt-accordion-header-wrap .kt-blocks-accordion-header:hover .kt-blocks-accordion-icon-trigger:before, body:not(.hide-focus-outline) .kt-accordion-id_0412a7-de:not( .kt-accodion-icon-style-basiccircle ):not( .kt-accodion-icon-style-xclosecircle ):not( .kt-accodion-icon-style-arrowcircle ) .kt-blocks-accordion--visible .kt-blocks-accordion-icon-trigger:after, body:not(.hide-focus-outline) .kt-accordion-id_0412a7-de:not( .kt-accodion-icon-style-basiccircle ):not( .kt-accodion-icon-style-xclosecircle ):not( .kt-accodion-icon-style-arrowcircle ) .kt-blocks-accordion-header:focus-visible .kt-blocks-accordion-icon-trigger:before{background:#444444;}.kt-accordion-id_0412a7-de:not( .kt-accodion-icon-style-basic ):not( .kt-accodion-icon-style-xclose ):not( .kt-accodion-icon-style-arrow ) .kt-accordion-header-wrap .kt-blocks-accordion-header:hover .kt-blocks-accordion-icon-trigger, body:not(.hide-focus-outline) .kt-accordion-id_0412a7-de:not( .kt-accodion-icon-style-basic ):not( .kt-accodion-icon-style-xclose ):not( .kt-accodion-icon-style-arrow ) .kt-accordion-header-wrap .kt-blocks-accordion-header:focus-visible .kt-blocks-accordion-icon-trigger{background:#444444;}.kt-accordion-id_0412a7-de:not( .kt-accodion-icon-style-basic ):not( .kt-accodion-icon-style-xclose ):not( .kt-accodion-icon-style-arrow ) .kt-accordion-header-wrap .kt-blocks-accordion-header:hover .kt-blocks-accordion-icon-trigger:after, .kt-accordion-id_0412a7-de:not( .kt-accodion-icon-style-basic ):not( .kt-accodion-icon-style-xclose ):not( .kt-accodion-icon-style-arrow ) .kt-accordion-header-wrap .kt-blocks-accordion-header:hover .kt-blocks-accordion-icon-trigger:before, body:not(.hide-focus-outline) .kt-accordion-id_0412a7-de:not( .kt-accodion-icon-style-basic ):not( .kt-accodion-icon-style-xclose ):not( .kt-accodion-icon-style-arrow ) .kt-accordion-header-wrap .kt-blocks-accordion-header:focus-visible .kt-blocks-accordion-icon-trigger:after, body:not(.hide-focus-outline) .kt-accordion-id_0412a7-de:not( .kt-accodion-icon-style-basic ):not( .kt-accodion-icon-style-xclose ):not( .kt-accodion-icon-style-arrow ) .kt-accordion-header-wrap .kt-blocks-accordion-header:focus-visible .kt-blocks-accordion-icon-trigger:before{background:#e9e9e9;}.kt-accordion-id_0412a7-de .kt-accordion-header-wrap .kt-blocks-accordion-header:focus-visible,\n\t\t\t\t.kt-accordion-id_0412a7-de > .kt-accordion-inner-wrap > .wp-block-kadence-pane > .kt-accordion-header-wrap > .kt-blocks-accordion-header.kt-accordion-panel-active{color:#ffffff;background:#007a77;border-top-color:#444444;border-right-color:#444444;border-bottom-color:#444444;border-left-color:#444444;}.kt-accordion-id_0412a7-de:not( .kt-accodion-icon-style-basiccircle ):not( .kt-accodion-icon-style-xclosecircle ):not( .kt-accodion-icon-style-arrowcircle )  > .kt-accordion-inner-wrap > .wp-block-kadence-pane > .kt-accordion-header-wrap > .kt-blocks-accordion-header.kt-accordion-panel-active .kt-blocks-accordion-icon-trigger:after, .kt-accordion-id_0412a7-de:not( .kt-accodion-icon-style-basiccircle ):not( .kt-accodion-icon-style-xclosecircle ):not( .kt-accodion-icon-style-arrowcircle )  > .kt-accordion-inner-wrap > .wp-block-kadence-pane > .kt-accordion-header-wrap > .kt-blocks-accordion-header.kt-accordion-panel-active .kt-blocks-accordion-icon-trigger:before{background:#ffffff;}.kt-accordion-id_0412a7-de:not( .kt-accodion-icon-style-basic ):not( .kt-accodion-icon-style-xclose ):not( .kt-accodion-icon-style-arrow ) .kt-blocks-accordion-header.kt-accordion-panel-active .kt-blocks-accordion-icon-trigger{background:#ffffff;}.kt-accordion-id_0412a7-de:not( .kt-accodion-icon-style-basic ):not( .kt-accodion-icon-style-xclose ):not( .kt-accodion-icon-style-arrow ) .kt-blocks-accordion-header.kt-accordion-panel-active .kt-blocks-accordion-icon-trigger:after, .kt-accordion-id_0412a7-de:not( .kt-accodion-icon-style-basic ):not( .kt-accodion-icon-style-xclose ):not( .kt-accodion-icon-style-arrow ) .kt-blocks-accordion-header.kt-accordion-panel-active .kt-blocks-accordion-icon-trigger:before{background:#007a77;}@media all and (max-width: 767px){.kt-accordion-id_0412a7-de .kt-accordion-inner-wrap{display:block;}.kt-accordion-id_0412a7-de .kt-accordion-inner-wrap .kt-accordion-pane:not(:first-child){margin-top:0px;}}<\/style>\n<div class=\"wp-block-kadence-accordion alignnone\"><div class=\"kt-accordion-wrap kt-accordion-wrap kt-accordion-id_0412a7-de kt-accordion-has-2-panes kt-active-pane-0 kt-accordion-block kt-pane-header-alignment-left kt-accodion-icon-style-basic kt-accodion-icon-side-right\" style=\"max-width:none\"><div class=\"kt-accordion-inner-wrap\" data-allow-multiple-open=\"false\" data-start-open=\"none\">\n<div class=\"wp-block-kadence-pane kt-accordion-pane kt-accordion-pane-1 kt-pane_636a60-d2\"><div class=\"kt-accordion-header-wrap\"><button class=\"kt-blocks-accordion-header kt-acccordion-button-label-show\"><span class=\"kt-blocks-accordion-title-wrap\"><span class=\"kt-blocks-accordion-title\"><strong>Ressources p\u00e9dagogiques pour la pr\u00e9vention des risques<\/strong><\/span><\/span><span class=\"kt-blocks-accordion-icon-trigger\"><\/span><\/button><\/div><div class=\"kt-accordion-panel kt-accordion-panel-hidden\"><div class=\"kt-accordion-panel-inner\"><style>.wp-block-kadence-iconlist.kt-svg-icon-list-items_959c92-e3:not(.this-stops-third-party-issues){margin-top:0px;margin-bottom:0px;}.wp-block-kadence-iconlist.kt-svg-icon-list-items_959c92-e3 ul.kt-svg-icon-list:not(.this-prevents-issues):not(.this-stops-third-party-issues):not(.tijsloc){margin-top:0px;margin-right:0px;margin-bottom:var(--global-kb-spacing-sm, 1.5rem);margin-left:0px;}.wp-block-kadence-iconlist.kt-svg-icon-list-items_959c92-e3 ul.kt-svg-icon-list{grid-row-gap:10px;}.wp-block-kadence-iconlist.kt-svg-icon-list-items_959c92-e3 ul.kt-svg-icon-list .kt-svg-icon-list-item-wrap .kt-svg-icon-list-single{margin-right:10px;}.kt-svg-icon-list-items_959c92-e3 ul.kt-svg-icon-list .kt-svg-icon-list-item-wrap, .kt-svg-icon-list-items_959c92-e3 ul.kt-svg-icon-list .kt-svg-icon-list-item-wrap a{font-size:1.1em;}.kt-svg-icon-list-items_959c92-e3 ul.kt-svg-icon-list .kt-svg-icon-list-level-0 .kt-svg-icon-list-single svg{font-size:20px;}.kt-svg-icon-list-items_959c92-e3 ul.kt-svg-icon-list .kt-svg-icon-list-level-1 .kt-svg-icon-list-single svg{font-size:20px;}.kt-svg-icon-list-items_959c92-e3 ul.kt-svg-icon-list .kt-svg-icon-list-level-2 .kt-svg-icon-list-single svg{font-size:20px;}.kt-svg-icon-list-items_959c92-e3 ul.kt-svg-icon-list .kt-svg-icon-list-level-3 .kt-svg-icon-list-single svg{font-size:20px;}.kt-svg-icon-list-items_959c92-e3 ul.kt-svg-icon-list .kt-svg-icon-list-level-4 .kt-svg-icon-list-single svg{font-size:20px;}<\/style>\n<div class=\"wp-block-kadence-iconlist kt-svg-icon-list-items kt-svg-icon-list-items_959c92-e3 kt-svg-icon-list-columns-1 alignnone\"><ul class=\"kt-svg-icon-list\"><li class=\"kt-svg-icon-list-style-default kt-svg-icon-list-item-wrap kt-svg-icon-list-item-0\"><div style=\"display:inline-flex;justify-content:center;align-items:center;color:#007a77\" class=\"kt-svg-icon-list-single kt-svg-icon-list-single-fe_checkCircle\"><svg style=\"display:inline-block;vertical-align:middle\" viewbox=\"0 0 24 24\" height=\"20\" width=\"20\" fill=\"none\" stroke=\"currentColor\" xmlns=\"http:\/\/www.w3.org\/2000\/svg\" stroke-width=\"2\" stroke-linecap=\"round\" stroke-linejoin=\"round\"><path d=\"M22 11.08V12a10 10 0 1 1-5.93-9.14\"><\/path><polyline points=\"22 4 12 14.01 9 11.01\"><\/polyline><\/svg><\/div><span class=\"kt-svg-icon-list-text\">Site internet sant\u00e9-s\u00e9curit\u00e9 de la MSA : <a rel=\"noreferrer noopener\" href=\"http:\/\/references-sante-securite.msa.fr\/front?id=SSTS_Des-outils--sante-et--securite\" target=\"_blank\">http:\/\/references-sante-securite.msa.fr\/front?id=SST\\S_Des-outils\u2013sante-et\u2013securite<\/a> (documents p\u00e9dagogiques sur diff\u00e9rentes esp\u00e8ces animales, les zoonoses, la d\u00e9marche pr\u00e9vention)<\/span><\/li><li class=\"kt-svg-icon-list-style-default kt-svg-icon-list-item-wrap kt-svg-icon-list-item-1\"><div style=\"display:inline-flex;justify-content:center;align-items:center;color:#007a77\" class=\"kt-svg-icon-list-single kt-svg-icon-list-single-fe_checkCircle\"><svg style=\"display:inline-block;vertical-align:middle\" viewbox=\"0 0 24 24\" height=\"20\" width=\"20\" fill=\"none\" stroke=\"currentColor\" xmlns=\"http:\/\/www.w3.org\/2000\/svg\" stroke-width=\"2\" stroke-linecap=\"round\" stroke-linejoin=\"round\"><path d=\"M22 11.08V12a10 10 0 1 1-5.93-9.14\"><\/path><polyline points=\"22 4 12 14.01 9 11.01\"><\/polyline><\/svg><\/div><span class=\"kt-svg-icon-list-text\">Les consignes de s\u00e9curit\u00e9 en TP r\u00e9alis\u00e9es par les membres du GAP : <a href=\"http:\/\/paz-a-pas.ensfea.fr\/wp-content\/uploads\/sites\/6\/2014\/07\/Exemple-Charte.pdf\">Exemple Charte<\/a><\/span><\/li><li class=\"kt-svg-icon-list-style-default kt-svg-icon-list-item-wrap kt-svg-icon-list-item-2\"><div style=\"display:inline-flex;justify-content:center;align-items:center;color:#007a77\" class=\"kt-svg-icon-list-single kt-svg-icon-list-single-fe_checkCircle\"><svg style=\"display:inline-block;vertical-align:middle\" viewbox=\"0 0 24 24\" height=\"20\" width=\"20\" fill=\"none\" stroke=\"currentColor\" xmlns=\"http:\/\/www.w3.org\/2000\/svg\" stroke-width=\"2\" stroke-linecap=\"round\" stroke-linejoin=\"round\"><path d=\"M22 11.08V12a10 10 0 1 1-5.93-9.14\"><\/path><polyline points=\"22 4 12 14.01 9 11.01\"><\/polyline><\/svg><\/div><span class=\"kt-svg-icon-list-text\">Site internet sant\u00e9-s\u00e9curit\u00e9 du Minist\u00e8re du Travail :\u00a0\u00a0<a href=\"http:\/\/www.travailler-mieux.gouv.fr\/\">http:\/\/www.travailler-mieux.gouv.fr\/<\/a><\/span><\/li><li class=\"kt-svg-icon-list-style-default kt-svg-icon-list-item-wrap kt-svg-icon-list-item-3\"><div style=\"display:inline-flex;justify-content:center;align-items:center;color:#007a77\" class=\"kt-svg-icon-list-single kt-svg-icon-list-single-fe_checkCircle\"><svg style=\"display:inline-block;vertical-align:middle\" viewbox=\"0 0 24 24\" height=\"20\" width=\"20\" fill=\"none\" stroke=\"currentColor\" xmlns=\"http:\/\/www.w3.org\/2000\/svg\" stroke-width=\"2\" stroke-linecap=\"round\" stroke-linejoin=\"round\"><path d=\"M22 11.08V12a10 10 0 1 1-5.93-9.14\"><\/path><polyline points=\"22 4 12 14.01 9 11.01\"><\/polyline><\/svg><\/div><span class=\"kt-svg-icon-list-text\">Site internet Institut National de la Recherche en S\u00e9curit\u00e9 :\u00a0<a rel=\"noreferrer noopener\" href=\"http:\/\/www.inrs.fr\/\" target=\"_blank\">http:\/\/www.inrs.fr\/<\/a> (fiches techniques sur les risques li\u00e9s aux produits chimiques dangereux)<\/span><\/li><li class=\"kt-svg-icon-list-style-default kt-svg-icon-list-item-wrap kt-svg-icon-list-item-4\"><div style=\"display:inline-flex;justify-content:center;align-items:center;color:#007a77\" class=\"kt-svg-icon-list-single kt-svg-icon-list-single-fe_checkCircle\"><svg style=\"display:inline-block;vertical-align:middle\" viewbox=\"0 0 24 24\" height=\"20\" width=\"20\" fill=\"none\" stroke=\"currentColor\" xmlns=\"http:\/\/www.w3.org\/2000\/svg\" stroke-width=\"2\" stroke-linecap=\"round\" stroke-linejoin=\"round\"><path d=\"M22 11.08V12a10 10 0 1 1-5.93-9.14\"><\/path><polyline points=\"22 4 12 14.01 9 11.01\"><\/polyline><\/svg><\/div><span class=\"kt-svg-icon-list-text\">Site internet chlorofil : <a href=\"https:\/\/chlorofil.fr\/actions\/sante\">sant\u00e9 et s\u00e9curit\u00e9 des apprenants<\/a><\/span><\/li><\/ul><\/div>\n<\/div><\/div><\/div>\n\n\n\n<div class=\"wp-block-kadence-pane kt-accordion-pane kt-accordion-pane-2 kt-pane_c5065d-3b\"><div class=\"kt-accordion-header-wrap\"><button class=\"kt-blocks-accordion-header kt-acccordion-button-label-show\"><span class=\"kt-blocks-accordion-title-wrap\"><span class=\"kt-blocks-accordion-title\"><strong>Exemple d\u2019une journ\u00e9e pr\u00e9vention des risques sur l\u2019exploitation agricole organis\u00e9e au lyc\u00e9e agricole de La Cazotte :<\/strong><\/span><\/span><span class=\"kt-blocks-accordion-icon-trigger\"><\/span><\/button><\/div><div class=\"kt-accordion-panel kt-accordion-panel-hidden\"><div class=\"kt-accordion-panel-inner\">\n<p style=\"font-size:19px\"><a rel=\"noreferrer noopener\" href=\"http:\/\/paz-a-pas.ensfea.fr\/wp-content\/uploads\/sites\/6\/2014\/07\/Sensibiliser-les-\u00e9l\u00e8ves-\u00e0-la-pr\u00e9vention-des-risques-sur-les-ateliers-technologiques-de-l.pdf\" target=\"_blank\">Pr\u00e9vention des risques sur l\u2019exploitation agricole<\/a><\/p>\n\n\n\n<p style=\"font-size:19px\"><a rel=\"noreferrer noopener\" href=\"http:\/\/paz-a-pas.ensfea.fr\/wp-content\/uploads\/sites\/6\/2014\/07\/Sensibiliser-les-\u00e9l\u00e8ves-\u00e0-la-pr\u00e9vention-des-risques-sur-les-ateliers-technologiques-de-l.pdf\" target=\"_blank\"><a href=\"http:\/\/paz-a-pas.ensfea.fr\/wp-content\/uploads\/sites\/6\/2014\/07\/CONSIGNES-SECURITE-EXPLOITATION.pdf\">Annexe 1 : Synth\u00e8se des consignes de s\u00e9curit\u00e9 sur l\u2019exploitation<\/a><\/a><\/p>\n\n\n\n<p style=\"font-size:19px\"><a rel=\"noreferrer noopener\" href=\"http:\/\/paz-a-pas.ensfea.fr\/wp-content\/uploads\/sites\/6\/2014\/07\/Sensibiliser-les-\u00e9l\u00e8ves-\u00e0-la-pr\u00e9vention-des-risques-sur-les-ateliers-technologiques-de-l.pdf\" target=\"_blank\"><a rel=\"noreferrer noopener\" href=\"http:\/\/paz-a-pas.ensfea.fr\/wp-content\/uploads\/sites\/6\/2014\/07\/LES-RISQUES-DANS-LA-BERGERIE.pdf\" target=\"_blank\">Annexe 2 : Synth\u00e8se des risques dans la bergerie<\/a><\/a><\/p>\n\n\n\n<p style=\"font-size:19px\"><a rel=\"noreferrer noopener\" href=\"http:\/\/paz-a-pas.ensfea.fr\/wp-content\/uploads\/sites\/6\/2014\/07\/Sensibiliser-les-\u00e9l\u00e8ves-\u00e0-la-pr\u00e9vention-des-risques-sur-les-ateliers-technologiques-de-l.pdf\" target=\"_blank\"><a rel=\"noreferrer noopener\" href=\"http:\/\/paz-a-pas.ensfea.fr\/wp-content\/uploads\/sites\/6\/2014\/07\/LES-RISQUES-AU-CENTRE-EQUIN.pdf\" target=\"_blank\">Annexe 3 : Synth\u00e8se des risques au centre \u00e9quin<\/a><\/a><\/p>\n<\/div><\/div><\/div>\n<\/div><\/div><\/div>\n","protected":false},"excerpt":{"rendered":"","protected":false},"author":49,"featured_media":0,"parent":664,"menu_order":0,"comment_status":"closed","ping_status":"closed","template":"","meta":{"footnotes":""},"class_list":["post-2698","page","type-page","status-publish","hentry"],"_links":{"self":[{"href":"https:\/\/paz-a-pas.ensfea.fr\/index.php?rest_route=\/wp\/v2\/pages\/2698","targetHints":{"allow":["GET"]}}],"collection":[{"href":"https:\/\/paz-a-pas.ensfea.fr\/index.php?rest_route=\/wp\/v2\/pages"}],"about":[{"href":"https:\/\/paz-a-pas.ensfea.fr\/index.php?rest_route=\/wp\/v2\/types\/page"}],"author":[{"embeddable":true,"href":"https:\/\/paz-a-pas.ensfea.fr\/index.php?rest_route=\/wp\/v2\/users\/49"}],"replies":[{"embeddable":true,"href":"https:\/\/paz-a-pas.ensfea.fr\/index.php?rest_route=%2Fwp%2Fv2%2Fcomments&post=2698"}],"version-history":[{"count":1,"href":"https:\/\/paz-a-pas.ensfea.fr\/index.php?rest_route=\/wp\/v2\/pages\/2698\/revisions"}],"predecessor-version":[{"id":2699,"href":"https:\/\/paz-a-pas.ensfea.fr\/index.php?rest_route=\/wp\/v2\/pages\/2698\/revisions\/2699"}],"up":[{"embeddable":true,"href":"https:\/\/paz-a-pas.ensfea.fr\/index.php?rest_route=\/wp\/v2\/pages\/664"}],"wp:attachment":[{"href":"https:\/\/paz-a-pas.ensfea.fr\/index.php?rest_route=%2Fwp%2Fv2%2Fmedia&parent=2698"}],"curies":[{"name":"wp","href":"https:\/\/api.w.org\/{rel}","templated":true}]}}