{"id":2289,"date":"2019-09-19T15:26:17","date_gmt":"2019-09-19T14:26:17","guid":{"rendered":"http:\/\/paz-a-pas.ensfea.fr\/?page_id=2289"},"modified":"2025-03-03T09:36:48","modified_gmt":"2025-03-03T08:36:48","slug":"utilisation-des-smartphones-en-tp","status":"publish","type":"page","link":"https:\/\/paz-a-pas.ensfea.fr\/?page_id=2289","title":{"rendered":"Utilisation des smartphones en TP"},"content":{"rendered":"\r\n<p style=\"font-size: 19px\">Comment accompagner l&rsquo;utilisation des smartphones lors des TP en zootechnique afin de permettre aux \u00e9l\u00e8ves de filmer la r\u00e9alisation de gestes professionnels ?<\/p>\r\n\r\n\r\n\r\n<p style=\"font-size: 19px\">Un groupe d&rsquo;enseignants-stagiaires a explor\u00e9 cette th\u00e9matique. Ils ont \u00e9labor\u00e9 une capsule vid\u00e9o r\u00e9alis\u00e9e sur les objectifs et r\u00e8gles d&rsquo;utilisation des smartphones en TP et l&rsquo;ont mobilis\u00e9e pour installer des habitudes de travail en TP.<\/p>\r\n\r\n\r\n\r\n<p style=\"font-size: 19px\">Pour en savoir plus et acc\u00e9der \u00e0 cette capsule vid\u00e9o, nous vous invitons \u00e0 lire le t\u00e9moignage de Nina Leuci, enseignante en productions animales.<\/p>\r\n\r\n\r\n\r\n<div class=\"wp-block-file\"><a href=\"http:\/\/paz-a-pas.ensfea.fr\/wp-content\/uploads\/sites\/6\/2019\/09\/T\u00e9moignage-Nina-Leuci.pdf\">T\u00e9moignage-Nina-Leuci<\/a><a class=\"wp-block-file__button\" href=\"http:\/\/paz-a-pas.ensfea.fr\/wp-content\/uploads\/sites\/6\/2019\/09\/T\u00e9moignage-Nina-Leuci.pdf\">T\u00e9l\u00e9charger<\/a><\/div>\r\n\r\n\r\n\r\n<div class=\"wp-block-file\"><a href=\"https:\/\/paz-a-pas.ensfea.fr\/wp-content\/uploads\/sites\/6\/2025\/03\/LEUCI-Nina_TSR_oral_individuel_revu.pdf\">Diaporama explicatif de la capsule vid\u00e9o<\/a><a class=\"wp-block-file__button\" href=\"https:\/\/paz-a-pas.ensfea.fr\/wp-content\/uploads\/sites\/6\/2025\/03\/LEUCI-Nina_TSR_oral_individuel_revu.pdf\"> T\u00e9l\u00e9charger<\/a><\/div>\r\n\r\n\r\n\r\n<figure class=\"wp-block-image is-resized\"><a href=\"https:\/\/prismes.univ-toulouse.fr\/player.php?code=M8Fy6B26&amp;width=100%25&amp;height=100%25\"><img loading=\"lazy\" decoding=\"async\" class=\"wp-image-2313\" src=\"http:\/\/paz-a-pas.ensfea.fr\/wp-content\/uploads\/sites\/6\/2019\/09\/Capsule-vid\u00e9o-Nina-Leuci-1024x591.png\" alt=\"\" width=\"512\" height=\"296\" srcset=\"https:\/\/paz-a-pas.ensfea.fr\/wp-content\/uploads\/sites\/6\/2019\/09\/Capsule-vid\u00e9o-Nina-Leuci-1024x591.png 1024w, https:\/\/paz-a-pas.ensfea.fr\/wp-content\/uploads\/sites\/6\/2019\/09\/Capsule-vid\u00e9o-Nina-Leuci-300x173.png 300w, https:\/\/paz-a-pas.ensfea.fr\/wp-content\/uploads\/sites\/6\/2019\/09\/Capsule-vid\u00e9o-Nina-Leuci-768x443.png 768w, https:\/\/paz-a-pas.ensfea.fr\/wp-content\/uploads\/sites\/6\/2019\/09\/Capsule-vid\u00e9o-Nina-Leuci.png 1149w\" sizes=\"auto, (max-width: 512px) 100vw, 512px\" \/><\/a>\r\n<figcaption>Capsule vid\u00e9o : Utilisation du smartphone en TP<\/figcaption>\r\n<\/figure>\r\n\r\n\r\n\r\n<p style=\"font-size: 19px\">Nous vous proposons \u00e9galement pour prolonger cette r\u00e9flexion, de consulter l&rsquo;exp\u00e9rience men\u00e9e sur le <a href=\"https:\/\/pollen.chlorofil.fr\/resultat-des-innovations\/monparam\/1502\/\">LEGTA de Quimper Br\u00e9houlou <\/a><\/p>\r\n\r\n\r\n\r\n<p>&nbsp;<\/p>\r\n","protected":false},"excerpt":{"rendered":"<p>Comment accompagner l&rsquo;utilisation des smartphones lors des TP en zootechnique afin de permettre aux \u00e9l\u00e8ves de filmer la r\u00e9alisation de [&hellip;]<\/p>\n","protected":false},"author":49,"featured_media":0,"parent":204,"menu_order":0,"comment_status":"closed","ping_status":"closed","template":"","meta":{"footnotes":""},"class_list":["post-2289","page","type-page","status-publish","hentry"],"_links":{"self":[{"href":"https:\/\/paz-a-pas.ensfea.fr\/index.php?rest_route=\/wp\/v2\/pages\/2289","targetHints":{"allow":["GET"]}}],"collection":[{"href":"https:\/\/paz-a-pas.ensfea.fr\/index.php?rest_route=\/wp\/v2\/pages"}],"about":[{"href":"https:\/\/paz-a-pas.ensfea.fr\/index.php?rest_route=\/wp\/v2\/types\/page"}],"author":[{"embeddable":true,"href":"https:\/\/paz-a-pas.ensfea.fr\/index.php?rest_route=\/wp\/v2\/users\/49"}],"replies":[{"embeddable":true,"href":"https:\/\/paz-a-pas.ensfea.fr\/index.php?rest_route=%2Fwp%2Fv2%2Fcomments&post=2289"}],"version-history":[{"count":9,"href":"https:\/\/paz-a-pas.ensfea.fr\/index.php?rest_route=\/wp\/v2\/pages\/2289\/revisions"}],"predecessor-version":[{"id":3502,"href":"https:\/\/paz-a-pas.ensfea.fr\/index.php?rest_route=\/wp\/v2\/pages\/2289\/revisions\/3502"}],"up":[{"embeddable":true,"href":"https:\/\/paz-a-pas.ensfea.fr\/index.php?rest_route=\/wp\/v2\/pages\/204"}],"wp:attachment":[{"href":"https:\/\/paz-a-pas.ensfea.fr\/index.php?rest_route=%2Fwp%2Fv2%2Fmedia&parent=2289"}],"curies":[{"name":"wp","href":"https:\/\/api.w.org\/{rel}","templated":true}]}}