{"id":2117,"date":"2018-09-17T13:18:38","date_gmt":"2018-09-17T12:18:38","guid":{"rendered":"http:\/\/paz-a-pas.ensfea.fr\/?page_id=2117"},"modified":"2025-03-03T09:46:45","modified_gmt":"2025-03-03T08:46:45","slug":"utilisation-de-la-video-pour-lauto-evaluation-des-eleves-en-tp","status":"publish","type":"page","link":"https:\/\/paz-a-pas.ensfea.fr\/?page_id=2117","title":{"rendered":"Utilisation de la vid\u00e9o pour l&rsquo;auto-\u00e9valuation des \u00e9l\u00e8ves en TP"},"content":{"rendered":"\n<p style=\"font-size:19px\">L\u2019auto-\u00e9valuation des \u00e9l\u00e8ves est une composante essentielle de l\u2019\u00e9valuation formative. Lorsqu\u2019un \u00e9l\u00e8ve essaye d\u2019apprendre, un retour sur ses efforts est b\u00e9n\u00e9fique \u00e0 trois niveaux :<\/p>\n\n\n<style>.kb-row-layout-id2117_fe9063-a7 > .kt-row-column-wrap{align-content:start;}:where(.kb-row-layout-id2117_fe9063-a7 > .kt-row-column-wrap) > .wp-block-kadence-column{justify-content:start;}.kb-row-layout-id2117_fe9063-a7 > .kt-row-column-wrap{column-gap:var(--global-kb-gap-md, 2rem);row-gap:var(--global-kb-gap-md, 2rem);padding-top:25px;padding-bottom:0px;grid-template-columns:minmax(0, 2fr) minmax(0, 1fr);}.kb-row-layout-id2117_fe9063-a7 > .kt-row-layout-overlay{opacity:0.30;}@media all and (max-width: 1024px){.kb-row-layout-id2117_fe9063-a7 > .kt-row-column-wrap{grid-template-columns:minmax(0, 2fr) minmax(0, 1fr);}}@media all and (max-width: 767px){.kb-row-layout-id2117_fe9063-a7 > .kt-row-column-wrap{grid-template-columns:minmax(0, 1fr);}}<\/style><div class=\"kb-row-layout-wrap kb-row-layout-id2117_fe9063-a7 alignnone wp-block-kadence-rowlayout\"><div class=\"kt-row-column-wrap kt-has-2-columns kt-row-layout-left-golden kt-tab-layout-inherit kt-mobile-layout-row kt-row-valign-top\">\n<style>.kadence-column2117_c054e1-6d > .kt-inside-inner-col,.kadence-column2117_c054e1-6d > .kt-inside-inner-col:before{border-top-left-radius:0px;border-top-right-radius:0px;border-bottom-right-radius:0px;border-bottom-left-radius:0px;}.kadence-column2117_c054e1-6d > .kt-inside-inner-col{column-gap:var(--global-kb-gap-sm, 1rem);}.kadence-column2117_c054e1-6d > .kt-inside-inner-col{flex-direction:column;}.kadence-column2117_c054e1-6d > .kt-inside-inner-col > .aligncenter{width:100%;}.kadence-column2117_c054e1-6d > .kt-inside-inner-col:before{opacity:0.3;}.kadence-column2117_c054e1-6d{position:relative;}@media all and (max-width: 1024px){.kadence-column2117_c054e1-6d > .kt-inside-inner-col{flex-direction:column;justify-content:center;}}@media all and (max-width: 767px){.kadence-column2117_c054e1-6d > .kt-inside-inner-col{flex-direction:column;justify-content:center;}}<\/style>\n<div class=\"wp-block-kadence-column kadence-column2117_c054e1-6d inner-column-1\"><div class=\"kt-inside-inner-col\"><style>.wp-block-kadence-iconlist.kt-svg-icon-list-items2117_0af7dc-d1:not(.this-stops-third-party-issues){margin-top:0px;margin-bottom:0px;}.wp-block-kadence-iconlist.kt-svg-icon-list-items2117_0af7dc-d1 ul.kt-svg-icon-list:not(.this-prevents-issues):not(.this-stops-third-party-issues):not(.tijsloc){margin-top:0px;margin-right:0px;margin-bottom:10px;margin-left:0px;}.wp-block-kadence-iconlist.kt-svg-icon-list-items2117_0af7dc-d1 ul.kt-svg-icon-list{grid-row-gap:10px;}.wp-block-kadence-iconlist.kt-svg-icon-list-items2117_0af7dc-d1 ul.kt-svg-icon-list .kt-svg-icon-list-item-wrap .kt-svg-icon-list-single{margin-right:10px;}.kt-svg-icon-list-items2117_0af7dc-d1 ul.kt-svg-icon-list .kt-svg-icon-list-item-wrap, .kt-svg-icon-list-items2117_0af7dc-d1 ul.kt-svg-icon-list .kt-svg-icon-list-item-wrap a{font-size:1.1em;}<\/style>\n<div class=\"wp-block-kadence-iconlist kt-svg-icon-list-items kt-svg-icon-list-items2117_0af7dc-d1 kt-svg-icon-list-columns-1 alignnone\"><ul class=\"kt-svg-icon-list\"><style>.kt-svg-icon-list-item-2117_64ebfe-65 .kt-svg-icon-list-single{font-size:20px !important;color:#007a77 !important;}.kt-svg-icon-list-item-2117_64ebfe-65 .kt-svg-icon-list-text mark.kt-highlight{background-color:unset;font-style:normal;color:#f76a0c;-webkit-box-decoration-break:clone;box-decoration-break:clone;padding-top:0px;padding-right:0px;padding-bottom:0px;padding-left:0px;}<\/style>\n<li class=\"wp-block-kadence-listitem kt-svg-icon-list-item-wrap kt-svg-icon-list-item-2117_64ebfe-65 kt-svg-icon-list-style-default\"><span class=\"kb-svg-icon-wrap kb-svg-icon-fe_checkCircle kt-svg-icon-list-single\"><svg viewBox=\"0 0 24 24\"  fill=\"none\" stroke=\"currentColor\" stroke-width=\"2\" stroke-linecap=\"round\" stroke-linejoin=\"round\" xmlns=\"http:\/\/www.w3.org\/2000\/svg\"  aria-hidden=\"true\"><path d=\"M22 11.08V12a10 10 0 1 1-5.93-9.14\"\/><polyline points=\"22 4 12 14.01 9 11.01\"\/><\/svg><\/span><span class=\"kt-svg-icon-list-text\">cela lui permet de bien prendre conscience de l\u2019objectif \u00e0 atteindre,<\/span><\/li>\n\n\n<style>.kt-svg-icon-list-item-2117_8ecedc-55 .kt-svg-icon-list-single{font-size:20px !important;color:#007a77 !important;}.kt-svg-icon-list-item-2117_8ecedc-55 .kt-svg-icon-list-text mark.kt-highlight{background-color:unset;font-style:normal;color:#f76a0c;-webkit-box-decoration-break:clone;box-decoration-break:clone;padding-top:0px;padding-right:0px;padding-bottom:0px;padding-left:0px;}<\/style>\n<li class=\"wp-block-kadence-listitem kt-svg-icon-list-item-wrap kt-svg-icon-list-item-2117_8ecedc-55 kt-svg-icon-list-style-default\"><span class=\"kb-svg-icon-wrap kb-svg-icon-fe_checkCircle kt-svg-icon-list-single\"><svg viewBox=\"0 0 24 24\"  fill=\"none\" stroke=\"currentColor\" stroke-width=\"2\" stroke-linecap=\"round\" stroke-linejoin=\"round\" xmlns=\"http:\/\/www.w3.org\/2000\/svg\"  aria-hidden=\"true\"><path d=\"M22 11.08V12a10 10 0 1 1-5.93-9.14\"\/><polyline points=\"22 4 12 14.01 9 11.01\"\/><\/svg><\/span><span class=\"kt-svg-icon-list-text\">cela lui donne des indications sur son niveau actuel, sur la qualit\u00e9 de ses productions ou de sa gestuelle\u2026<\/span><\/li>\n\n\n<style>.kt-svg-icon-list-item-2117_606ff2-a7 .kt-svg-icon-list-single{font-size:20px !important;color:#007a77 !important;}.kt-svg-icon-list-item-2117_606ff2-a7 .kt-svg-icon-list-text mark.kt-highlight{background-color:unset;font-style:normal;color:#f76a0c;-webkit-box-decoration-break:clone;box-decoration-break:clone;padding-top:0px;padding-right:0px;padding-bottom:0px;padding-left:0px;}<\/style>\n<li class=\"wp-block-kadence-listitem kt-svg-icon-list-item-wrap kt-svg-icon-list-item-2117_606ff2-a7 kt-svg-icon-list-style-default\"><span class=\"kb-svg-icon-wrap kb-svg-icon-fe_checkCircle kt-svg-icon-list-single\"><svg viewBox=\"0 0 24 24\"  fill=\"none\" stroke=\"currentColor\" stroke-width=\"2\" stroke-linecap=\"round\" stroke-linejoin=\"round\" xmlns=\"http:\/\/www.w3.org\/2000\/svg\"  aria-hidden=\"true\"><path d=\"M22 11.08V12a10 10 0 1 1-5.93-9.14\"\/><polyline points=\"22 4 12 14.01 9 11.01\"\/><\/svg><\/span><span class=\"kt-svg-icon-list-text\">cela lui permet de mieux comprendre la fa\u00e7on de combler l\u2019\u00e9cart entre les deux premiers points.<\/span><\/li>\n<\/ul><\/div>\n\n\n\n<p style=\"font-size:19px\">Pour que l\u2019\u00e9l\u00e8ve am\u00e9liore son apprentissage, il est indispensable qu\u2019il comprenne ces trois \u00e9l\u00e9ments. La vid\u00e9o est un outil qui peut participer \u00e0 cette analyse. Filmer les \u00e9l\u00e8ves en action peut leur permettre de mieux comprendre la situation r\u00e9elle et de prendre conscience de ses activit\u00e9s r\u00e9alis\u00e9es.<\/p>\n\n\n\n<p style=\"font-size:19px\">Cependant, pour que l\u2019auto-\u00e9valuation formative soit efficace, <strong>les \u00e9l\u00e8ves doivent y \u00eatre form\u00e9s<\/strong>.<\/p>\n\n\n\n<p style=\"font-size:19px\">Pour que les \u00e9l\u00e8ves puissent s\u2019\u00e9valuer, ils doivent se comparer \u00e0 un r\u00e9f\u00e9rentiel qui comporte, en g\u00e9n\u00e9ral, les objectifs d\u2019apprentissage ainsi que les crit\u00e8res d\u2019\u00e9valuation. En effet, si l\u2019\u00e9l\u00e8ve ne poss\u00e8de pas une r\u00e9f\u00e9rence \u00e0 laquelle se comparer, il ne pourra \u00e9videmment pas \u00e9valuer ses performances. L\u2019\u00e9l\u00e8ve doit pouvoir comparer son travail \u00e0 des crit\u00e8res de performance pr\u00e9\u00e9tablis en lien, entre autres, avec les objectifs d\u2019apprentissage.<\/p>\n<\/div><\/div>\n\n\n<style>.kadence-column2117_6624ec-c0 > .kt-inside-inner-col,.kadence-column2117_6624ec-c0 > .kt-inside-inner-col:before{border-top-left-radius:0px;border-top-right-radius:0px;border-bottom-right-radius:0px;border-bottom-left-radius:0px;}.kadence-column2117_6624ec-c0 > .kt-inside-inner-col{column-gap:var(--global-kb-gap-sm, 1rem);}.kadence-column2117_6624ec-c0 > .kt-inside-inner-col{flex-direction:column;}.kadence-column2117_6624ec-c0 > .kt-inside-inner-col > .aligncenter{width:100%;}.kadence-column2117_6624ec-c0 > .kt-inside-inner-col:before{opacity:0.3;}.kadence-column2117_6624ec-c0{position:relative;}@media all and (max-width: 1024px){.kadence-column2117_6624ec-c0 > .kt-inside-inner-col{flex-direction:column;justify-content:center;}}@media all and (max-width: 767px){.kadence-column2117_6624ec-c0 > .kt-inside-inner-col{flex-direction:column;justify-content:center;}}<\/style>\n<div class=\"wp-block-kadence-column kadence-column2117_6624ec-c0 inner-column-2\"><div class=\"kt-inside-inner-col\"><style>.wp-block-kadence-spacer.kt-block-spacer-2117_e83eda-83 .kt-block-spacer{height:60px;}.wp-block-kadence-spacer.kt-block-spacer-2117_e83eda-83 .kt-divider{border-top-width:1px;height:1px;border-top-color:#eee;width:80%;border-top-style:solid;}<\/style>\n<div class=\"wp-block-kadence-spacer aligncenter kt-block-spacer-2117_e83eda-83\"><div class=\"kt-block-spacer kt-block-spacer-halign-center\"><\/div><\/div>\n\n\n\n<figure class=\"wp-block-image size-large\"><img loading=\"lazy\" decoding=\"async\" width=\"1024\" height=\"683\" src=\"https:\/\/paz-a-pas.ensfea.fr\/wp-content\/uploads\/sites\/6\/2025\/03\/survey-7046888_1280-1024x683.jpg\" alt=\"\" class=\"wp-image-3503\" srcset=\"https:\/\/paz-a-pas.ensfea.fr\/wp-content\/uploads\/sites\/6\/2025\/03\/survey-7046888_1280-1024x683.jpg 1024w, https:\/\/paz-a-pas.ensfea.fr\/wp-content\/uploads\/sites\/6\/2025\/03\/survey-7046888_1280-300x200.jpg 300w, https:\/\/paz-a-pas.ensfea.fr\/wp-content\/uploads\/sites\/6\/2025\/03\/survey-7046888_1280-768x512.jpg 768w, https:\/\/paz-a-pas.ensfea.fr\/wp-content\/uploads\/sites\/6\/2025\/03\/survey-7046888_1280.jpg 1280w\" sizes=\"auto, (max-width: 1024px) 100vw, 1024px\" \/><\/figure>\n<\/div><\/div>\n\n<\/div><\/div>\n\n\n<p style=\"font-size:19px\">L\u2019enseignant &nbsp;doit donc lui <strong>fournir<\/strong> ou lui <strong>faire construire des instruments<\/strong>.<\/p>\n\n\n\n<p style=\"font-size:19px\">Les instruments permettant l\u2019auto-\u00e9valuation sont nombreux et de divers types. Pour l\u2019auto-\u00e9valuation avec utilisation de la vid\u00e9o, on peut par exemple utiliser une grille d\u2019\u00e9valuation ou une check-list (plus facile \u00e0 utiliser avec de jeunes \u00e9l\u00e8ves). Ces instruments peuvent \u00eatre utilis\u00e9s et compl\u00e9t\u00e9s par un \u00e9l\u00e8ve ou de mani\u00e8re collective. Ils aident les \u00e9l\u00e8ves \u00e0 prendre conscience de comportements, de pratiques qui peuvent et devraient \u00e9voluer. Il est important lors de l\u2019utilisation en classe d\u2019insister sur le fait que ces instruments sont des un outils offrant \u00e0 l\u2019\u00e9l\u00e8ve la possibilit\u00e9 d\u2019\u00e9voluer favorablement dans &nbsp;ses apprentissages. Il ne faut en aucun cas qu\u2019il culpabilise en d\u00e9couvrant ses erreurs et difficult\u00e9s.<\/p>\n\n\n\n<p style=\"font-size:19px\">Dans tous les cas, les \u00e9l\u00e8ves doivent comprendre les crit\u00e8res et indicateurs des grilles. Il faut donc s\u2019\u2019assurer que les crit\u00e8res sont clairs pour l\u2019\u00e9l\u00e8ve, en lien avec les \u00e9l\u00e9ments de comp\u00e9tence, les contextes de r\u00e9alisation et les crit\u00e8res de performance.<\/p>\n\n\n\n<p style=\"font-size:19px\">Page suivante : <a href=\"http:\/\/paz-a-pas.ensfea.fr\/?page_id=2119\">Pistes pour la formation \u00e0 l\u2019auto\u00e9valuation<\/a><\/p>\n","protected":false},"excerpt":{"rendered":"<p>L\u2019auto-\u00e9valuation des \u00e9l\u00e8ves est une composante essentielle de l\u2019\u00e9valuation formative. Lorsqu\u2019un \u00e9l\u00e8ve essaye d\u2019apprendre, un retour sur ses efforts est [&hellip;]<\/p>\n","protected":false},"author":49,"featured_media":0,"parent":2106,"menu_order":0,"comment_status":"closed","ping_status":"closed","template":"","meta":{"footnotes":""},"class_list":["post-2117","page","type-page","status-publish","hentry"],"_links":{"self":[{"href":"https:\/\/paz-a-pas.ensfea.fr\/index.php?rest_route=\/wp\/v2\/pages\/2117","targetHints":{"allow":["GET"]}}],"collection":[{"href":"https:\/\/paz-a-pas.ensfea.fr\/index.php?rest_route=\/wp\/v2\/pages"}],"about":[{"href":"https:\/\/paz-a-pas.ensfea.fr\/index.php?rest_route=\/wp\/v2\/types\/page"}],"author":[{"embeddable":true,"href":"https:\/\/paz-a-pas.ensfea.fr\/index.php?rest_route=\/wp\/v2\/users\/49"}],"replies":[{"embeddable":true,"href":"https:\/\/paz-a-pas.ensfea.fr\/index.php?rest_route=%2Fwp%2Fv2%2Fcomments&post=2117"}],"version-history":[{"count":5,"href":"https:\/\/paz-a-pas.ensfea.fr\/index.php?rest_route=\/wp\/v2\/pages\/2117\/revisions"}],"predecessor-version":[{"id":3504,"href":"https:\/\/paz-a-pas.ensfea.fr\/index.php?rest_route=\/wp\/v2\/pages\/2117\/revisions\/3504"}],"up":[{"embeddable":true,"href":"https:\/\/paz-a-pas.ensfea.fr\/index.php?rest_route=\/wp\/v2\/pages\/2106"}],"wp:attachment":[{"href":"https:\/\/paz-a-pas.ensfea.fr\/index.php?rest_route=%2Fwp%2Fv2%2Fmedia&parent=2117"}],"curies":[{"name":"wp","href":"https:\/\/api.w.org\/{rel}","templated":true}]}}