{"id":2106,"date":"2018-09-17T13:25:59","date_gmt":"2018-09-17T12:25:59","guid":{"rendered":"http:\/\/paz-a-pas.ensfea.fr\/?page_id=2106"},"modified":"2020-09-03T07:13:38","modified_gmt":"2020-09-03T06:13:38","slug":"auto-evaluer-et-expliciter-ses-pratiques-en-tp","status":"publish","type":"page","link":"https:\/\/paz-a-pas.ensfea.fr\/?page_id=2106","title":{"rendered":"Auto-\u00e9valuer et expliciter ses pratiques en TP"},"content":{"rendered":"\n<p class=\"has-text-align-center has-large-font-size\">La vid\u00e9o\u00a0: un outil d\u2019auto\u00e9valuation et d\u2019explicitation en travaux pratiques<\/p>\n\n\n\n<p class=\"has-kb-palette-1-color has-text-color has-medium-font-size\"><strong>Par quelle th\u00e9matique souhaitez-vous d\u00e9buter ?<\/strong><\/p>\n\n\n<style>.wp-block-kadence-iconlist.kt-svg-icon-list-items_b940ff-54:not(.this-stops-third-party-issues){margin-top:0px;margin-bottom:0px;}.wp-block-kadence-iconlist.kt-svg-icon-list-items_b940ff-54 ul.kt-svg-icon-list:not(.this-prevents-issues):not(.this-stops-third-party-issues):not(.tijsloc){margin-top:0px;margin-right:0px;margin-bottom:var(--global-kb-spacing-sm, 1.5rem);margin-left:0px;}.wp-block-kadence-iconlist.kt-svg-icon-list-items_b940ff-54 ul.kt-svg-icon-list{grid-row-gap:10px;}.wp-block-kadence-iconlist.kt-svg-icon-list-items_b940ff-54 ul.kt-svg-icon-list .kt-svg-icon-list-item-wrap .kt-svg-icon-list-single{margin-right:10px;}.kt-svg-icon-list-items_b940ff-54 ul.kt-svg-icon-list .kt-svg-icon-list-item-wrap, .kt-svg-icon-list-items_b940ff-54 ul.kt-svg-icon-list .kt-svg-icon-list-item-wrap a{font-size:1.1em;}.kt-svg-icon-list-items_b940ff-54 ul.kt-svg-icon-list .kt-svg-icon-list-level-0 .kt-svg-icon-list-single svg{font-size:20px;}.kt-svg-icon-list-items_b940ff-54 ul.kt-svg-icon-list .kt-svg-icon-list-level-1 .kt-svg-icon-list-single svg{font-size:20px;}<\/style>\n<div class=\"wp-block-kadence-iconlist kt-svg-icon-list-items kt-svg-icon-list-items_b940ff-54 kt-svg-icon-list-columns-1 alignnone\"><ul class=\"kt-svg-icon-list\"><li class=\"kt-svg-icon-list-style-default kt-svg-icon-list-item-wrap kt-svg-icon-list-item-0\"><div style=\"display:inline-flex;justify-content:center;align-items:center;color:#007a77\" class=\"kt-svg-icon-list-single kt-svg-icon-list-single-fe_checkCircle\"><svg style=\"display:inline-block;vertical-align:middle\" viewbox=\"0 0 24 24\" height=\"20\" width=\"20\" fill=\"none\" stroke=\"currentColor\" xmlns=\"http:\/\/www.w3.org\/2000\/svg\" stroke-width=\"2\" stroke-linecap=\"round\" stroke-linejoin=\"round\"><path d=\"M22 11.08V12a10 10 0 1 1-5.93-9.14\"><\/path><polyline points=\"22 4 12 14.01 9 11.01\"><\/polyline><\/svg><\/div><span class=\"kt-svg-icon-list-text\"><a href=\"http:\/\/paz-a-pas.ensfea.fr\/?page_id=2117\">Auto-\u00e9valuation\u00a0des \u00e9l\u00e8ves \u00e0 l\u2019aide de la vid\u00e9o en travaux pratiques<\/a><\/span><\/li><li class=\"kt-svg-icon-list-style-default kt-svg-icon-list-item-wrap kt-svg-icon-list-item-1\"><div style=\"display:inline-flex;justify-content:center;align-items:center;color:#007a77\" class=\"kt-svg-icon-list-single kt-svg-icon-list-single-fe_checkCircle\"><svg style=\"display:inline-block;vertical-align:middle\" viewbox=\"0 0 24 24\" height=\"20\" width=\"20\" fill=\"none\" stroke=\"currentColor\" xmlns=\"http:\/\/www.w3.org\/2000\/svg\" stroke-width=\"2\" stroke-linecap=\"round\" stroke-linejoin=\"round\"><path d=\"M22 11.08V12a10 10 0 1 1-5.93-9.14\"><\/path><polyline points=\"22 4 12 14.01 9 11.01\"><\/polyline><\/svg><\/div><span class=\"kt-svg-icon-list-text\"><a href=\"http:\/\/paz-a-pas.ensfea.fr\/?page_id=2128\">Explicitation des pratiques \u00e0 l\u2019aide de la vid\u00e9o en travaux pratiques<\/a><\/span><\/li><\/ul><\/div>\n\n\n\n<p style=\"font-size:19px\">Si vous ne souhaitez pas aborder cette th\u00e9matique en naviguant sur le site, vous pouvez t\u00e9l\u00e9charger la synth\u00e8se en format pdf : <a href=\"http:\/\/paz-a-pas.ensfea.fr\/wp-content\/uploads\/sites\/6\/2018\/09\/video.pdf\">Auto-\u00e9valuation et explicitation des pratiques \u00e0 l\u2019aide de la vid\u00e9o en TP<\/a><\/p>\n","protected":false},"excerpt":{"rendered":"<p>La vid\u00e9o\u00a0: un outil d\u2019auto\u00e9valuation et d\u2019explicitation en travaux pratiques Par quelle th\u00e9matique souhaitez-vous d\u00e9buter ? Si vous ne souhaitez [&hellip;]<\/p>\n","protected":false},"author":49,"featured_media":0,"parent":453,"menu_order":3,"comment_status":"closed","ping_status":"closed","template":"","meta":{"footnotes":""},"class_list":["post-2106","page","type-page","status-publish","hentry"],"_links":{"self":[{"href":"https:\/\/paz-a-pas.ensfea.fr\/index.php?rest_route=\/wp\/v2\/pages\/2106","targetHints":{"allow":["GET"]}}],"collection":[{"href":"https:\/\/paz-a-pas.ensfea.fr\/index.php?rest_route=\/wp\/v2\/pages"}],"about":[{"href":"https:\/\/paz-a-pas.ensfea.fr\/index.php?rest_route=\/wp\/v2\/types\/page"}],"author":[{"embeddable":true,"href":"https:\/\/paz-a-pas.ensfea.fr\/index.php?rest_route=\/wp\/v2\/users\/49"}],"replies":[{"embeddable":true,"href":"https:\/\/paz-a-pas.ensfea.fr\/index.php?rest_route=%2Fwp%2Fv2%2Fcomments&post=2106"}],"version-history":[{"count":9,"href":"https:\/\/paz-a-pas.ensfea.fr\/index.php?rest_route=\/wp\/v2\/pages\/2106\/revisions"}],"predecessor-version":[{"id":2895,"href":"https:\/\/paz-a-pas.ensfea.fr\/index.php?rest_route=\/wp\/v2\/pages\/2106\/revisions\/2895"}],"up":[{"embeddable":true,"href":"https:\/\/paz-a-pas.ensfea.fr\/index.php?rest_route=\/wp\/v2\/pages\/453"}],"wp:attachment":[{"href":"https:\/\/paz-a-pas.ensfea.fr\/index.php?rest_route=%2Fwp%2Fv2%2Fmedia&parent=2106"}],"curies":[{"name":"wp","href":"https:\/\/api.w.org\/{rel}","templated":true}]}}