{"id":1936,"date":"2016-10-06T10:11:08","date_gmt":"2016-10-06T09:11:08","guid":{"rendered":"http:\/\/paz-a-pas.ensfea.fr\/?page_id=1936"},"modified":"2018-09-04T12:00:27","modified_gmt":"2018-09-04T11:00:27","slug":"cadre-reglementaire-pour-les-tp-de-zootechnie","status":"publish","type":"page","link":"https:\/\/paz-a-pas.ensfea.fr\/?page_id=1936","title":{"rendered":"Cadre r\u00e9glementaire pour les TP de zootechnie"},"content":{"rendered":"<table>\n<tbody>\n<tr>\n<td style=\"text-align: left\" width=\"405\">La s\u00e9curit\u00e9 dans le cadre des s\u00e9ances de travaux pratiques s&rsquo;appuie sur un <span style=\"color: #ff6600\">cadre r\u00e9glementaire<\/span> et sur les<span style=\"color: #ff6600\"> principes de la pr\u00e9vention<\/span> des risques. Nous vous proposons dans cette page des ressources, des r\u00e9f\u00e9rences pour vous aider \u00e0 :<\/p>\n<ul>\n<li>la mise en place de TP respectant le cadre r\u00e9glementaire<\/li>\n<li>la r\u00e9alisation de la d\u00e9marche de pr\u00e9vention des risques avec les apprenants.<\/li>\n<\/ul>\n<\/td>\n<td style=\"text-align: center\" width=\"405\">\n<p><div id=\"attachment_657\" style=\"width: 310px\" class=\"wp-caption alignnone\"><a href=\"http:\/\/paz-a-pas.ensfea.fr\/wp-content\/uploads\/sites\/6\/2014\/07\/image1.png\"><img loading=\"lazy\" decoding=\"async\" aria-describedby=\"caption-attachment-657\" class=\"wp-image-657 size-medium\" src=\"http:\/\/paz-a-pas.ensfea.fr\/wp-content\/uploads\/sites\/6\/2014\/07\/image1-300x236.png\" alt=\"image1\" width=\"300\" height=\"236\" srcset=\"https:\/\/paz-a-pas.ensfea.fr\/wp-content\/uploads\/sites\/6\/2014\/07\/image1-300x236.png 300w, https:\/\/paz-a-pas.ensfea.fr\/wp-content\/uploads\/sites\/6\/2014\/07\/image1-400x315.png 400w, https:\/\/paz-a-pas.ensfea.fr\/wp-content\/uploads\/sites\/6\/2014\/07\/image1.png 468w\" sizes=\"auto, (max-width: 300px) 100vw, 300px\" \/><\/a><p id=\"caption-attachment-657\" class=\"wp-caption-text\">SST &#8211; MSA : http:\/\/references-sante-securite.msa.fr\/wp-content\/uploads\/sites\/6\/SST\/SST_1289209008088_10385.pdf<\/p><\/div><\/td>\n<\/tr>\n<\/tbody>\n<\/table>\n<p><span style=\"color: #0000ff\"><strong>Le cadre r\u00e9glementaire des s\u00e9ances de travaux pratiques dans l&rsquo;enseignement agricole a \u00e9volu\u00e9 en 2013 et en 2015.<\/strong><\/span><\/p>\n<p>La circulaire de la <a href=\"http:\/\/paz-a-pas.ensfea.fr\/wp-content\/uploads\/sites\/6\/2014\/07\/Circulaire_DGER_C_2013_2015_derogation.pdf\" target=\"_blank\" rel=\"noopener\">DGER C2013-2015<\/a> fixe la liste des travaux r\u00e9glement\u00e9s pour les jeunes \u00e2g\u00e9s de quinze ans au moins et de moins de dix huit ans. Ces travaux doivent faire l&rsquo;objet d&rsquo;une d\u00e9claration de d\u00e9rogation dont la proc\u00e9dure est pr\u00e9sent\u00e9e dans le <a href=\"http:\/\/paz-a-pas.ensfea.fr\/wp-content\/uploads\/sites\/6\/2014\/07\/joe_20150419_0092_0015.pdf\" target=\"_blank\" rel=\"noopener\">d\u00e9cret du 17 avril 2015<\/a>.<\/p>\n<blockquote><p>1. L&rsquo;\u00e9tablissement de formation doit r\u00e9aliser une d\u00e9claration de d\u00e9rogation pour la r\u00e9alisation des travaux r\u00e9glement\u00e9s<\/p><\/blockquote>\n<p>\u00a0\u00bb Art. R.4153-40.\u2013L\u2019employeur ou le responsable de l\u2019\u00e9tablissement mentionn\u00e9 \u00e0 l\u2019article L.4111-1 et le chef d\u2019\u00e9tablissement mentionn\u00e9 aux articles R.4153-38 et R. 4153-39 peuvent, pour une dur\u00e9e de trois ans \u00e0 compter de l\u2019envoi de la d\u00e9claration pr\u00e9vue \u00e0 l\u2019article R. 4153-41, affecter des jeunes aux travaux interdits susceptibles de d\u00e9rogation mentionn\u00e9s \u00e0 la section 2 du pr\u00e9sent chapitre, sous r\u00e9serve de satisfaire aux conditions suivantes :<br \/>\n1 &#8211; Avoir proc\u00e9d\u00e9 \u00e0 l\u2019\u00e9valuation pr\u00e9vue aux articles L.4121-3 et suivants, comprenant une \u00e9valuation des risques existants pour les jeunes et li\u00e9s \u00e0 leur travail ; cette \u00e9valuation est pr\u00e9alable \u00e0 l\u2019affectation des jeunes \u00e0 leurs postes de travail ;<br \/>\n2- Avoir, \u00e0 la suite de cette \u00e9valuation, mis en \u0153uvre les actions de pr\u00e9vention pr\u00e9vues au deuxi\u00e8me alin\u00e9a de l\u2019article L.4121-3&Prime; (D\u00e9cret du 17 avril 2015)<\/p>\n<blockquote><p>2. Chaque apprenant de moins de 15 ans et de plus de 18 ans doit \u00e9galement obtenir l&rsquo;accord du m\u00e9decin scolaire ou du travail pour participer aux travaux r\u00e9glement\u00e9s.<\/p><\/blockquote>\n<p>Les travaux interdits susceptibles de d\u00e9rogation sont d\u00e9finis par la circulaire DGER\/C2013-2015.<\/p>\n<p>Voici une synth\u00e8se des diff\u00e9rents travaux soumis \u00e0 d\u00e9rogation qui concernent les enseignants de zootechnie en TP : <a href=\"http:\/\/paz-a-pas.ensfea.fr\/wp-content\/uploads\/sites\/6\/2014\/07\/tableau-synth\u00e8se-travaux-r\u00e9glement\u00e9s-2013.pdf\" target=\"_blank\" rel=\"noopener\">tableau synth\u00e8se travaux r\u00e9glement\u00e9s 2013<\/a><\/p>\n<p><span style=\"color: #0000ff\"><strong>Le cadre r\u00e9glementaire pour la r\u00e9alisation de dissection en TP de zootechnie<br \/>\n<\/strong><\/span><\/p>\n<p>La note de service <a href=\"http:\/\/paz-a-pas.ensfea.fr\/wp-content\/uploads\/sites\/6\/2014\/07\/Note-service-23.02.2016.Dissection.pdf\" target=\"_blank\" rel=\"noopener\">DGER\/SDPFE\/2016-142<\/a> du 23 f\u00e9vrier 2016 sp\u00e9cifie les conditions possibles de r\u00e9alisation de dissection lors d&rsquo;un TP de zootechnie.<\/p>\n<p>Dans tous les cas, c&rsquo;est l&rsquo;enseignant ou un v\u00e9t\u00e9rinaire qui r\u00e9alise la dissection. Les apprenants ne peuvent \u00eatre qu&rsquo;observateurs si les conditions de pr\u00e9vention des risques sont respect\u00e9es : organes d&rsquo;animaux certifi\u00e9s sains, EPI dans le cas d&rsquo;un autopsie&#8230;<\/p>\n<p>&nbsp;<\/p>\n<p>Retour vers la page \u00ab\u00a0<a href=\"http:\/\/paz-a-pas.ensfea.fr\/?page_id=664\">La s\u00e9curit\u00e9 en TP<\/a>\u00ab\u00a0<\/p>\n","protected":false},"excerpt":{"rendered":"<p>La s\u00e9curit\u00e9 dans le cadre des s\u00e9ances de travaux pratiques s&rsquo;appuie sur un cadre r\u00e9glementaire et sur les principes de [&hellip;]<\/p>\n","protected":false},"author":49,"featured_media":0,"parent":2095,"menu_order":0,"comment_status":"closed","ping_status":"closed","template":"","meta":{"footnotes":""},"class_list":["post-1936","page","type-page","status-publish","hentry"],"_links":{"self":[{"href":"https:\/\/paz-a-pas.ensfea.fr\/index.php?rest_route=\/wp\/v2\/pages\/1936","targetHints":{"allow":["GET"]}}],"collection":[{"href":"https:\/\/paz-a-pas.ensfea.fr\/index.php?rest_route=\/wp\/v2\/pages"}],"about":[{"href":"https:\/\/paz-a-pas.ensfea.fr\/index.php?rest_route=\/wp\/v2\/types\/page"}],"author":[{"embeddable":true,"href":"https:\/\/paz-a-pas.ensfea.fr\/index.php?rest_route=\/wp\/v2\/users\/49"}],"replies":[{"embeddable":true,"href":"https:\/\/paz-a-pas.ensfea.fr\/index.php?rest_route=%2Fwp%2Fv2%2Fcomments&post=1936"}],"version-history":[{"count":5,"href":"https:\/\/paz-a-pas.ensfea.fr\/index.php?rest_route=\/wp\/v2\/pages\/1936\/revisions"}],"predecessor-version":[{"id":2091,"href":"https:\/\/paz-a-pas.ensfea.fr\/index.php?rest_route=\/wp\/v2\/pages\/1936\/revisions\/2091"}],"up":[{"embeddable":true,"href":"https:\/\/paz-a-pas.ensfea.fr\/index.php?rest_route=\/wp\/v2\/pages\/2095"}],"wp:attachment":[{"href":"https:\/\/paz-a-pas.ensfea.fr\/index.php?rest_route=%2Fwp%2Fv2%2Fmedia&parent=1936"}],"curies":[{"name":"wp","href":"https:\/\/api.w.org\/{rel}","templated":true}]}}