{"id":1898,"date":"2016-09-22T12:08:04","date_gmt":"2016-09-22T11:08:04","guid":{"rendered":"http:\/\/paz-a-pas.ensfea.fr\/?page_id=1898"},"modified":"2020-09-02T15:40:00","modified_gmt":"2020-09-02T14:40:00","slug":"accompagner-les-pfmp","status":"publish","type":"page","link":"https:\/\/paz-a-pas.ensfea.fr\/?page_id=1898","title":{"rendered":"Accompagner les PFMP"},"content":{"rendered":"\n<p style=\"font-size:19px\">Nous vous proposons d\u2019acc\u00e9der \u00e0 certaines ressources p\u00e9dagogiques \u00e9labor\u00e9es au cours d\u2019un stage PNF en d\u00e9cembre 2015 sur l\u2019accompagnement des p\u00e9riodes de formation en milieu professionnel et au cours de la formation initiale des laur\u00e9ats du concours externe.<\/p>\n\n\n<style>.wp-block-kadence-iconlist.kt-svg-icon-list-items_b9c5a6-08:not(.this-stops-third-party-issues){margin-top:0px;margin-bottom:0px;}.wp-block-kadence-iconlist.kt-svg-icon-list-items_b9c5a6-08 ul.kt-svg-icon-list:not(.this-prevents-issues):not(.this-stops-third-party-issues):not(.tijsloc){margin-top:0px;margin-right:0px;margin-bottom:var(--global-kb-spacing-sm, 1.5rem);margin-left:0px;}.wp-block-kadence-iconlist.kt-svg-icon-list-items_b9c5a6-08 ul.kt-svg-icon-list{grid-row-gap:5px;}.wp-block-kadence-iconlist.kt-svg-icon-list-items_b9c5a6-08 ul.kt-svg-icon-list .kt-svg-icon-list-item-wrap .kt-svg-icon-list-single{margin-right:10px;}.kt-svg-icon-list-items_b9c5a6-08 ul.kt-svg-icon-list .kt-svg-icon-list-item-wrap, .kt-svg-icon-list-items_b9c5a6-08 ul.kt-svg-icon-list .kt-svg-icon-list-item-wrap a{font-size:1.1em;}.kt-svg-icon-list-items_b9c5a6-08 ul.kt-svg-icon-list .kt-svg-icon-list-level-0 .kt-svg-icon-list-single svg{font-size:20px;}<\/style>\n<div class=\"wp-block-kadence-iconlist kt-svg-icon-list-items kt-svg-icon-list-items_b9c5a6-08 kt-svg-icon-list-columns-1 alignnone\"><ul class=\"kt-svg-icon-list\"><li class=\"kt-svg-icon-list-style-default kt-svg-icon-list-item-wrap kt-svg-icon-list-item-0\"><div style=\"display:inline-flex;justify-content:center;align-items:center;color:#007a77\" class=\"kt-svg-icon-list-single kt-svg-icon-list-single-fe_checkCircle\"><svg style=\"display:inline-block;vertical-align:middle\" viewbox=\"0 0 24 24\" height=\"20\" width=\"20\" fill=\"none\" stroke=\"currentColor\" xmlns=\"http:\/\/www.w3.org\/2000\/svg\" stroke-width=\"2\" stroke-linecap=\"round\" stroke-linejoin=\"round\"><path d=\"M22 11.08V12a10 10 0 1 1-5.93-9.14\"><\/path><polyline points=\"22 4 12 14.01 9 11.01\"><\/polyline><\/svg><\/div><span class=\"kt-svg-icon-list-text\">Accompagner les \u00e9l\u00e8ves dans leur questionnement au cours des PFMP<\/span><\/li><\/ul><\/div>\n\n\n\n<p style=\"font-size:19px\"><a href=\"http:\/\/paz-a-pas.ensfea.fr\/wp-content\/uploads\/sites\/6\/2016\/09\/PFMP-Mouroux-Sicard.pdf\">Aider les \u00e9l\u00e8ves \u00e0 se questionner en stage<\/a><\/p>\n","protected":false},"excerpt":{"rendered":"<p>Nous vous proposons d\u2019acc\u00e9der \u00e0 certaines ressources p\u00e9dagogiques \u00e9labor\u00e9es au cours d\u2019un stage PNF en d\u00e9cembre 2015 sur l\u2019accompagnement des [&hellip;]<\/p>\n","protected":false},"author":49,"featured_media":0,"parent":204,"menu_order":3,"comment_status":"closed","ping_status":"closed","template":"","meta":{"footnotes":""},"class_list":["post-1898","page","type-page","status-publish","hentry"],"_links":{"self":[{"href":"https:\/\/paz-a-pas.ensfea.fr\/index.php?rest_route=\/wp\/v2\/pages\/1898","targetHints":{"allow":["GET"]}}],"collection":[{"href":"https:\/\/paz-a-pas.ensfea.fr\/index.php?rest_route=\/wp\/v2\/pages"}],"about":[{"href":"https:\/\/paz-a-pas.ensfea.fr\/index.php?rest_route=\/wp\/v2\/types\/page"}],"author":[{"embeddable":true,"href":"https:\/\/paz-a-pas.ensfea.fr\/index.php?rest_route=\/wp\/v2\/users\/49"}],"replies":[{"embeddable":true,"href":"https:\/\/paz-a-pas.ensfea.fr\/index.php?rest_route=%2Fwp%2Fv2%2Fcomments&post=1898"}],"version-history":[{"count":3,"href":"https:\/\/paz-a-pas.ensfea.fr\/index.php?rest_route=\/wp\/v2\/pages\/1898\/revisions"}],"predecessor-version":[{"id":2943,"href":"https:\/\/paz-a-pas.ensfea.fr\/index.php?rest_route=\/wp\/v2\/pages\/1898\/revisions\/2943"}],"up":[{"embeddable":true,"href":"https:\/\/paz-a-pas.ensfea.fr\/index.php?rest_route=\/wp\/v2\/pages\/204"}],"wp:attachment":[{"href":"https:\/\/paz-a-pas.ensfea.fr\/index.php?rest_route=%2Fwp%2Fv2%2Fmedia&parent=1898"}],"curies":[{"name":"wp","href":"https:\/\/api.w.org\/{rel}","templated":true}]}}