{"id":1574,"date":"2015-05-11T13:05:54","date_gmt":"2015-05-11T12:05:54","guid":{"rendered":"http:\/\/paz-a-pas.ensfea.fr\/?page_id=1574"},"modified":"2025-03-04T08:12:37","modified_gmt":"2025-03-04T07:12:37","slug":"quelle-acceptabilite-des-differents-systemes-delevage","status":"publish","type":"page","link":"https:\/\/paz-a-pas.ensfea.fr\/?page_id=1574","title":{"rendered":"Quelle acceptabilit\u00e9 des diff\u00e9rents syst\u00e8mes d&rsquo;\u00e9levage ?"},"content":{"rendered":"<style>.kb-row-layout-id1574_0b5cc4-b0 > .kt-row-column-wrap{align-content:start;}:where(.kb-row-layout-id1574_0b5cc4-b0 > .kt-row-column-wrap) > .wp-block-kadence-column{justify-content:start;}.kb-row-layout-id1574_0b5cc4-b0 > .kt-row-column-wrap{column-gap:var(--global-kb-gap-md, 2rem);row-gap:var(--global-kb-gap-md, 2rem);padding-top:var(--global-kb-spacing-sm, 1.5rem);padding-bottom:var(--global-kb-spacing-sm, 1.5rem);grid-template-columns:minmax(0, calc(60% - ((var(--global-kb-gap-md, 2rem) * 1 )\/2)))minmax(0, calc(40% - ((var(--global-kb-gap-md, 2rem) * 1 )\/2)));}.kb-row-layout-id1574_0b5cc4-b0 > .kt-row-layout-overlay{opacity:0.30;}@media all and (max-width: 1024px){.kb-row-layout-id1574_0b5cc4-b0 > .kt-row-column-wrap{grid-template-columns:repeat(2, minmax(0, 1fr));}}@media all and (max-width: 767px){.kb-row-layout-id1574_0b5cc4-b0 > .kt-row-column-wrap{grid-template-columns:minmax(0, 1fr);}}<\/style><div class=\"kb-row-layout-wrap kb-row-layout-id1574_0b5cc4-b0 alignnone wp-block-kadence-rowlayout\"><div class=\"kt-row-column-wrap kt-has-2-columns kt-row-layout-equal kt-tab-layout-inherit kt-mobile-layout-row kt-row-valign-top\">\n<style>.kadence-column1574_25b712-16 > .kt-inside-inner-col,.kadence-column1574_25b712-16 > .kt-inside-inner-col:before{border-top-left-radius:0px;border-top-right-radius:0px;border-bottom-right-radius:0px;border-bottom-left-radius:0px;}.kadence-column1574_25b712-16 > .kt-inside-inner-col{column-gap:var(--global-kb-gap-sm, 1rem);}.kadence-column1574_25b712-16 > .kt-inside-inner-col{flex-direction:column;}.kadence-column1574_25b712-16 > .kt-inside-inner-col > .aligncenter{width:100%;}.kadence-column1574_25b712-16 > .kt-inside-inner-col:before{opacity:0.3;}.kadence-column1574_25b712-16{position:relative;}@media all and (max-width: 1024px){.kadence-column1574_25b712-16 > .kt-inside-inner-col{flex-direction:column;justify-content:center;}}@media all and (max-width: 767px){.kadence-column1574_25b712-16 > .kt-inside-inner-col{flex-direction:column;justify-content:center;}}<\/style>\n<div class=\"wp-block-kadence-column kadence-column1574_25b712-16 inner-column-1\"><div class=\"kt-inside-inner-col\">\n<p style=\"font-size:19px\">Les r\u00e9f\u00e9rentiels de formation mentionnent les impacts n\u00e9gatifs (STAV, CGEA, BTS PA) voire positifs (STAV) des diff\u00e9rents syst\u00e8mes d\u2019\u00e9levage sur le bien-\u00eatre des animaux. Ils abordent tous \u00e9galement directement ou indirectement la relation homme-animal.<\/p>\n\n\n\n<p style=\"font-size:19px\">Ces \u00e9l\u00e9ments suscitent les questions suivantes :<\/p>\n\n\n<style>.wp-block-kadence-iconlist.kt-svg-icon-list-items1574_46b89d-52:not(.this-stops-third-party-issues){margin-top:0px;margin-bottom:0px;}.wp-block-kadence-iconlist.kt-svg-icon-list-items1574_46b89d-52 ul.kt-svg-icon-list:not(.this-prevents-issues):not(.this-stops-third-party-issues):not(.tijsloc){margin-top:0px;margin-right:0px;margin-bottom:10px;margin-left:0px;}.wp-block-kadence-iconlist.kt-svg-icon-list-items1574_46b89d-52 ul.kt-svg-icon-list{grid-row-gap:10px;}.wp-block-kadence-iconlist.kt-svg-icon-list-items1574_46b89d-52 ul.kt-svg-icon-list .kt-svg-icon-list-item-wrap .kt-svg-icon-list-single{margin-right:10px;}.kt-svg-icon-list-items1574_46b89d-52 ul.kt-svg-icon-list .kt-svg-icon-list-item-wrap, .kt-svg-icon-list-items1574_46b89d-52 ul.kt-svg-icon-list .kt-svg-icon-list-item-wrap a{font-size:1.1em;}<\/style>\n<div class=\"wp-block-kadence-iconlist kt-svg-icon-list-items kt-svg-icon-list-items1574_46b89d-52 kt-svg-icon-list-columns-1 alignnone\"><ul class=\"kt-svg-icon-list\"><style>.kt-svg-icon-list-item-1574_24fc50-67 .kt-svg-icon-list-single{font-size:20px !important;color:#007a77 !important;}.kt-svg-icon-list-item-1574_24fc50-67 .kt-svg-icon-list-text mark.kt-highlight{background-color:unset;font-style:normal;color:#f76a0c;-webkit-box-decoration-break:clone;box-decoration-break:clone;padding-top:0px;padding-right:0px;padding-bottom:0px;padding-left:0px;}<\/style>\n<li class=\"wp-block-kadence-listitem kt-svg-icon-list-item-wrap kt-svg-icon-list-item-1574_24fc50-67 kt-svg-icon-list-style-default\"><span class=\"kb-svg-icon-wrap kb-svg-icon-fe_checkCircle kt-svg-icon-list-single\"><svg viewBox=\"0 0 24 24\"  fill=\"none\" stroke=\"currentColor\" stroke-width=\"2\" stroke-linecap=\"round\" stroke-linejoin=\"round\" xmlns=\"http:\/\/www.w3.org\/2000\/svg\"  aria-hidden=\"true\"><path d=\"M22 11.08V12a10 10 0 1 1-5.93-9.14\"\/><polyline points=\"22 4 12 14.01 9 11.01\"\/><\/svg><\/span><span class=\"kt-svg-icon-list-text\"><strong>Est-ce que tous les syst\u00e8mes d\u2019\u00e9levage, tous les modes de relation homme-animal&nbsp; sont \u00e9quivalents au niveau des effets qu\u2019ils induisent sur le BEA ?<\/strong><\/span><\/li>\n\n\n<style>.kt-svg-icon-list-item-1574_41e3b0-1e .kt-svg-icon-list-single{font-size:20px !important;color:#007a77 !important;}.kt-svg-icon-list-item-1574_41e3b0-1e .kt-svg-icon-list-text mark.kt-highlight{background-color:unset;font-style:normal;color:#f76a0c;-webkit-box-decoration-break:clone;box-decoration-break:clone;padding-top:0px;padding-right:0px;padding-bottom:0px;padding-left:0px;}<\/style>\n<li class=\"wp-block-kadence-listitem kt-svg-icon-list-item-wrap kt-svg-icon-list-item-1574_41e3b0-1e kt-svg-icon-list-style-default\"><span class=\"kb-svg-icon-wrap kb-svg-icon-fe_checkCircle kt-svg-icon-list-single\"><svg viewBox=\"0 0 24 24\"  fill=\"none\" stroke=\"currentColor\" stroke-width=\"2\" stroke-linecap=\"round\" stroke-linejoin=\"round\" xmlns=\"http:\/\/www.w3.org\/2000\/svg\"  aria-hidden=\"true\"><path d=\"M22 11.08V12a10 10 0 1 1-5.93-9.14\"\/><polyline points=\"22 4 12 14.01 9 11.01\"\/><\/svg><\/span><span class=\"kt-svg-icon-list-text\"><strong>Est-ce que certains impacts sont \u00e9thiquement acceptables ou inacceptables selon les acteurs concern\u00e9s ?<\/strong><\/span><\/li>\n<\/ul><\/div>\n\n\n\n<p style=\"font-size:19px\">Le bien-\u00eatre r\u00e9sultant d\u2019une \u00e9valuation individuelle de la situation dans laquelle l\u2019animal est impliqu\u00e9, aucun syst\u00e8me d\u2019\u00e9levage ne peut garantir un \u00e9tat de bien-\u00eatre global dans un troupeau d\u2019animaux.&nbsp; Cependant, il est possible d\u2019outiller les \u00e9l\u00e8ves d\u2019un ensemble de savoirs et de savoir-faire (observation, appr\u00e9ciation des animaux, communication avec les animaux), d\u2019indicateurs pour les aider \u00e0 \u00e9valuer les impacts potentiels d\u2019un syst\u00e8me d\u2019\u00e9levage et d\u2019un mode de relation homme-animal sur le BEA.<\/p>\n<\/div><\/div>\n\n\n<style>.kadence-column1574_14590a-ec > .kt-inside-inner-col{border-top:1px solid #313131;border-right:1px solid #313131;border-bottom:1px solid #313131;border-left:1px solid #313131;}.kadence-column1574_14590a-ec > .kt-inside-inner-col,.kadence-column1574_14590a-ec > .kt-inside-inner-col:before{border-top-left-radius:0px;border-top-right-radius:0px;border-bottom-right-radius:0px;border-bottom-left-radius:0px;}.kadence-column1574_14590a-ec > .kt-inside-inner-col{column-gap:var(--global-kb-gap-sm, 1rem);}.kadence-column1574_14590a-ec > .kt-inside-inner-col{flex-direction:column;}.kadence-column1574_14590a-ec > .kt-inside-inner-col > .aligncenter{width:100%;}.kadence-column1574_14590a-ec > .kt-inside-inner-col:before{opacity:0.3;}.kadence-column1574_14590a-ec{position:relative;}@media all and (max-width: 1024px){.kadence-column1574_14590a-ec > .kt-inside-inner-col{border-top:1px solid #313131;border-right:1px solid #313131;border-bottom:1px solid #313131;border-left:1px solid #313131;flex-direction:column;justify-content:center;}}@media all and (max-width: 767px){.kadence-column1574_14590a-ec > .kt-inside-inner-col{border-top:1px solid #313131;border-right:1px solid #313131;border-bottom:1px solid #313131;border-left:1px solid #313131;flex-direction:column;justify-content:center;}}<\/style>\n<div class=\"wp-block-kadence-column kadence-column1574_14590a-ec inner-column-2\"><div class=\"kt-inside-inner-col\">\n<p class=\"has-text-align-center has-kb-palette-1-color has-text-color has-medium-font-size\"><strong>Activit\u00e9s p\u00e9dagogiques produites dans le cadre du GAP zootechnie<\/strong><\/p>\n\n\n<style>.kt-accordion-id1574_86c488-94 .kt-accordion-inner-wrap{column-gap:var(--global-kb-gap-md, 2rem);row-gap:0px;}.kt-accordion-id1574_86c488-94 .kt-accordion-panel-inner{border-top:0px solid transparent;border-right:0px solid transparent;border-bottom:0px solid transparent;border-left:0px solid transparent;padding-top:var(--global-kb-spacing-sm, 1.5rem);padding-right:var(--global-kb-spacing-sm, 1.5rem);padding-bottom:var(--global-kb-spacing-sm, 1.5rem);padding-left:var(--global-kb-spacing-sm, 1.5rem);}.kt-accordion-id1574_86c488-94 > .kt-accordion-inner-wrap > .wp-block-kadence-pane > .kt-accordion-header-wrap > .kt-blocks-accordion-header{border-top-color:#555555;border-top-style:solid;border-right-color:#555555;border-right-style:solid;border-bottom-color:#555555;border-bottom-style:solid;border-left-color:#555555;border-left-style:solid;border-top-left-radius:12px;border-top-right-radius:12px;border-bottom-right-radius:12px;border-bottom-left-radius:12px;background:#eeeeee;font-size:1.4em;line-height:30px;color:#313131;padding-top:10px;padding-right:14px;padding-bottom:10px;padding-left:14px;}.kt-accordion-id1574_86c488-94:not( .kt-accodion-icon-style-basiccircle ):not( .kt-accodion-icon-style-xclosecircle ):not( .kt-accodion-icon-style-arrowcircle )  > .kt-accordion-inner-wrap > .wp-block-kadence-pane > .kt-accordion-header-wrap .kt-blocks-accordion-icon-trigger:after, .kt-accordion-id1574_86c488-94:not( .kt-accodion-icon-style-basiccircle ):not( .kt-accodion-icon-style-xclosecircle ):not( .kt-accodion-icon-style-arrowcircle )  > .kt-accordion-inner-wrap > .wp-block-kadence-pane > .kt-accordion-header-wrap .kt-blocks-accordion-icon-trigger:before{background:#313131;}.kt-accordion-id1574_86c488-94:not( .kt-accodion-icon-style-basic ):not( .kt-accodion-icon-style-xclose ):not( .kt-accodion-icon-style-arrow ) .kt-blocks-accordion-icon-trigger{background:#313131;}.kt-accordion-id1574_86c488-94:not( .kt-accodion-icon-style-basic ):not( .kt-accodion-icon-style-xclose ):not( .kt-accodion-icon-style-arrow ) .kt-blocks-accordion-icon-trigger:after, .kt-accordion-id1574_86c488-94:not( .kt-accodion-icon-style-basic ):not( .kt-accodion-icon-style-xclose ):not( .kt-accodion-icon-style-arrow ) .kt-blocks-accordion-icon-trigger:before{background:#eeeeee;}.kt-accordion-id1574_86c488-94 > .kt-accordion-inner-wrap > .wp-block-kadence-pane > .kt-accordion-header-wrap > .kt-blocks-accordion-header:hover, \n\t\t\t\tbody:not(.hide-focus-outline) .kt-accordion-id1574_86c488-94 .kt-blocks-accordion-header:focus-visible{color:#444444;background:#eeeeee;border-top-color:#eeeeee;border-top-style:solid;border-right-color:#eeeeee;border-right-style:solid;border-bottom-color:#eeeeee;border-bottom-style:solid;border-left-color:#eeeeee;border-left-style:solid;}.kt-accordion-id1574_86c488-94:not( .kt-accodion-icon-style-basiccircle ):not( .kt-accodion-icon-style-xclosecircle ):not( .kt-accodion-icon-style-arrowcircle ) .kt-accordion-header-wrap .kt-blocks-accordion-header:hover .kt-blocks-accordion-icon-trigger:after, .kt-accordion-id1574_86c488-94:not( .kt-accodion-icon-style-basiccircle ):not( .kt-accodion-icon-style-xclosecircle ):not( .kt-accodion-icon-style-arrowcircle ) .kt-accordion-header-wrap .kt-blocks-accordion-header:hover .kt-blocks-accordion-icon-trigger:before, body:not(.hide-focus-outline) .kt-accordion-id1574_86c488-94:not( .kt-accodion-icon-style-basiccircle ):not( .kt-accodion-icon-style-xclosecircle ):not( .kt-accodion-icon-style-arrowcircle ) .kt-blocks-accordion--visible .kt-blocks-accordion-icon-trigger:after, body:not(.hide-focus-outline) .kt-accordion-id1574_86c488-94:not( .kt-accodion-icon-style-basiccircle ):not( .kt-accodion-icon-style-xclosecircle ):not( .kt-accodion-icon-style-arrowcircle ) .kt-blocks-accordion-header:focus-visible .kt-blocks-accordion-icon-trigger:before{background:#444444;}.kt-accordion-id1574_86c488-94:not( .kt-accodion-icon-style-basic ):not( .kt-accodion-icon-style-xclose ):not( .kt-accodion-icon-style-arrow ) .kt-accordion-header-wrap .kt-blocks-accordion-header:hover .kt-blocks-accordion-icon-trigger, body:not(.hide-focus-outline) .kt-accordion-id1574_86c488-94:not( .kt-accodion-icon-style-basic ):not( .kt-accodion-icon-style-xclose ):not( .kt-accodion-icon-style-arrow ) .kt-accordion-header-wrap .kt-blocks-accordion-header:focus-visible .kt-blocks-accordion-icon-trigger{background:#444444;}.kt-accordion-id1574_86c488-94:not( .kt-accodion-icon-style-basic ):not( .kt-accodion-icon-style-xclose ):not( .kt-accodion-icon-style-arrow ) .kt-accordion-header-wrap .kt-blocks-accordion-header:hover .kt-blocks-accordion-icon-trigger:after, .kt-accordion-id1574_86c488-94:not( .kt-accodion-icon-style-basic ):not( .kt-accodion-icon-style-xclose ):not( .kt-accodion-icon-style-arrow ) .kt-accordion-header-wrap .kt-blocks-accordion-header:hover .kt-blocks-accordion-icon-trigger:before, body:not(.hide-focus-outline) .kt-accordion-id1574_86c488-94:not( .kt-accodion-icon-style-basic ):not( .kt-accodion-icon-style-xclose ):not( .kt-accodion-icon-style-arrow ) .kt-accordion-header-wrap .kt-blocks-accordion-header:focus-visible .kt-blocks-accordion-icon-trigger:after, body:not(.hide-focus-outline) .kt-accordion-id1574_86c488-94:not( .kt-accodion-icon-style-basic ):not( .kt-accodion-icon-style-xclose ):not( .kt-accodion-icon-style-arrow ) .kt-accordion-header-wrap .kt-blocks-accordion-header:focus-visible .kt-blocks-accordion-icon-trigger:before{background:#eeeeee;}.kt-accordion-id1574_86c488-94 .kt-accordion-header-wrap .kt-blocks-accordion-header:focus-visible,\n\t\t\t\t.kt-accordion-id1574_86c488-94 > .kt-accordion-inner-wrap > .wp-block-kadence-pane > .kt-accordion-header-wrap > .kt-blocks-accordion-header.kt-accordion-panel-active{color:#ffffff;background:#007a77;border-top-color:#444444;border-top-style:solid;border-right-color:#444444;border-right-style:solid;border-bottom-color:#444444;border-bottom-style:solid;border-left-color:#444444;border-left-style:solid;}.kt-accordion-id1574_86c488-94:not( .kt-accodion-icon-style-basiccircle ):not( .kt-accodion-icon-style-xclosecircle ):not( .kt-accodion-icon-style-arrowcircle )  > .kt-accordion-inner-wrap > .wp-block-kadence-pane > .kt-accordion-header-wrap > .kt-blocks-accordion-header.kt-accordion-panel-active .kt-blocks-accordion-icon-trigger:after, .kt-accordion-id1574_86c488-94:not( .kt-accodion-icon-style-basiccircle ):not( .kt-accodion-icon-style-xclosecircle ):not( .kt-accodion-icon-style-arrowcircle )  > .kt-accordion-inner-wrap > .wp-block-kadence-pane > .kt-accordion-header-wrap > .kt-blocks-accordion-header.kt-accordion-panel-active .kt-blocks-accordion-icon-trigger:before{background:#ffffff;}.kt-accordion-id1574_86c488-94:not( .kt-accodion-icon-style-basic ):not( .kt-accodion-icon-style-xclose ):not( .kt-accodion-icon-style-arrow ) .kt-blocks-accordion-header.kt-accordion-panel-active .kt-blocks-accordion-icon-trigger{background:#ffffff;}.kt-accordion-id1574_86c488-94:not( .kt-accodion-icon-style-basic ):not( .kt-accodion-icon-style-xclose ):not( .kt-accodion-icon-style-arrow ) .kt-blocks-accordion-header.kt-accordion-panel-active .kt-blocks-accordion-icon-trigger:after, .kt-accordion-id1574_86c488-94:not( .kt-accodion-icon-style-basic ):not( .kt-accodion-icon-style-xclose ):not( .kt-accodion-icon-style-arrow ) .kt-blocks-accordion-header.kt-accordion-panel-active .kt-blocks-accordion-icon-trigger:before{background:#007a77;}@media all and (max-width: 1024px){.kt-accordion-id1574_86c488-94 .kt-accordion-panel-inner{border-top:0px solid transparent;border-right:0px solid transparent;border-bottom:0px solid transparent;border-left:0px solid transparent;}}@media all and (max-width: 1024px){.kt-accordion-id1574_86c488-94 > .kt-accordion-inner-wrap > .wp-block-kadence-pane > .kt-accordion-header-wrap > .kt-blocks-accordion-header{border-top-color:#555555;border-top-style:solid;border-right-color:#555555;border-right-style:solid;border-bottom-color:#555555;border-bottom-style:solid;border-left-color:#555555;border-left-style:solid;}}@media all and (max-width: 1024px){.kt-accordion-id1574_86c488-94 > .kt-accordion-inner-wrap > .wp-block-kadence-pane > .kt-accordion-header-wrap > .kt-blocks-accordion-header:hover, \n\t\t\t\tbody:not(.hide-focus-outline) .kt-accordion-id1574_86c488-94 .kt-blocks-accordion-header:focus-visible{border-top-color:#eeeeee;border-top-style:solid;border-right-color:#eeeeee;border-right-style:solid;border-bottom-color:#eeeeee;border-bottom-style:solid;border-left-color:#eeeeee;border-left-style:solid;}}@media all and (max-width: 1024px){.kt-accordion-id1574_86c488-94 .kt-accordion-header-wrap .kt-blocks-accordion-header:focus-visible,\n\t\t\t\t.kt-accordion-id1574_86c488-94 > .kt-accordion-inner-wrap > .wp-block-kadence-pane > .kt-accordion-header-wrap > .kt-blocks-accordion-header.kt-accordion-panel-active{border-top-color:#444444;border-top-style:solid;border-right-color:#444444;border-right-style:solid;border-bottom-color:#444444;border-bottom-style:solid;border-left-color:#444444;border-left-style:solid;}}@media all and (max-width: 767px){.kt-accordion-id1574_86c488-94 .kt-accordion-inner-wrap{display:block;}.kt-accordion-id1574_86c488-94 .kt-accordion-inner-wrap .kt-accordion-pane:not(:first-child){margin-top:0px;}.kt-accordion-id1574_86c488-94 .kt-accordion-panel-inner{border-top:0px solid transparent;border-right:0px solid transparent;border-bottom:0px solid transparent;border-left:0px solid transparent;}.kt-accordion-id1574_86c488-94 > .kt-accordion-inner-wrap > .wp-block-kadence-pane > .kt-accordion-header-wrap > .kt-blocks-accordion-header{border-top-color:#555555;border-top-style:solid;border-right-color:#555555;border-right-style:solid;border-bottom-color:#555555;border-bottom-style:solid;border-left-color:#555555;border-left-style:solid;}.kt-accordion-id1574_86c488-94 > .kt-accordion-inner-wrap > .wp-block-kadence-pane > .kt-accordion-header-wrap > .kt-blocks-accordion-header:hover, \n\t\t\t\tbody:not(.hide-focus-outline) .kt-accordion-id1574_86c488-94 .kt-blocks-accordion-header:focus-visible{border-top-color:#eeeeee;border-top-style:solid;border-right-color:#eeeeee;border-right-style:solid;border-bottom-color:#eeeeee;border-bottom-style:solid;border-left-color:#eeeeee;border-left-style:solid;}.kt-accordion-id1574_86c488-94 .kt-accordion-header-wrap .kt-blocks-accordion-header:focus-visible,\n\t\t\t\t.kt-accordion-id1574_86c488-94 > .kt-accordion-inner-wrap > .wp-block-kadence-pane > .kt-accordion-header-wrap > .kt-blocks-accordion-header.kt-accordion-panel-active{border-top-color:#444444;border-top-style:solid;border-right-color:#444444;border-right-style:solid;border-bottom-color:#444444;border-bottom-style:solid;border-left-color:#444444;border-left-style:solid;}}<\/style>\n<div class=\"wp-block-kadence-accordion alignnone\"><div class=\"kt-accordion-wrap kt-accordion-id1574_86c488-94 kt-accordion-has-6-panes kt-active-pane-0 kt-accordion-block kt-pane-header-alignment-left kt-accodion-icon-style-basic kt-accodion-icon-side-right\" style=\"max-width:none\"><div class=\"kt-accordion-inner-wrap\" data-allow-multiple-open=\"false\" data-start-open=\"none\">\n<div class=\"wp-block-kadence-pane kt-accordion-pane kt-accordion-pane-3 kt-pane1574_cd5ea3-4a\"><div class=\"kt-accordion-header-wrap\"><button class=\"kt-blocks-accordion-header kt-acccordion-button-label-show\" type=\"button\"><span class=\"kt-blocks-accordion-title-wrap\"><span class=\"kt-blocks-accordion-title\">\u00c9laborer une \u00e9valuation du bien-\u00eatre animal : projet PIC en BTS PA<\/span><\/span><span class=\"kt-blocks-accordion-icon-trigger\"><\/span><\/button><\/div><div class=\"kt-accordion-panel kt-accordion-panel-hidden\"><div class=\"kt-accordion-panel-inner\">\n<p><a href=\"https:\/\/paz-a-pas.ensfea.fr\/wp-content\/uploads\/sites\/6\/2025\/03\/Evaluation-du-BEA-_-projet-PIC.pdf\">Projet PIC BTS PA<\/a><\/p>\n\n\n\n<p><\/p>\n<\/div><\/div><\/div>\n\n\n\n<div class=\"wp-block-kadence-pane kt-accordion-pane kt-accordion-pane-6 kt-pane1574_d2aff6-46\"><div class=\"kt-accordion-header-wrap\"><button class=\"kt-blocks-accordion-header kt-acccordion-button-label-show\" type=\"button\"><span class=\"kt-blocks-accordion-title-wrap\"><span class=\"kt-blocks-accordion-title\">\u00c9valuer le bien-\u00eatre des \u00e9quins dans les \u00e9curies : bac pro CGEH<\/span><\/span><span class=\"kt-blocks-accordion-icon-trigger\"><\/span><\/button><\/div><div class=\"kt-accordion-panel kt-accordion-panel-hidden\"><div class=\"kt-accordion-panel-inner\">\n<p style=\"font-size:19px\"><a href=\"http:\/\/paz-a-pas.ensfea.fr\/wp-content\/uploads\/sites\/6\/2015\/05\/travail_BEA_2.pdf\">\u00c9valuer le bien-\u00eatre des \u00e9quins<\/a><\/p>\n<\/div><\/div><\/div>\n\n\n\n<div class=\"wp-block-kadence-pane kt-accordion-pane kt-accordion-pane-4 kt-pane1574_d2961c-b9\"><div class=\"kt-accordion-header-wrap\"><button class=\"kt-blocks-accordion-header kt-acccordion-button-label-show\" type=\"button\"><span class=\"kt-blocks-accordion-title-wrap\"><span class=\"kt-blocks-accordion-title\">Repr\u00e9sentations des \u00e9tudiants de BTS PA sur le BEA :<\/span><\/span><span class=\"kt-blocks-accordion-icon-trigger\"><\/span><\/button><\/div><div class=\"kt-accordion-panel kt-accordion-panel-hidden\"><div class=\"kt-accordion-panel-inner\">\n<p style=\"font-size:19px\"><a href=\"http:\/\/paz-a-pas.ensfea.fr\/wp-content\/uploads\/sites\/6\/2015\/05\/Questionnaire-\u00e9l\u00e8ve-VF.pdf\">Questionnaire \u2013 repr\u00e9sentations des \u00e9l\u00e8ves sur le BEA<\/a><\/p>\n<\/div><\/div><\/div>\n\n\n\n<div class=\"wp-block-kadence-pane kt-accordion-pane kt-accordion-pane-5 kt-pane1574_b05cec-4b\"><div class=\"kt-accordion-header-wrap\"><button class=\"kt-blocks-accordion-header kt-acccordion-button-label-show\" type=\"button\"><span class=\"kt-blocks-accordion-title-wrap\"><span class=\"kt-blocks-accordion-title\">Prendre en compte la douleur des animaux<\/span><\/span><span class=\"kt-blocks-accordion-icon-trigger\"><\/span><\/button><\/div><div class=\"kt-accordion-panel kt-accordion-panel-hidden\"><div class=\"kt-accordion-panel-inner\">\n<p style=\"font-size:19px\"><a href=\"http:\/\/paz-a-pas.ensfea.fr\/wp-content\/uploads\/sites\/6\/2015\/05\/Ecornage-chevreaux-BEA-2.pdf\">TP \u00e9cornage de chevreaux<\/a><\/p>\n<\/div><\/div><\/div>\n<\/div><\/div><\/div>\n<\/div><\/div>\n\n<\/div><\/div>\n\n\n<p style=\"font-size:19px\">Vous trouverez notamment des pr\u00e9cisions sur l\u2019\u00e9valuation du bien-\u00eatre animal \u00e0 la ferme dans le document produit par le RMT BEA :<\/p>\n\n\n\n<p style=\"font-size:19px\">Certains enseignants accordent notamment une attention particuli\u00e8re \u00e0 la mise en place de la relation homme-animal lors de leurs s\u00e9ances de TP : <a href=\"http:\/\/enviescolaire.fr\/wakka.php?wiki=HommeAnimal\">exemples<\/a><\/p>\n\n\n\n<p style=\"font-size:19px\">Tous les syst\u00e8mes d\u2019\u00e9levage et tous les modes de relation homme-animal n\u2019\u00e9tant pas \u00e9quivalentes au regard du BEA, les \u00e9l\u00e8ves auront des d\u00e9cisions \u00e0 prendre en tant que futurs professionnels des fili\u00e8res animales qui auront des impacts sur les conditions de vie des animaux. Pour quels choix l\u2019\u00e9l\u00e8ve est-il pr\u00eat \u00e0 s\u2019engager dans le milieu professionnel ? Quel est le poids des contraintes ext\u00e9rieures (\u00e9conomiques, professionnelles, soci\u00e9tales), de leurs valeurs morales et de leur affectivit\u00e9 dans leur prise de d\u00e9cision ?<\/p>\n\n\n\n<p><\/p>\n","protected":false},"excerpt":{"rendered":"<p>Les r\u00e9f\u00e9rentiels de formation mentionnent les impacts n\u00e9gatifs (STAV, CGEA, BTS PA) voire positifs (STAV) des diff\u00e9rents syst\u00e8mes d\u2019\u00e9levage sur [&hellip;]<\/p>\n","protected":false},"author":49,"featured_media":0,"parent":1509,"menu_order":4,"comment_status":"closed","ping_status":"closed","template":"","meta":{"footnotes":""},"class_list":["post-1574","page","type-page","status-publish","hentry"],"_links":{"self":[{"href":"https:\/\/paz-a-pas.ensfea.fr\/index.php?rest_route=\/wp\/v2\/pages\/1574","targetHints":{"allow":["GET"]}}],"collection":[{"href":"https:\/\/paz-a-pas.ensfea.fr\/index.php?rest_route=\/wp\/v2\/pages"}],"about":[{"href":"https:\/\/paz-a-pas.ensfea.fr\/index.php?rest_route=\/wp\/v2\/types\/page"}],"author":[{"embeddable":true,"href":"https:\/\/paz-a-pas.ensfea.fr\/index.php?rest_route=\/wp\/v2\/users\/49"}],"replies":[{"embeddable":true,"href":"https:\/\/paz-a-pas.ensfea.fr\/index.php?rest_route=%2Fwp%2Fv2%2Fcomments&post=1574"}],"version-history":[{"count":23,"href":"https:\/\/paz-a-pas.ensfea.fr\/index.php?rest_route=\/wp\/v2\/pages\/1574\/revisions"}],"predecessor-version":[{"id":3517,"href":"https:\/\/paz-a-pas.ensfea.fr\/index.php?rest_route=\/wp\/v2\/pages\/1574\/revisions\/3517"}],"up":[{"embeddable":true,"href":"https:\/\/paz-a-pas.ensfea.fr\/index.php?rest_route=\/wp\/v2\/pages\/1509"}],"wp:attachment":[{"href":"https:\/\/paz-a-pas.ensfea.fr\/index.php?rest_route=%2Fwp%2Fv2%2Fmedia&parent=1574"}],"curies":[{"name":"wp","href":"https:\/\/api.w.org\/{rel}","templated":true}]}}