{"id":1499,"date":"2015-05-05T05:42:23","date_gmt":"2015-05-05T04:42:23","guid":{"rendered":"http:\/\/paz-a-pas.ensfea.fr\/?page_id=1499"},"modified":"2020-09-02T15:50:13","modified_gmt":"2020-09-02T14:50:13","slug":"bea","status":"publish","type":"page","link":"https:\/\/paz-a-pas.ensfea.fr\/?page_id=1499","title":{"rendered":"Enseigner le bien-\u00eatre animal"},"content":{"rendered":"\n<p style=\"font-size:19px\">Les membres du GAP zootechnie ont travaill\u00e9 en collaboration avec le RMT Bien-\u00eatre animal pour construire, tester et analyser des activit\u00e9s p\u00e9dagogiques sur le bien-\u00eatre animal en \u00e9levage. Certaines activit\u00e9s sont encore en cours de r\u00e9alisation et seront mises \u00e0 disposition prochainement.<\/p>\n\n\n\n<p class=\"has-kb-palette-1-color has-text-color\" style=\"font-size:19px\">\u00c9l\u00e9ments de r\u00e9flexion sur le bien-\u00eatre animal : Document collaboratif du RMT Bien-\u00eatre animal<\/p>\n\n\n\n<p style=\"font-size:19px\">Les membres du groupe formation du RMT Bien-\u00eatre animal ont \u00e9labor\u00e9 un document afin de faire un \u00e9tat des lieux (non exhaustif) des savoirs, des d\u00e9bats et des enjeux li\u00e9s au bien-\u00eatre animal en \u00e9levage. Ce document a pour but d\u2019\u00e9voluer :<\/p>\n\n\n<style>.wp-block-kadence-iconlist.kt-svg-icon-list-items_cbedea-fe:not(.this-stops-third-party-issues){margin-top:0px;margin-bottom:0px;}.wp-block-kadence-iconlist.kt-svg-icon-list-items_cbedea-fe ul.kt-svg-icon-list:not(.this-prevents-issues):not(.this-stops-third-party-issues):not(.tijsloc){margin-top:0px;margin-right:0px;margin-bottom:var(--global-kb-spacing-sm, 1.5rem);margin-left:0px;}.wp-block-kadence-iconlist.kt-svg-icon-list-items_cbedea-fe ul.kt-svg-icon-list{grid-row-gap:10px;}.wp-block-kadence-iconlist.kt-svg-icon-list-items_cbedea-fe ul.kt-svg-icon-list .kt-svg-icon-list-item-wrap .kt-svg-icon-list-single{margin-right:10px;}.kt-svg-icon-list-items_cbedea-fe ul.kt-svg-icon-list .kt-svg-icon-list-item-wrap, .kt-svg-icon-list-items_cbedea-fe ul.kt-svg-icon-list .kt-svg-icon-list-item-wrap a{font-size:1.1em;}.kt-svg-icon-list-items_cbedea-fe ul.kt-svg-icon-list .kt-svg-icon-list-level-0 .kt-svg-icon-list-single svg{font-size:20px;}.kt-svg-icon-list-items_cbedea-fe ul.kt-svg-icon-list .kt-svg-icon-list-level-1 .kt-svg-icon-list-single svg{font-size:20px;}<\/style>\n<div class=\"wp-block-kadence-iconlist kt-svg-icon-list-items kt-svg-icon-list-items_cbedea-fe kt-svg-icon-list-columns-1 alignnone\"><ul class=\"kt-svg-icon-list\"><li class=\"kt-svg-icon-list-style-default kt-svg-icon-list-item-wrap kt-svg-icon-list-item-0\"><div style=\"display:inline-flex;justify-content:center;align-items:center;color:#007a77\" class=\"kt-svg-icon-list-single kt-svg-icon-list-single-fe_checkCircle\"><svg style=\"display:inline-block;vertical-align:middle\" viewbox=\"0 0 24 24\" height=\"20\" width=\"20\" fill=\"none\" stroke=\"currentColor\" xmlns=\"http:\/\/www.w3.org\/2000\/svg\" stroke-width=\"2\" stroke-linecap=\"round\" stroke-linejoin=\"round\"><path d=\"M22 11.08V12a10 10 0 1 1-5.93-9.14\"><\/path><polyline points=\"22 4 12 14.01 9 11.01\"><\/polyline><\/svg><\/div><span class=\"kt-svg-icon-list-text\">en fonction des besoins et des remarques des enseignants \u00e0 qui il se destine<\/span><\/li><li class=\"kt-svg-icon-list-style-default kt-svg-icon-list-item-wrap kt-svg-icon-list-item-1\"><div style=\"display:inline-flex;justify-content:center;align-items:center;color:#007a77\" class=\"kt-svg-icon-list-single kt-svg-icon-list-single-fe_checkCircle\"><svg style=\"display:inline-block;vertical-align:middle\" viewbox=\"0 0 24 24\" height=\"20\" width=\"20\" fill=\"none\" stroke=\"currentColor\" xmlns=\"http:\/\/www.w3.org\/2000\/svg\" stroke-width=\"2\" stroke-linecap=\"round\" stroke-linejoin=\"round\"><path d=\"M22 11.08V12a10 10 0 1 1-5.93-9.14\"><\/path><polyline points=\"22 4 12 14.01 9 11.01\"><\/polyline><\/svg><\/div><span class=\"kt-svg-icon-list-text\">en fonction de l\u2019\u00e9volution de la probl\u00e9matique du bien-\u00eatre animal.<\/span><\/li><\/ul><\/div>\n\n\n\n<p style=\"font-size:19px\">Ainsi, nous vous invitons \u00e0 lire, selon vos besoins, ce document mais surtout \u00e0 le commenter, \u00e0 proposer des \u00e9volutions et \u00e0 t\u00e9moigner de votre exp\u00e9rience d\u2019enseignants :<\/p>\n\n\n\n<p style=\"font-size:19px\"><a href=\"http:\/\/www.bien-etre-animal.net\/\">http:\/\/www.bien-etre-animal.net\/<\/a><\/p>\n\n\n\n<p class=\"has-kb-palette-1-color has-text-color\" style=\"font-size:19px\">Activit\u00e9s p\u00e9dagogiques et bien-\u00eatre animal : production du GAP zootechnie<\/p>\n\n\n\n<p style=\"font-size:19px\">A partir des probl\u00e9matiques que soul\u00e8vent les r\u00e9f\u00e9rentiels en lien avec le bien-\u00eatre animal : le GAP zootechnie vous propose plusieurs activit\u00e9s p\u00e9dagogiques:<\/p>\n\n\n\n<p style=\"font-size:19px\"><a href=\"http:\/\/paz-a-pas.ensfea.fr\/?page_id=1509\">BEA et r\u00e9f\u00e9rentiels : quelles probl\u00e9matiques ?<\/a><\/p>\n\n\n\n<p style=\"font-size:19px\">N\u2019h\u00e9sitez pas \u00e0 nous faire part de vos commentaires.<\/p>\n","protected":false},"excerpt":{"rendered":"<p>Les membres du GAP zootechnie ont travaill\u00e9 en collaboration avec le RMT Bien-\u00eatre animal pour construire, tester et analyser des [&hellip;]<\/p>\n","protected":false},"author":49,"featured_media":0,"parent":2095,"menu_order":4,"comment_status":"closed","ping_status":"closed","template":"","meta":{"footnotes":""},"class_list":["post-1499","page","type-page","status-publish","hentry"],"_links":{"self":[{"href":"https:\/\/paz-a-pas.ensfea.fr\/index.php?rest_route=\/wp\/v2\/pages\/1499","targetHints":{"allow":["GET"]}}],"collection":[{"href":"https:\/\/paz-a-pas.ensfea.fr\/index.php?rest_route=\/wp\/v2\/pages"}],"about":[{"href":"https:\/\/paz-a-pas.ensfea.fr\/index.php?rest_route=\/wp\/v2\/types\/page"}],"author":[{"embeddable":true,"href":"https:\/\/paz-a-pas.ensfea.fr\/index.php?rest_route=\/wp\/v2\/users\/49"}],"replies":[{"embeddable":true,"href":"https:\/\/paz-a-pas.ensfea.fr\/index.php?rest_route=%2Fwp%2Fv2%2Fcomments&post=1499"}],"version-history":[{"count":8,"href":"https:\/\/paz-a-pas.ensfea.fr\/index.php?rest_route=\/wp\/v2\/pages\/1499\/revisions"}],"predecessor-version":[{"id":2908,"href":"https:\/\/paz-a-pas.ensfea.fr\/index.php?rest_route=\/wp\/v2\/pages\/1499\/revisions\/2908"}],"up":[{"embeddable":true,"href":"https:\/\/paz-a-pas.ensfea.fr\/index.php?rest_route=\/wp\/v2\/pages\/2095"}],"wp:attachment":[{"href":"https:\/\/paz-a-pas.ensfea.fr\/index.php?rest_route=%2Fwp%2Fv2%2Fmedia&parent=1499"}],"curies":[{"name":"wp","href":"https:\/\/api.w.org\/{rel}","templated":true}]}}