{"id":1418,"date":"2014-09-15T07:59:25","date_gmt":"2014-09-15T06:59:25","guid":{"rendered":"http:\/\/paz-a-pas.ensfea.fr\/?page_id=1418"},"modified":"2020-08-28T09:41:55","modified_gmt":"2020-08-28T08:41:55","slug":"thematiques-en-tp","status":"publish","type":"page","link":"https:\/\/paz-a-pas.ensfea.fr\/?page_id=1418","title":{"rendered":"Th\u00e9matiques en TP"},"content":{"rendered":"\n<p style=\"font-size:19px\">Les membres du GAP ont recens\u00e9, \u00e0 titre indicatif, des exemples de th\u00e9matiques de TP pouvant \u00eatre travaill\u00e9es avec les \u00e9l\u00e8ves selon les esp\u00e8ces animales support de la formation :<\/p>\n\n\n<style>#kt-layout-id_50df41-12 > .kt-row-column-wrap{align-content:start;}:where(#kt-layout-id_50df41-12 > .kt-row-column-wrap) > .wp-block-kadence-column{justify-content:start;}#kt-layout-id_50df41-12 > .kt-row-column-wrap{column-gap:var(--global-kb-gap-md, 2rem);row-gap:var(--global-kb-gap-md, 2rem);padding-top:var( --global-kb-row-default-top, 25px );padding-bottom:var( --global-kb-row-default-bottom, 25px );padding-top:var(--global-kb-spacing-sm, 1.5rem);padding-bottom:var(--global-kb-spacing-sm, 1.5rem);grid-template-columns:repeat(2, minmax(0, 1fr));}#kt-layout-id_50df41-12 > .kt-row-layout-overlay{opacity:0.30;}@media all and (max-width: 1024px){#kt-layout-id_50df41-12 > .kt-row-column-wrap{grid-template-columns:repeat(2, minmax(0, 1fr));}}@media all and (max-width: 767px){#kt-layout-id_50df41-12 > .kt-row-column-wrap{grid-template-columns:minmax(0, 1fr);}}<\/style>\n<div class=\"wp-block-kadence-rowlayout alignnone\"><div id=\"kt-layout-id_50df41-12\" class=\"kt-row-layout-inner kt-layout-id_50df41-12\"><div class=\"kt-row-column-wrap kt-has-2-columns kt-gutter-default kt-v-gutter-default kt-row-valign-top kt-row-layout-equal kt-tab-layout-inherit kt-m-colapse-left-to-right kt-mobile-layout-row\"><style>.kadence-column_34c0de-cb > .kt-inside-inner-col{border-top-width:0px;border-right-width:0px;border-bottom-width:0px;border-left-width:0px;}.kadence-column_34c0de-cb > .kt-inside-inner-col,.kadence-column_34c0de-cb > .kt-inside-inner-col:before{border-top-left-radius:0px;border-top-right-radius:0px;border-bottom-right-radius:0px;border-bottom-left-radius:0px;}.kadence-column_34c0de-cb > .kt-inside-inner-col{column-gap:var(--global-kb-gap-sm, 1rem);}.kadence-column_34c0de-cb > .kt-inside-inner-col{flex-direction:column;}.kadence-column_34c0de-cb > .kt-inside-inner-col > .aligncenter{width:100%;}.kadence-column_34c0de-cb > .kt-inside-inner-col:before{opacity:0.3;}.kadence-column_34c0de-cb{position:relative;}@media all and (max-width: 1024px){.kadence-column_34c0de-cb > .kt-inside-inner-col{flex-direction:column;justify-content:center;}}@media all and (max-width: 767px){.kadence-column_34c0de-cb > .kt-inside-inner-col{flex-direction:column;justify-content:center;}}<\/style>\n<div class=\"wp-block-kadence-column inner-column-1 kadence-column_34c0de-cb\"><div class=\"kt-inside-inner-col\"><style>.wp-block-kadence-column.kb-section-dir-horizontal > .kt-inside-inner-col > #kt-info-box_4c7bd3-79 .kt-blocks-info-box-link-wrap{max-width:unset;}#kt-info-box_4c7bd3-79 .kt-blocks-info-box-link-wrap{border-color:#007a77;border-radius:20px;border-top-width:5px;border-right-width:5px;border-bottom-width:5px;border-left-width:5px;background:#ffffff;padding-top:24px;padding-right:24px;padding-bottom:24px;padding-left:24px;}#kt-info-box_4c7bd3-79 .kt-blocks-info-box-link-wrap:hover{background:#ffffff;}#kt-info-box_4c7bd3-79.wp-block-kadence-infobox{max-width:100%;}#kt-info-box_4c7bd3-79 .kadence-info-box-image-inner-intrisic-container{max-width:80px;}#kt-info-box_4c7bd3-79 .kadence-info-box-image-inner-intrisic-container .kadence-info-box-image-intrisic{padding-bottom:100%;width:150px;height:0px;max-width:100%;}#kt-info-box_4c7bd3-79 .kadence-info-box-icon-container .kt-info-svg-icon, #kt-info-box_4c7bd3-79 .kt-info-svg-icon-flip, #kt-info-box_4c7bd3-79 .kt-blocks-info-box-number{font-size:50px;}#kt-info-box_4c7bd3-79 .kt-blocks-info-box-media{color:#444444;background:#ffffff;border-color:#007a77;border-radius:200px;overflow:hidden;border-top-width:1px;border-right-width:1px;border-bottom-width:1px;border-left-width:1px;padding-top:20px;padding-right:20px;padding-bottom:20px;padding-left:20px;margin-top:0px;margin-right:20px;margin-bottom:0px;margin-left:0px;}#kt-info-box_4c7bd3-79 .kt-blocks-info-box-media .kadence-info-box-image-intrisic img{border-radius:200px;}#kt-info-box_4c7bd3-79 .kt-blocks-info-box-link-wrap:hover .kt-blocks-info-box-media{color:#444444;background:#ffffff;border-color:#eeeeee;}#kt-info-box_4c7bd3-79 .kt-infobox-textcontent h1.kt-blocks-info-box-title{color:#313131;font-size:1.9em;padding-top:0px;padding-right:0px;padding-bottom:0px;padding-left:0px;margin-top:5px;margin-right:0px;margin-bottom:10px;margin-left:0px;}#kt-info-box_4c7bd3-79 .kt-blocks-info-box-learnmore{background:transparent;border-width:0px 0px 0px 0px;padding-top:4px;padding-right:8px;padding-bottom:4px;padding-left:8px;margin-top:10px;margin-right:0px;margin-bottom:10px;margin-left:0px;}<\/style>\n<div id=\"kt-info-box_4c7bd3-79\" class=\"wp-block-kadence-infobox\"><a class=\"kt-blocks-info-box-link-wrap kt-blocks-info-box-media-align-left kt-info-halign-center\" href=\"http:\/\/paz-a-pas.ensfea.fr\/?page_id=487\"><div class=\"kt-blocks-info-box-media-container\"><div class=\"kt-blocks-info-box-media kt-info-media-animate-none\"><div class=\"kadence-info-box-image-inner-intrisic-container\" style=\"max-width:80px\"><div class=\"kadence-info-box-image-intrisic kt-info-animate-none\" style=\"padding-bottom:100%;height:0;width:150px;max-width:100%\"><div class=\"kadence-info-box-image-inner-intrisic\"><img loading=\"lazy\" decoding=\"async\" src=\"http:\/\/paz-a-pas.ensfea.fr\/wp-content\/uploads\/sites\/6\/2020\/08\/index-150x150.jpg\" alt=\"\" width=\"150\" height=\"150\" class=\"kt-info-box-image wp-image-2586 \" \/><\/div><\/div><\/div><\/div><\/div><div class=\"kt-infobox-textcontent\"><h1 class=\"kt-blocks-info-box-title\">Th\u00e9matiques en esp\u00e8ce bovine<\/h1><\/div><\/a><\/div>\n\n\n<style>.wp-block-kadence-spacer.kt-block-spacer-_583773-21 .kt-block-spacer{height:6px;}.wp-block-kadence-spacer.kt-block-spacer-_583773-21 .kt-divider{border-top-width:1px;height:1px;border-top-color:#eee;width:80%;border-top-style:solid;}<\/style>\n<div class=\"wp-block-kadence-spacer aligncenter kt-block-spacer-_583773-21\"><div class=\"kt-block-spacer kt-block-spacer-halign-center\" style=\"height:6px\"><\/div><\/div>\n\n\n<style>.wp-block-kadence-column.kb-section-dir-horizontal > .kt-inside-inner-col > #kt-info-box_f8a393-95 .kt-blocks-info-box-link-wrap{max-width:unset;}#kt-info-box_f8a393-95 .kt-blocks-info-box-link-wrap{border-color:#007a77;border-radius:20px;border-top-width:5px;border-right-width:5px;border-bottom-width:5px;border-left-width:5px;background:#ffffff;padding-top:24px;padding-right:24px;padding-bottom:24px;padding-left:24px;}#kt-info-box_f8a393-95 .kt-blocks-info-box-link-wrap:hover{background:#ffffff;}#kt-info-box_f8a393-95.wp-block-kadence-infobox{max-width:100%;}#kt-info-box_f8a393-95 .kadence-info-box-image-inner-intrisic-container{max-width:80px;}#kt-info-box_f8a393-95 .kadence-info-box-image-inner-intrisic-container .kadence-info-box-image-intrisic{padding-bottom:100%;width:150px;height:0px;max-width:100%;}#kt-info-box_f8a393-95 .kadence-info-box-icon-container .kt-info-svg-icon, #kt-info-box_f8a393-95 .kt-info-svg-icon-flip, #kt-info-box_f8a393-95 .kt-blocks-info-box-number{font-size:50px;}#kt-info-box_f8a393-95 .kt-blocks-info-box-media{color:#444444;background:#ffffff;border-color:#007a77;border-radius:200px;overflow:hidden;border-top-width:1px;border-right-width:1px;border-bottom-width:1px;border-left-width:1px;padding-top:20px;padding-right:20px;padding-bottom:20px;padding-left:20px;margin-top:0px;margin-right:20px;margin-bottom:0px;margin-left:0px;}#kt-info-box_f8a393-95 .kt-blocks-info-box-media .kadence-info-box-image-intrisic img{border-radius:200px;}#kt-info-box_f8a393-95 .kt-blocks-info-box-link-wrap:hover .kt-blocks-info-box-media{color:#444444;background:#ffffff;border-color:#eeeeee;}#kt-info-box_f8a393-95 .kt-infobox-textcontent h1.kt-blocks-info-box-title{color:#313131;font-size:1.9em;padding-top:0px;padding-right:0px;padding-bottom:0px;padding-left:0px;margin-top:5px;margin-right:0px;margin-bottom:10px;margin-left:0px;}#kt-info-box_f8a393-95 .kt-blocks-info-box-learnmore{background:transparent;border-width:0px 0px 0px 0px;padding-top:4px;padding-right:8px;padding-bottom:4px;padding-left:8px;margin-top:10px;margin-right:0px;margin-bottom:10px;margin-left:0px;}<\/style>\n<div id=\"kt-info-box_f8a393-95\" class=\"wp-block-kadence-infobox\"><a class=\"kt-blocks-info-box-link-wrap kt-blocks-info-box-media-align-left kt-info-halign-center\" href=\"http:\/\/paz-a-pas.ensfea.fr\/?page_id=494\"><div class=\"kt-blocks-info-box-media-container\"><div class=\"kt-blocks-info-box-media kt-info-media-animate-none\"><div class=\"kadence-info-box-image-inner-intrisic-container\" style=\"max-width:80px\"><div class=\"kadence-info-box-image-intrisic kt-info-animate-none\" style=\"padding-bottom:100%;height:0;width:150px;max-width:100%\"><div class=\"kadence-info-box-image-inner-intrisic\"><img loading=\"lazy\" decoding=\"async\" src=\"http:\/\/paz-a-pas.ensfea.fr\/wp-content\/uploads\/sites\/6\/2020\/08\/Porc-150x150.jpg\" alt=\"\" width=\"150\" height=\"150\" class=\"kt-info-box-image wp-image-2587 \" \/><\/div><\/div><\/div><\/div><\/div><div class=\"kt-infobox-textcontent\"><h1 class=\"kt-blocks-info-box-title\">Th\u00e9matiques en esp\u00e8ce porcine<\/h1><\/div><\/a><\/div>\n<\/div><\/div>\n\n\n<style>.kadence-column_31c397-87 > .kt-inside-inner-col{border-top-width:0px;border-right-width:0px;border-bottom-width:0px;border-left-width:0px;}.kadence-column_31c397-87 > .kt-inside-inner-col,.kadence-column_31c397-87 > .kt-inside-inner-col:before{border-top-left-radius:0px;border-top-right-radius:0px;border-bottom-right-radius:0px;border-bottom-left-radius:0px;}.kadence-column_31c397-87 > .kt-inside-inner-col{column-gap:var(--global-kb-gap-sm, 1rem);}.kadence-column_31c397-87 > .kt-inside-inner-col{flex-direction:column;}.kadence-column_31c397-87 > .kt-inside-inner-col > .aligncenter{width:100%;}.kadence-column_31c397-87 > .kt-inside-inner-col:before{opacity:0.3;}.kadence-column_31c397-87{position:relative;}@media all and (max-width: 1024px){.kadence-column_31c397-87 > .kt-inside-inner-col{flex-direction:column;justify-content:center;}}@media all and (max-width: 767px){.kadence-column_31c397-87 > .kt-inside-inner-col{flex-direction:column;justify-content:center;}}<\/style>\n<div class=\"wp-block-kadence-column inner-column-2 kadence-column_31c397-87\"><div class=\"kt-inside-inner-col\"><style>.wp-block-kadence-column.kb-section-dir-horizontal > .kt-inside-inner-col > #kt-info-box_5dfe85-98 .kt-blocks-info-box-link-wrap{max-width:unset;}#kt-info-box_5dfe85-98 .kt-blocks-info-box-link-wrap{border-color:#007a77;border-radius:20px;border-top-width:5px;border-right-width:5px;border-bottom-width:5px;border-left-width:5px;background:#ffffff;padding-top:24px;padding-right:24px;padding-bottom:24px;padding-left:24px;}#kt-info-box_5dfe85-98 .kt-blocks-info-box-link-wrap:hover{background:#ffffff;}#kt-info-box_5dfe85-98.wp-block-kadence-infobox{max-width:100%;}#kt-info-box_5dfe85-98 .kadence-info-box-image-inner-intrisic-container{max-width:80px;}#kt-info-box_5dfe85-98 .kadence-info-box-image-inner-intrisic-container .kadence-info-box-image-intrisic{padding-bottom:100%;width:150px;height:0px;max-width:100%;}#kt-info-box_5dfe85-98 .kadence-info-box-icon-container .kt-info-svg-icon, #kt-info-box_5dfe85-98 .kt-info-svg-icon-flip, #kt-info-box_5dfe85-98 .kt-blocks-info-box-number{font-size:50px;}#kt-info-box_5dfe85-98 .kt-blocks-info-box-media{color:#444444;background:#ffffff;border-color:#007a77;border-radius:200px;overflow:hidden;border-top-width:1px;border-right-width:1px;border-bottom-width:1px;border-left-width:1px;padding-top:20px;padding-right:20px;padding-bottom:20px;padding-left:20px;margin-top:0px;margin-right:20px;margin-bottom:0px;margin-left:0px;}#kt-info-box_5dfe85-98 .kt-blocks-info-box-media .kadence-info-box-image-intrisic img{border-radius:200px;}#kt-info-box_5dfe85-98 .kt-blocks-info-box-link-wrap:hover .kt-blocks-info-box-media{color:#444444;background:#ffffff;border-color:#eeeeee;}#kt-info-box_5dfe85-98 .kt-infobox-textcontent h1.kt-blocks-info-box-title{color:#313131;font-size:1.9em;padding-top:0px;padding-right:0px;padding-bottom:0px;padding-left:0px;margin-top:5px;margin-right:0px;margin-bottom:10px;margin-left:0px;}#kt-info-box_5dfe85-98 .kt-blocks-info-box-learnmore{background:transparent;border-width:0px 0px 0px 0px;padding-top:4px;padding-right:8px;padding-bottom:4px;padding-left:8px;margin-top:10px;margin-right:0px;margin-bottom:10px;margin-left:0px;}<\/style>\n<div id=\"kt-info-box_5dfe85-98\" class=\"wp-block-kadence-infobox\"><a class=\"kt-blocks-info-box-link-wrap kt-blocks-info-box-media-align-left kt-info-halign-center\" href=\"http:\/\/paz-a-pas.ensfea.fr\/?page_id=492\"><div class=\"kt-blocks-info-box-media-container\"><div class=\"kt-blocks-info-box-media kt-info-media-animate-none\"><div class=\"kadence-info-box-image-inner-intrisic-container\" style=\"max-width:80px\"><div class=\"kadence-info-box-image-intrisic kt-info-animate-none\" style=\"padding-bottom:100%;height:0;width:150px;max-width:100%\"><div class=\"kadence-info-box-image-inner-intrisic\"><img loading=\"lazy\" decoding=\"async\" src=\"http:\/\/paz-a-pas.ensfea.fr\/wp-content\/uploads\/sites\/6\/2020\/08\/ovin-150x150.jpg\" alt=\"\" width=\"150\" height=\"150\" class=\"kt-info-box-image wp-image-2588 \" \/><\/div><\/div><\/div><\/div><\/div><div class=\"kt-infobox-textcontent\"><h1 class=\"kt-blocks-info-box-title\">Th\u00e9matiques en esp\u00e8ce ovine et caprine<\/h1><\/div><\/a><\/div>\n\n\n<style>.wp-block-kadence-spacer.kt-block-spacer-_7674a9-ab .kt-block-spacer{height:6px;}.wp-block-kadence-spacer.kt-block-spacer-_7674a9-ab .kt-divider{border-top-width:1px;height:1px;border-top-color:#eee;width:80%;border-top-style:solid;}<\/style>\n<div class=\"wp-block-kadence-spacer aligncenter kt-block-spacer-_7674a9-ab\"><div class=\"kt-block-spacer kt-block-spacer-halign-center\" style=\"height:6px\"><\/div><\/div>\n\n\n<style>.wp-block-kadence-column.kb-section-dir-horizontal > .kt-inside-inner-col > #kt-info-box_aa86d3-04 .kt-blocks-info-box-link-wrap{max-width:unset;}#kt-info-box_aa86d3-04 .kt-blocks-info-box-link-wrap{border-color:#007a77;border-radius:20px;border-top-width:5px;border-right-width:5px;border-bottom-width:5px;border-left-width:5px;background:#ffffff;padding-top:24px;padding-right:24px;padding-bottom:24px;padding-left:24px;}#kt-info-box_aa86d3-04 .kt-blocks-info-box-link-wrap:hover{background:#ffffff;}#kt-info-box_aa86d3-04.wp-block-kadence-infobox{max-width:100%;}#kt-info-box_aa86d3-04 .kadence-info-box-image-inner-intrisic-container{max-width:80px;}#kt-info-box_aa86d3-04 .kadence-info-box-image-inner-intrisic-container .kadence-info-box-image-intrisic{padding-bottom:100%;width:150px;height:0px;max-width:100%;}#kt-info-box_aa86d3-04 .kadence-info-box-icon-container .kt-info-svg-icon, #kt-info-box_aa86d3-04 .kt-info-svg-icon-flip, #kt-info-box_aa86d3-04 .kt-blocks-info-box-number{font-size:50px;}#kt-info-box_aa86d3-04 .kt-blocks-info-box-media{color:#444444;background:#ffffff;border-color:#007a77;border-radius:200px;overflow:hidden;border-top-width:1px;border-right-width:1px;border-bottom-width:1px;border-left-width:1px;padding-top:20px;padding-right:20px;padding-bottom:20px;padding-left:20px;margin-top:0px;margin-right:20px;margin-bottom:0px;margin-left:0px;}#kt-info-box_aa86d3-04 .kt-blocks-info-box-media .kadence-info-box-image-intrisic img{border-radius:200px;}#kt-info-box_aa86d3-04 .kt-blocks-info-box-link-wrap:hover .kt-blocks-info-box-media{color:#444444;background:#ffffff;border-color:#eeeeee;}#kt-info-box_aa86d3-04 .kt-infobox-textcontent h1.kt-blocks-info-box-title{color:#313131;font-size:1.9em;padding-top:0px;padding-right:0px;padding-bottom:0px;padding-left:0px;margin-top:5px;margin-right:0px;margin-bottom:10px;margin-left:0px;}#kt-info-box_aa86d3-04 .kt-blocks-info-box-learnmore{background:transparent;border-width:0px 0px 0px 0px;padding-top:4px;padding-right:8px;padding-bottom:4px;padding-left:8px;margin-top:10px;margin-right:0px;margin-bottom:10px;margin-left:0px;}<\/style>\n<div id=\"kt-info-box_aa86d3-04\" class=\"wp-block-kadence-infobox\"><a class=\"kt-blocks-info-box-link-wrap kt-blocks-info-box-media-align-left kt-info-halign-center\" href=\"http:\/\/paz-a-pas.ensfea.fr\/?page_id=485\"><div class=\"kt-blocks-info-box-media-container\"><div class=\"kt-blocks-info-box-media kt-info-media-animate-none\"><div class=\"kadence-info-box-image-inner-intrisic-container\" style=\"max-width:80px\"><div class=\"kadence-info-box-image-intrisic kt-info-animate-none\" style=\"padding-bottom:100%;height:0;width:150px;max-width:100%\"><div class=\"kadence-info-box-image-inner-intrisic\"><img loading=\"lazy\" decoding=\"async\" src=\"http:\/\/paz-a-pas.ensfea.fr\/wp-content\/uploads\/sites\/6\/2020\/08\/equide-150x150.jpg\" alt=\"\" width=\"150\" height=\"150\" class=\"kt-info-box-image wp-image-2589 \" \/><\/div><\/div><\/div><\/div><\/div><div class=\"kt-infobox-textcontent\"><h1 class=\"kt-blocks-info-box-title\">Th\u00e9matiques pour les \u00e9quid\u00e9s<\/h1><\/div><\/a><\/div>\n<\/div><\/div>\n<\/div><\/div><\/div>\n","protected":false},"excerpt":{"rendered":"<p>Les membres du GAP ont recens\u00e9, \u00e0 titre indicatif, des exemples de th\u00e9matiques de TP pouvant \u00eatre travaill\u00e9es avec les [&hellip;]<\/p>\n","protected":false},"author":49,"featured_media":0,"parent":453,"menu_order":0,"comment_status":"closed","ping_status":"closed","template":"","meta":{"footnotes":""},"class_list":["post-1418","page","type-page","status-publish","hentry"],"_links":{"self":[{"href":"https:\/\/paz-a-pas.ensfea.fr\/index.php?rest_route=\/wp\/v2\/pages\/1418","targetHints":{"allow":["GET"]}}],"collection":[{"href":"https:\/\/paz-a-pas.ensfea.fr\/index.php?rest_route=\/wp\/v2\/pages"}],"about":[{"href":"https:\/\/paz-a-pas.ensfea.fr\/index.php?rest_route=\/wp\/v2\/types\/page"}],"author":[{"embeddable":true,"href":"https:\/\/paz-a-pas.ensfea.fr\/index.php?rest_route=\/wp\/v2\/users\/49"}],"replies":[{"embeddable":true,"href":"https:\/\/paz-a-pas.ensfea.fr\/index.php?rest_route=%2Fwp%2Fv2%2Fcomments&post=1418"}],"version-history":[{"count":7,"href":"https:\/\/paz-a-pas.ensfea.fr\/index.php?rest_route=\/wp\/v2\/pages\/1418\/revisions"}],"predecessor-version":[{"id":2592,"href":"https:\/\/paz-a-pas.ensfea.fr\/index.php?rest_route=\/wp\/v2\/pages\/1418\/revisions\/2592"}],"up":[{"embeddable":true,"href":"https:\/\/paz-a-pas.ensfea.fr\/index.php?rest_route=\/wp\/v2\/pages\/453"}],"wp:attachment":[{"href":"https:\/\/paz-a-pas.ensfea.fr\/index.php?rest_route=%2Fwp%2Fv2%2Fmedia&parent=1418"}],"curies":[{"name":"wp","href":"https:\/\/api.w.org\/{rel}","templated":true}]}}