{"id":1090,"date":"2014-07-09T14:11:22","date_gmt":"2014-07-09T13:11:22","guid":{"rendered":"http:\/\/paz-a-pas.ensfea.fr\/?page_id=1090"},"modified":"2020-09-03T09:08:44","modified_gmt":"2020-09-03T08:08:44","slug":"thematiques-liees-a-la-traite-en-especes-ovinecaprine","status":"publish","type":"page","link":"https:\/\/paz-a-pas.ensfea.fr\/?page_id=1090","title":{"rendered":"Th\u00e9matiques traite ovins\/caprins"},"content":{"rendered":"<style>#kt-layout-id_f69e8b-c3 > .kt-row-column-wrap{align-content:start;}:where(#kt-layout-id_f69e8b-c3 > .kt-row-column-wrap) > .wp-block-kadence-column{justify-content:start;}#kt-layout-id_f69e8b-c3 > .kt-row-column-wrap{column-gap:var(--global-kb-gap-md, 2rem);row-gap:var(--global-kb-gap-md, 2rem);padding-top:var( --global-kb-row-default-top, 25px );padding-bottom:var( --global-kb-row-default-bottom, 25px );padding-top:var(--global-kb-spacing-sm, 1.5rem);padding-bottom:var(--global-kb-spacing-sm, 1.5rem);}#kt-layout-id_f69e8b-c3 > .kt-row-column-wrap > div:not(.added-for-specificity){grid-column:initial;}#kt-layout-id_f69e8b-c3 > .kt-row-column-wrap{grid-template-columns:repeat(4, minmax(0, 1fr));}#kt-layout-id_f69e8b-c3 > .kt-row-layout-overlay{opacity:0.30;}@media all and (max-width: 1024px){#kt-layout-id_f69e8b-c3 > .kt-row-column-wrap > div:not(.added-for-specificity){grid-column:initial;}}@media all and (max-width: 1024px){#kt-layout-id_f69e8b-c3 > .kt-row-column-wrap{grid-template-columns:repeat(4, minmax(0, 1fr));}}@media all and (max-width: 767px){#kt-layout-id_f69e8b-c3 > .kt-row-column-wrap > div:not(.added-for-specificity){grid-column:initial;}#kt-layout-id_f69e8b-c3 > .kt-row-column-wrap{grid-template-columns:minmax(0, 1fr);}}<\/style>\n<div class=\"wp-block-kadence-rowlayout alignnone\"><div id=\"kt-layout-id_f69e8b-c3\" class=\"kt-row-layout-inner kt-layout-id_f69e8b-c3\"><div class=\"kt-row-column-wrap kt-has-4-columns kt-gutter-default kt-v-gutter-default kt-row-valign-top kt-row-layout-equal kt-tab-layout-inherit kt-m-colapse-left-to-right kt-mobile-layout-row\"><style>.kadence-column_570285-35 > .kt-inside-inner-col{border-top-width:0px;border-right-width:0px;border-bottom-width:0px;border-left-width:0px;}.kadence-column_570285-35 > .kt-inside-inner-col,.kadence-column_570285-35 > .kt-inside-inner-col:before{border-top-left-radius:0px;border-top-right-radius:0px;border-bottom-right-radius:0px;border-bottom-left-radius:0px;}.kadence-column_570285-35 > .kt-inside-inner-col{column-gap:var(--global-kb-gap-sm, 1rem);}.kadence-column_570285-35 > .kt-inside-inner-col{flex-direction:column;}.kadence-column_570285-35 > .kt-inside-inner-col > .aligncenter{width:100%;}.kadence-column_570285-35 > .kt-inside-inner-col:before{opacity:0.3;}.kadence-column_570285-35{position:relative;}@media all and (max-width: 1024px){.kadence-column_570285-35 > .kt-inside-inner-col{flex-direction:column;justify-content:center;}}@media all and (max-width: 767px){.kadence-column_570285-35 > .kt-inside-inner-col{flex-direction:column;justify-content:center;}}<\/style>\n<div class=\"wp-block-kadence-column inner-column-1 kadence-column_570285-35\"><div class=\"kt-inside-inner-col\">\n<p class=\"has-medium-font-size\"><strong>Th\u00e9matiques<\/strong><\/p>\n\n\n<style>.wp-block-kadence-spacer.kt-block-spacer-_972dc1-51 .kt-block-spacer{height:100px;}.wp-block-kadence-spacer.kt-block-spacer-_972dc1-51 .kt-divider{border-top-width:1px;height:1px;border-top-color:#eee;width:80%;border-top-style:solid;}<\/style>\n<div class=\"wp-block-kadence-spacer aligncenter kt-block-spacer-_972dc1-51\"><div class=\"kt-block-spacer kt-block-spacer-halign-center\" style=\"height:100px\"><\/div><\/div>\n\n\n\n<p style=\"font-size:19px\"><strong><strong>Traite des brebis\/ch\u00e8vres<\/strong><\/strong><\/p>\n<\/div><\/div>\n\n\n<style>.kadence-column_1180e4-16 > .kt-inside-inner-col{border-top-width:0px;border-right-width:0px;border-bottom-width:0px;border-left-width:0px;}.kadence-column_1180e4-16 > .kt-inside-inner-col,.kadence-column_1180e4-16 > .kt-inside-inner-col:before{border-top-left-radius:0px;border-top-right-radius:0px;border-bottom-right-radius:0px;border-bottom-left-radius:0px;}.kadence-column_1180e4-16 > .kt-inside-inner-col{column-gap:var(--global-kb-gap-sm, 1rem);}.kadence-column_1180e4-16 > .kt-inside-inner-col{flex-direction:column;}.kadence-column_1180e4-16 > .kt-inside-inner-col > .aligncenter{width:100%;}.kadence-column_1180e4-16 > .kt-inside-inner-col:before{opacity:0.3;}.kadence-column_1180e4-16{position:relative;}@media all and (max-width: 1024px){.kadence-column_1180e4-16 > .kt-inside-inner-col{flex-direction:column;justify-content:center;}}@media all and (max-width: 767px){.kadence-column_1180e4-16 > .kt-inside-inner-col{flex-direction:column;justify-content:center;}}<\/style>\n<div class=\"wp-block-kadence-column inner-column-2 kadence-column_1180e4-16\"><div class=\"kt-inside-inner-col\">\n<p class=\"has-medium-font-size\"><strong><strong>Indications de capacit\u00e9s pouvant \u00eatre travaill\u00e9es<\/strong><\/strong><\/p>\n\n\n<style>.wp-block-kadence-spacer.kt-block-spacer-_0854ec-d1 .kt-block-spacer{height:6px;}.wp-block-kadence-spacer.kt-block-spacer-_0854ec-d1 .kt-divider{border-top-width:1px;height:1px;border-top-color:#eee;width:80%;border-top-style:solid;}<\/style>\n<div class=\"wp-block-kadence-spacer aligncenter kt-block-spacer-_0854ec-d1\"><div class=\"kt-block-spacer kt-block-spacer-halign-center\" style=\"height:6px\"><\/div><\/div>\n\n\n\n<p style=\"font-size:19px\">\u2013 EC d\u2019organiser la traite (de la pr\u00e9paration au nettoyage de la salle de traite)<\/p>\n\n\n<style>.wp-block-kadence-spacer.kt-block-spacer-_10e4d9-8c .kt-block-spacer{height:6px;}.wp-block-kadence-spacer.kt-block-spacer-_10e4d9-8c .kt-divider{border-top-width:1px;height:1px;border-top-color:#eee;width:80%;border-top-style:solid;}<\/style>\n<div class=\"wp-block-kadence-spacer aligncenter kt-block-spacer-_10e4d9-8c\"><div class=\"kt-block-spacer kt-block-spacer-halign-center\" style=\"height:6px\"><\/div><\/div>\n\n\n\n<p style=\"font-size:19px\">\u2013 EC de traire des brebis\/ch\u00e8vres<\/p>\n<\/div><\/div>\n\n\n<style>.kadence-column_4dcca4-61 > .kt-inside-inner-col{border-top-width:0px;border-right-width:0px;border-bottom-width:0px;border-left-width:0px;}.kadence-column_4dcca4-61 > .kt-inside-inner-col,.kadence-column_4dcca4-61 > .kt-inside-inner-col:before{border-top-left-radius:0px;border-top-right-radius:0px;border-bottom-right-radius:0px;border-bottom-left-radius:0px;}.kadence-column_4dcca4-61 > .kt-inside-inner-col{column-gap:var(--global-kb-gap-sm, 1rem);}.kadence-column_4dcca4-61 > .kt-inside-inner-col{flex-direction:column;}.kadence-column_4dcca4-61 > .kt-inside-inner-col > .aligncenter{width:100%;}.kadence-column_4dcca4-61 > .kt-inside-inner-col:before{opacity:0.3;}.kadence-column_4dcca4-61{position:relative;}@media all and (max-width: 1024px){.kadence-column_4dcca4-61 > .kt-inside-inner-col{flex-direction:column;justify-content:center;}}@media all and (max-width: 767px){.kadence-column_4dcca4-61 > .kt-inside-inner-col{flex-direction:column;justify-content:center;}}<\/style>\n<div class=\"wp-block-kadence-column inner-column-3 kadence-column_4dcca4-61\"><div class=\"kt-inside-inner-col\">\n<p class=\"has-medium-font-size\"><strong><strong>Indication d\u2019activit\u00e9s \u00e0 r\u00e9aliser lors de la s\u00e9ance<\/strong><\/strong><\/p>\n\n\n<style>.wp-block-kadence-spacer.kt-block-spacer-_3bfc1d-a2 .kt-block-spacer{height:6px;}.wp-block-kadence-spacer.kt-block-spacer-_3bfc1d-a2 .kt-divider{border-top-width:1px;height:1px;border-top-color:#eee;width:80%;border-top-style:solid;}<\/style>\n<div class=\"wp-block-kadence-spacer aligncenter kt-block-spacer-_3bfc1d-a2\"><div class=\"kt-block-spacer kt-block-spacer-halign-center\" style=\"height:6px\"><\/div><\/div>\n\n\n\n<p style=\"font-size:19px\">\u2013 pr\u00e9parer la traite<\/p>\n\n\n<style>.wp-block-kadence-spacer.kt-block-spacer-_dcaa43-c3 .kt-block-spacer{height:70px;}.wp-block-kadence-spacer.kt-block-spacer-_dcaa43-c3 .kt-divider{border-top-width:1px;height:1px;border-top-color:#eee;width:80%;border-top-style:solid;}<\/style>\n<div class=\"wp-block-kadence-spacer aligncenter kt-block-spacer-_dcaa43-c3\"><div class=\"kt-block-spacer kt-block-spacer-halign-center\" style=\"height:70px\"><\/div><\/div>\n\n\n\n<p style=\"font-size:19px\">\u2013 traire les brebis\/ch\u00e8vres<\/p>\n\n\n\n<p style=\"font-size:19px\">\u2013 nettoyer et ranger la salle de traite<\/p>\n<\/div><\/div>\n\n\n<style>.kadence-column_34cfd0-29 > .kt-inside-inner-col{border-top-width:0px;border-right-width:0px;border-bottom-width:0px;border-left-width:0px;}.kadence-column_34cfd0-29 > .kt-inside-inner-col,.kadence-column_34cfd0-29 > .kt-inside-inner-col:before{border-top-left-radius:0px;border-top-right-radius:0px;border-bottom-right-radius:0px;border-bottom-left-radius:0px;}.kadence-column_34cfd0-29 > .kt-inside-inner-col{column-gap:var(--global-kb-gap-sm, 1rem);}.kadence-column_34cfd0-29 > .kt-inside-inner-col{flex-direction:column;}.kadence-column_34cfd0-29 > .kt-inside-inner-col > .aligncenter{width:100%;}.kadence-column_34cfd0-29 > .kt-inside-inner-col:before{opacity:0.3;}.kadence-column_34cfd0-29{position:relative;}@media all and (max-width: 1024px){.kadence-column_34cfd0-29 > .kt-inside-inner-col{flex-direction:column;justify-content:center;}}@media all and (max-width: 767px){.kadence-column_34cfd0-29 > .kt-inside-inner-col{flex-direction:column;justify-content:center;}}<\/style>\n<div class=\"wp-block-kadence-column inner-column-4 kadence-column_34cfd0-29\"><div class=\"kt-inside-inner-col\">\n<p class=\"has-medium-font-size\"><strong>Commentaires<\/strong><\/p>\n\n\n<style>.wp-block-kadence-spacer.kt-block-spacer-_5f6f5c-16 .kt-block-spacer{height:35px;}.wp-block-kadence-spacer.kt-block-spacer-_5f6f5c-16 .kt-divider{border-top-width:1px;height:1px;border-top-color:#eee;width:80%;border-top-style:solid;}<\/style>\n<div class=\"wp-block-kadence-spacer aligncenter kt-block-spacer-_5f6f5c-16\"><div class=\"kt-block-spacer kt-block-spacer-halign-center\" style=\"height:35px\"><\/div><\/div>\n\n\n\n<p style=\"font-size:19px\">Intervention r\u00e9alis\u00e9e lors de stage de formation (et non en TP)<\/p>\n<\/div><\/div>\n<\/div><\/div><\/div>\n","protected":false},"excerpt":{"rendered":"<p>Th\u00e9matiques Traite des brebis\/ch\u00e8vres Indications de capacit\u00e9s pouvant \u00eatre travaill\u00e9es \u2013 EC d\u2019organiser la traite (de la pr\u00e9paration au nettoyage [&hellip;]<\/p>\n","protected":false},"author":49,"featured_media":0,"parent":492,"menu_order":5,"comment_status":"closed","ping_status":"closed","template":"","meta":{"footnotes":""},"class_list":["post-1090","page","type-page","status-publish","hentry"],"_links":{"self":[{"href":"https:\/\/paz-a-pas.ensfea.fr\/index.php?rest_route=\/wp\/v2\/pages\/1090","targetHints":{"allow":["GET"]}}],"collection":[{"href":"https:\/\/paz-a-pas.ensfea.fr\/index.php?rest_route=\/wp\/v2\/pages"}],"about":[{"href":"https:\/\/paz-a-pas.ensfea.fr\/index.php?rest_route=\/wp\/v2\/types\/page"}],"author":[{"embeddable":true,"href":"https:\/\/paz-a-pas.ensfea.fr\/index.php?rest_route=\/wp\/v2\/users\/49"}],"replies":[{"embeddable":true,"href":"https:\/\/paz-a-pas.ensfea.fr\/index.php?rest_route=%2Fwp%2Fv2%2Fcomments&post=1090"}],"version-history":[{"count":16,"href":"https:\/\/paz-a-pas.ensfea.fr\/index.php?rest_route=\/wp\/v2\/pages\/1090\/revisions"}],"predecessor-version":[{"id":2984,"href":"https:\/\/paz-a-pas.ensfea.fr\/index.php?rest_route=\/wp\/v2\/pages\/1090\/revisions\/2984"}],"up":[{"embeddable":true,"href":"https:\/\/paz-a-pas.ensfea.fr\/index.php?rest_route=\/wp\/v2\/pages\/492"}],"wp:attachment":[{"href":"https:\/\/paz-a-pas.ensfea.fr\/index.php?rest_route=%2Fwp%2Fv2%2Fmedia&parent=1090"}],"curies":[{"name":"wp","href":"https:\/\/api.w.org\/{rel}","templated":true}]}}