{"id":1068,"date":"2014-07-09T13:55:45","date_gmt":"2014-07-09T12:55:45","guid":{"rendered":"http:\/\/paz-a-pas.ensfea.fr\/?page_id=1068"},"modified":"2020-09-03T09:06:34","modified_gmt":"2020-09-03T08:06:34","slug":"thematiques-liees-a-la-traite-en-espece-bovine","status":"publish","type":"page","link":"https:\/\/paz-a-pas.ensfea.fr\/?page_id=1068","title":{"rendered":"Th\u00e9matiques traite bovins"},"content":{"rendered":"<style>#kt-layout-id_7fa539-b2 > .kt-row-column-wrap{align-content:start;}:where(#kt-layout-id_7fa539-b2 > .kt-row-column-wrap) > .wp-block-kadence-column{justify-content:start;}#kt-layout-id_7fa539-b2 > .kt-row-column-wrap{column-gap:var(--global-kb-gap-md, 2rem);row-gap:var(--global-kb-gap-md, 2rem);padding-top:var( --global-kb-row-default-top, 25px );padding-bottom:var( --global-kb-row-default-bottom, 25px );padding-top:var(--global-kb-spacing-sm, 1.5rem);padding-bottom:var(--global-kb-spacing-sm, 1.5rem);}#kt-layout-id_7fa539-b2 > .kt-row-column-wrap > div:not(.added-for-specificity){grid-column:initial;}#kt-layout-id_7fa539-b2 > .kt-row-column-wrap{grid-template-columns:repeat(4, minmax(0, 1fr));}#kt-layout-id_7fa539-b2 > .kt-row-layout-overlay{opacity:0.30;}@media all and (max-width: 1024px){#kt-layout-id_7fa539-b2 > .kt-row-column-wrap > div:not(.added-for-specificity){grid-column:initial;}}@media all and (max-width: 1024px){#kt-layout-id_7fa539-b2 > .kt-row-column-wrap{grid-template-columns:repeat(4, minmax(0, 1fr));}}@media all and (max-width: 767px){#kt-layout-id_7fa539-b2 > .kt-row-column-wrap > div:not(.added-for-specificity){grid-column:initial;}#kt-layout-id_7fa539-b2 > .kt-row-column-wrap{grid-template-columns:minmax(0, 1fr);}}<\/style>\n<div class=\"wp-block-kadence-rowlayout alignnone\"><div id=\"kt-layout-id_7fa539-b2\" class=\"kt-row-layout-inner kt-layout-id_7fa539-b2\"><div class=\"kt-row-column-wrap kt-has-4-columns kt-gutter-default kt-v-gutter-default kt-row-valign-top kt-row-layout-equal kt-tab-layout-inherit kt-m-colapse-left-to-right kt-mobile-layout-row\"><style>.kadence-column_10bce0-fc > .kt-inside-inner-col{border-top-width:0px;border-right-width:0px;border-bottom-width:0px;border-left-width:0px;}.kadence-column_10bce0-fc > .kt-inside-inner-col,.kadence-column_10bce0-fc > .kt-inside-inner-col:before{border-top-left-radius:0px;border-top-right-radius:0px;border-bottom-right-radius:0px;border-bottom-left-radius:0px;}.kadence-column_10bce0-fc > .kt-inside-inner-col{column-gap:var(--global-kb-gap-sm, 1rem);}.kadence-column_10bce0-fc > .kt-inside-inner-col{flex-direction:column;}.kadence-column_10bce0-fc > .kt-inside-inner-col > .aligncenter{width:100%;}.kadence-column_10bce0-fc > .kt-inside-inner-col:before{opacity:0.3;}.kadence-column_10bce0-fc{position:relative;}@media all and (max-width: 1024px){.kadence-column_10bce0-fc > .kt-inside-inner-col{flex-direction:column;justify-content:center;}}@media all and (max-width: 767px){.kadence-column_10bce0-fc > .kt-inside-inner-col{flex-direction:column;justify-content:center;}}<\/style>\n<div class=\"wp-block-kadence-column inner-column-1 kadence-column_10bce0-fc\"><div class=\"kt-inside-inner-col\">\n<p class=\"has-medium-font-size\"><strong>Th\u00e9matiques<\/strong><\/p>\n\n\n<style>.wp-block-kadence-spacer.kt-block-spacer-_1757cc-fa .kt-block-spacer{height:90px;}.wp-block-kadence-spacer.kt-block-spacer-_1757cc-fa .kt-divider{border-top-width:1px;height:1px;border-top-color:#eee;width:80%;border-top-style:solid;}<\/style>\n<div class=\"wp-block-kadence-spacer aligncenter kt-block-spacer-_1757cc-fa\"><div class=\"kt-block-spacer kt-block-spacer-halign-center\" style=\"height:90px\"><\/div><\/div>\n\n\n\n<p style=\"font-size:19px\"><strong><strong>Traite des vaches laiti\u00e8res<\/strong><\/strong><\/p>\n<\/div><\/div>\n\n\n<style>.kadence-column_b2f011-0e > .kt-inside-inner-col{border-top-width:0px;border-right-width:0px;border-bottom-width:0px;border-left-width:0px;}.kadence-column_b2f011-0e > .kt-inside-inner-col,.kadence-column_b2f011-0e > .kt-inside-inner-col:before{border-top-left-radius:0px;border-top-right-radius:0px;border-bottom-right-radius:0px;border-bottom-left-radius:0px;}.kadence-column_b2f011-0e > .kt-inside-inner-col{column-gap:var(--global-kb-gap-sm, 1rem);}.kadence-column_b2f011-0e > .kt-inside-inner-col{flex-direction:column;}.kadence-column_b2f011-0e > .kt-inside-inner-col > .aligncenter{width:100%;}.kadence-column_b2f011-0e > .kt-inside-inner-col:before{opacity:0.3;}.kadence-column_b2f011-0e{position:relative;}@media all and (max-width: 1024px){.kadence-column_b2f011-0e > .kt-inside-inner-col{flex-direction:column;justify-content:center;}}@media all and (max-width: 767px){.kadence-column_b2f011-0e > .kt-inside-inner-col{flex-direction:column;justify-content:center;}}<\/style>\n<div class=\"wp-block-kadence-column inner-column-2 kadence-column_b2f011-0e\"><div class=\"kt-inside-inner-col\">\n<p class=\"has-medium-font-size\"><strong>Indications de capacit\u00e9s pouvant \u00eatre travaill\u00e9es<\/strong><\/p>\n\n\n<style>.wp-block-kadence-spacer.kt-block-spacer-_48285f-4e .kt-block-spacer{height:6px;}.wp-block-kadence-spacer.kt-block-spacer-_48285f-4e .kt-divider{border-top-width:1px;height:1px;border-top-color:#eee;width:80%;border-top-style:solid;}<\/style>\n<div class=\"wp-block-kadence-spacer aligncenter kt-block-spacer-_48285f-4e\"><div class=\"kt-block-spacer kt-block-spacer-halign-center\" style=\"height:6px\"><\/div><\/div>\n\n\n\n<p style=\"font-size:19px\">\u2013 EC d\u2019organiser la traite (de la pr\u00e9paration au nettoyage de la salle de traite)<\/p>\n\n\n<style>.wp-block-kadence-spacer.kt-block-spacer-_63bf1e-9d .kt-block-spacer{height:70px;}.wp-block-kadence-spacer.kt-block-spacer-_63bf1e-9d .kt-divider{border-top-width:1px;height:1px;border-top-color:#eee;width:80%;border-top-style:solid;}<\/style>\n<div class=\"wp-block-kadence-spacer aligncenter kt-block-spacer-_63bf1e-9d\"><div class=\"kt-block-spacer kt-block-spacer-halign-center\" style=\"height:70px\"><\/div><\/div>\n\n\n\n<p style=\"font-size:19px\">\u2013 EC de traire des vaches<\/p>\n<\/div><\/div>\n\n\n<style>.kadence-column_e174cf-66 > .kt-inside-inner-col{border-top-width:0px;border-right-width:0px;border-bottom-width:0px;border-left-width:0px;}.kadence-column_e174cf-66 > .kt-inside-inner-col,.kadence-column_e174cf-66 > .kt-inside-inner-col:before{border-top-left-radius:0px;border-top-right-radius:0px;border-bottom-right-radius:0px;border-bottom-left-radius:0px;}.kadence-column_e174cf-66 > .kt-inside-inner-col{column-gap:var(--global-kb-gap-sm, 1rem);}.kadence-column_e174cf-66 > .kt-inside-inner-col{flex-direction:column;}.kadence-column_e174cf-66 > .kt-inside-inner-col > .aligncenter{width:100%;}.kadence-column_e174cf-66 > .kt-inside-inner-col:before{opacity:0.3;}.kadence-column_e174cf-66{position:relative;}@media all and (max-width: 1024px){.kadence-column_e174cf-66 > .kt-inside-inner-col{flex-direction:column;justify-content:center;}}@media all and (max-width: 767px){.kadence-column_e174cf-66 > .kt-inside-inner-col{flex-direction:column;justify-content:center;}}<\/style>\n<div class=\"wp-block-kadence-column inner-column-3 kadence-column_e174cf-66\"><div class=\"kt-inside-inner-col\">\n<p class=\"has-medium-font-size\"><strong>Indication d&rsquo;activit\u00e9s \u00e0 r\u00e9aliser lors de la s\u00e9ance<\/strong><\/p>\n\n\n<style>.wp-block-kadence-spacer.kt-block-spacer-_23bd4c-d3 .kt-block-spacer{height:6px;}.wp-block-kadence-spacer.kt-block-spacer-_23bd4c-d3 .kt-divider{border-top-width:1px;height:1px;border-top-color:#eee;width:80%;border-top-style:solid;}<\/style>\n<div class=\"wp-block-kadence-spacer aligncenter kt-block-spacer-_23bd4c-d3\"><div class=\"kt-block-spacer kt-block-spacer-halign-center\" style=\"height:6px\"><\/div><\/div>\n\n\n\n<p style=\"font-size:19px\">\u2013 pr\u00e9parer la traite- traire les vaches<\/p>\n\n\n<style>.wp-block-kadence-spacer.kt-block-spacer-_2989dd-df .kt-block-spacer{height:80px;}.wp-block-kadence-spacer.kt-block-spacer-_2989dd-df .kt-divider{border-top-width:1px;height:1px;border-top-color:#eee;width:80%;border-top-style:solid;}<\/style>\n<div class=\"wp-block-kadence-spacer aligncenter kt-block-spacer-_2989dd-df\"><div class=\"kt-block-spacer kt-block-spacer-halign-center\" style=\"height:80px\"><\/div><\/div>\n\n\n\n<p style=\"font-size:19px\">\u2013 nettoyer et ranger la salle de traite<\/p>\n<\/div><\/div>\n\n\n<style>.kadence-column_3938f4-de > .kt-inside-inner-col{border-top-width:0px;border-right-width:0px;border-bottom-width:0px;border-left-width:0px;}.kadence-column_3938f4-de > .kt-inside-inner-col,.kadence-column_3938f4-de > .kt-inside-inner-col:before{border-top-left-radius:0px;border-top-right-radius:0px;border-bottom-right-radius:0px;border-bottom-left-radius:0px;}.kadence-column_3938f4-de > .kt-inside-inner-col{column-gap:var(--global-kb-gap-sm, 1rem);}.kadence-column_3938f4-de > .kt-inside-inner-col{flex-direction:column;}.kadence-column_3938f4-de > .kt-inside-inner-col > .aligncenter{width:100%;}.kadence-column_3938f4-de > .kt-inside-inner-col:before{opacity:0.3;}.kadence-column_3938f4-de{position:relative;}@media all and (max-width: 1024px){.kadence-column_3938f4-de > .kt-inside-inner-col{flex-direction:column;justify-content:center;}}@media all and (max-width: 767px){.kadence-column_3938f4-de > .kt-inside-inner-col{flex-direction:column;justify-content:center;}}<\/style>\n<div class=\"wp-block-kadence-column inner-column-4 kadence-column_3938f4-de\"><div class=\"kt-inside-inner-col\">\n<p class=\"has-medium-font-size\"><strong>Commentaires<\/strong><\/p>\n\n\n<style>.wp-block-kadence-spacer.kt-block-spacer-_82d41a-0f .kt-block-spacer{height:30px;}.wp-block-kadence-spacer.kt-block-spacer-_82d41a-0f .kt-divider{border-top-width:1px;height:1px;border-top-color:#eee;width:80%;border-top-style:solid;}<\/style>\n<div class=\"wp-block-kadence-spacer aligncenter kt-block-spacer-_82d41a-0f\"><div class=\"kt-block-spacer kt-block-spacer-halign-center\" style=\"height:30px\"><\/div><\/div>\n\n\n\n<p style=\"font-size:19px\">Cette th\u00e9matique est principalement travaill\u00e9e dans le cadre des stages et des semaines de services sur l\u2019exploitation agricole du lyc\u00e9e<\/p>\n<\/div><\/div>\n<\/div><\/div><\/div>\n","protected":false},"excerpt":{"rendered":"<p>Th\u00e9matiques Traite des vaches laiti\u00e8res Indications de capacit\u00e9s pouvant \u00eatre travaill\u00e9es \u2013 EC d\u2019organiser la traite (de la pr\u00e9paration au [&hellip;]<\/p>\n","protected":false},"author":49,"featured_media":0,"parent":487,"menu_order":5,"comment_status":"closed","ping_status":"closed","template":"","meta":{"footnotes":""},"class_list":["post-1068","page","type-page","status-publish","hentry"],"_links":{"self":[{"href":"https:\/\/paz-a-pas.ensfea.fr\/index.php?rest_route=\/wp\/v2\/pages\/1068","targetHints":{"allow":["GET"]}}],"collection":[{"href":"https:\/\/paz-a-pas.ensfea.fr\/index.php?rest_route=\/wp\/v2\/pages"}],"about":[{"href":"https:\/\/paz-a-pas.ensfea.fr\/index.php?rest_route=\/wp\/v2\/types\/page"}],"author":[{"embeddable":true,"href":"https:\/\/paz-a-pas.ensfea.fr\/index.php?rest_route=\/wp\/v2\/users\/49"}],"replies":[{"embeddable":true,"href":"https:\/\/paz-a-pas.ensfea.fr\/index.php?rest_route=%2Fwp%2Fv2%2Fcomments&post=1068"}],"version-history":[{"count":15,"href":"https:\/\/paz-a-pas.ensfea.fr\/index.php?rest_route=\/wp\/v2\/pages\/1068\/revisions"}],"predecessor-version":[{"id":2978,"href":"https:\/\/paz-a-pas.ensfea.fr\/index.php?rest_route=\/wp\/v2\/pages\/1068\/revisions\/2978"}],"up":[{"embeddable":true,"href":"https:\/\/paz-a-pas.ensfea.fr\/index.php?rest_route=\/wp\/v2\/pages\/487"}],"wp:attachment":[{"href":"https:\/\/paz-a-pas.ensfea.fr\/index.php?rest_route=%2Fwp%2Fv2%2Fmedia&parent=1068"}],"curies":[{"name":"wp","href":"https:\/\/api.w.org\/{rel}","templated":true}]}}