{"id":1013,"date":"2014-07-09T12:02:09","date_gmt":"2014-07-09T11:02:09","guid":{"rendered":"http:\/\/paz-a-pas.ensfea.fr\/?page_id=1013"},"modified":"2020-09-03T09:04:51","modified_gmt":"2020-09-03T08:04:51","slug":"thematiques-generales-en-espece-bovine","status":"publish","type":"page","link":"https:\/\/paz-a-pas.ensfea.fr\/?page_id=1013","title":{"rendered":"Th\u00e9matiques g\u00e9n\u00e9rales en esp\u00e8ce bovine"},"content":{"rendered":"<style>.kt-accordion-id_08d188-07 .kt-accordion-inner-wrap{column-gap:var(--global-kb-gap-md, 2rem);row-gap:5px;}.kt-accordion-id_08d188-07 .kt-accordion-panel-inner{border-top-width:0px;border-right-width:0px;border-bottom-width:0px;border-left-width:0px;padding-top:var(--global-kb-spacing-sm, 1.5rem);padding-right:var(--global-kb-spacing-sm, 1.5rem);padding-bottom:var(--global-kb-spacing-sm, 1.5rem);padding-left:var(--global-kb-spacing-sm, 1.5rem);}.kt-accordion-id_08d188-07 > .kt-accordion-inner-wrap > .wp-block-kadence-pane > .kt-accordion-header-wrap > .kt-blocks-accordion-header{border-top-color:#555555;border-right-color:#555555;border-bottom-color:#555555;border-left-color:#555555;border-top-width:1px;border-right-width:1px;border-bottom-width:1px;border-left-width:1px;border-top-left-radius:12px;border-top-right-radius:12px;border-bottom-right-radius:12px;border-bottom-left-radius:12px;background:#ffffff;font-size:1.4em;line-height:30px;color:#007a77;padding-top:10px;padding-right:14px;padding-bottom:10px;padding-left:14px;}.kt-accordion-id_08d188-07:not( .kt-accodion-icon-style-basiccircle ):not( .kt-accodion-icon-style-xclosecircle ):not( .kt-accodion-icon-style-arrowcircle )  > .kt-accordion-inner-wrap > .wp-block-kadence-pane > .kt-accordion-header-wrap .kt-blocks-accordion-icon-trigger:after, .kt-accordion-id_08d188-07:not( .kt-accodion-icon-style-basiccircle ):not( .kt-accodion-icon-style-xclosecircle ):not( .kt-accodion-icon-style-arrowcircle )  > .kt-accordion-inner-wrap > .wp-block-kadence-pane > .kt-accordion-header-wrap .kt-blocks-accordion-icon-trigger:before{background:#007a77;}.kt-accordion-id_08d188-07:not( .kt-accodion-icon-style-basic ):not( .kt-accodion-icon-style-xclose ):not( .kt-accodion-icon-style-arrow ) .kt-blocks-accordion-icon-trigger{background:#007a77;}.kt-accordion-id_08d188-07:not( .kt-accodion-icon-style-basic ):not( .kt-accodion-icon-style-xclose ):not( .kt-accodion-icon-style-arrow ) .kt-blocks-accordion-icon-trigger:after, .kt-accordion-id_08d188-07:not( .kt-accodion-icon-style-basic ):not( .kt-accodion-icon-style-xclose ):not( .kt-accodion-icon-style-arrow ) .kt-blocks-accordion-icon-trigger:before{background:#ffffff;}.kt-accordion-id_08d188-07 > .kt-accordion-inner-wrap > .wp-block-kadence-pane > .kt-accordion-header-wrap > .kt-blocks-accordion-header:hover, \n\t\t\t\tbody:not(.hide-focus-outline) .kt-accordion-id_08d188-07 .kt-blocks-accordion-header:focus-visible{color:#444444;background:#e9e9e9;border-top-color:#eeeeee;border-right-color:#eeeeee;border-bottom-color:#eeeeee;border-left-color:#eeeeee;}.kt-accordion-id_08d188-07:not( .kt-accodion-icon-style-basiccircle ):not( .kt-accodion-icon-style-xclosecircle ):not( .kt-accodion-icon-style-arrowcircle ) .kt-accordion-header-wrap .kt-blocks-accordion-header:hover .kt-blocks-accordion-icon-trigger:after, .kt-accordion-id_08d188-07:not( .kt-accodion-icon-style-basiccircle ):not( .kt-accodion-icon-style-xclosecircle ):not( .kt-accodion-icon-style-arrowcircle ) .kt-accordion-header-wrap .kt-blocks-accordion-header:hover .kt-blocks-accordion-icon-trigger:before, body:not(.hide-focus-outline) .kt-accordion-id_08d188-07:not( .kt-accodion-icon-style-basiccircle ):not( .kt-accodion-icon-style-xclosecircle ):not( .kt-accodion-icon-style-arrowcircle ) .kt-blocks-accordion--visible .kt-blocks-accordion-icon-trigger:after, body:not(.hide-focus-outline) .kt-accordion-id_08d188-07:not( .kt-accodion-icon-style-basiccircle ):not( .kt-accodion-icon-style-xclosecircle ):not( .kt-accodion-icon-style-arrowcircle ) .kt-blocks-accordion-header:focus-visible .kt-blocks-accordion-icon-trigger:before{background:#444444;}.kt-accordion-id_08d188-07:not( .kt-accodion-icon-style-basic ):not( .kt-accodion-icon-style-xclose ):not( .kt-accodion-icon-style-arrow ) .kt-accordion-header-wrap .kt-blocks-accordion-header:hover .kt-blocks-accordion-icon-trigger, body:not(.hide-focus-outline) .kt-accordion-id_08d188-07:not( .kt-accodion-icon-style-basic ):not( .kt-accodion-icon-style-xclose ):not( .kt-accodion-icon-style-arrow ) .kt-accordion-header-wrap .kt-blocks-accordion-header:focus-visible .kt-blocks-accordion-icon-trigger{background:#444444;}.kt-accordion-id_08d188-07:not( .kt-accodion-icon-style-basic ):not( .kt-accodion-icon-style-xclose ):not( .kt-accodion-icon-style-arrow ) .kt-accordion-header-wrap .kt-blocks-accordion-header:hover .kt-blocks-accordion-icon-trigger:after, .kt-accordion-id_08d188-07:not( .kt-accodion-icon-style-basic ):not( .kt-accodion-icon-style-xclose ):not( .kt-accodion-icon-style-arrow ) .kt-accordion-header-wrap .kt-blocks-accordion-header:hover .kt-blocks-accordion-icon-trigger:before, body:not(.hide-focus-outline) .kt-accordion-id_08d188-07:not( .kt-accodion-icon-style-basic ):not( .kt-accodion-icon-style-xclose ):not( .kt-accodion-icon-style-arrow ) .kt-accordion-header-wrap .kt-blocks-accordion-header:focus-visible .kt-blocks-accordion-icon-trigger:after, body:not(.hide-focus-outline) .kt-accordion-id_08d188-07:not( .kt-accodion-icon-style-basic ):not( .kt-accodion-icon-style-xclose ):not( .kt-accodion-icon-style-arrow ) .kt-accordion-header-wrap .kt-blocks-accordion-header:focus-visible .kt-blocks-accordion-icon-trigger:before{background:#e9e9e9;}.kt-accordion-id_08d188-07 .kt-accordion-header-wrap .kt-blocks-accordion-header:focus-visible,\n\t\t\t\t.kt-accordion-id_08d188-07 > .kt-accordion-inner-wrap > .wp-block-kadence-pane > .kt-accordion-header-wrap > .kt-blocks-accordion-header.kt-accordion-panel-active{color:#ffffff;background:#007a77;border-top-color:#444444;border-right-color:#444444;border-bottom-color:#444444;border-left-color:#444444;}.kt-accordion-id_08d188-07:not( .kt-accodion-icon-style-basiccircle ):not( .kt-accodion-icon-style-xclosecircle ):not( .kt-accodion-icon-style-arrowcircle )  > .kt-accordion-inner-wrap > .wp-block-kadence-pane > .kt-accordion-header-wrap > .kt-blocks-accordion-header.kt-accordion-panel-active .kt-blocks-accordion-icon-trigger:after, .kt-accordion-id_08d188-07:not( .kt-accodion-icon-style-basiccircle ):not( .kt-accodion-icon-style-xclosecircle ):not( .kt-accodion-icon-style-arrowcircle )  > .kt-accordion-inner-wrap > .wp-block-kadence-pane > .kt-accordion-header-wrap > .kt-blocks-accordion-header.kt-accordion-panel-active .kt-blocks-accordion-icon-trigger:before{background:#ffffff;}.kt-accordion-id_08d188-07:not( .kt-accodion-icon-style-basic ):not( .kt-accodion-icon-style-xclose ):not( .kt-accodion-icon-style-arrow ) .kt-blocks-accordion-header.kt-accordion-panel-active .kt-blocks-accordion-icon-trigger{background:#ffffff;}.kt-accordion-id_08d188-07:not( .kt-accodion-icon-style-basic ):not( .kt-accodion-icon-style-xclose ):not( .kt-accodion-icon-style-arrow ) .kt-blocks-accordion-header.kt-accordion-panel-active .kt-blocks-accordion-icon-trigger:after, .kt-accordion-id_08d188-07:not( .kt-accodion-icon-style-basic ):not( .kt-accodion-icon-style-xclose ):not( .kt-accodion-icon-style-arrow ) .kt-blocks-accordion-header.kt-accordion-panel-active .kt-blocks-accordion-icon-trigger:before{background:#007a77;}@media all and (max-width: 767px){.kt-accordion-id_08d188-07 .kt-accordion-inner-wrap{display:block;}.kt-accordion-id_08d188-07 .kt-accordion-inner-wrap .kt-accordion-pane:not(:first-child){margin-top:5px;}}<\/style>\n<div class=\"wp-block-kadence-accordion alignnone\"><div class=\"kt-accordion-wrap kt-accordion-wrap kt-accordion-id_08d188-07 kt-accordion-has-8-panes kt-active-pane-0 kt-accordion-block kt-pane-header-alignment-left kt-accodion-icon-style-basic kt-accodion-icon-side-right\" style=\"max-width:none\"><div class=\"kt-accordion-inner-wrap\" data-allow-multiple-open=\"false\" data-start-open=\"none\">\n<div class=\"wp-block-kadence-pane kt-accordion-pane kt-accordion-pane-1 kt-pane_2138e6-08\"><div class=\"kt-accordion-header-wrap\"><button class=\"kt-blocks-accordion-header kt-acccordion-button-label-show\"><span class=\"kt-blocks-accordion-title-wrap\"><span class=\"kt-blocks-accordion-title\">Relation \u00e9leveur\/animal<\/span><\/span><span class=\"kt-blocks-accordion-icon-trigger\"><\/span><\/button><\/div><div class=\"kt-accordion-panel kt-accordion-panel-hidden\"><div class=\"kt-accordion-panel-inner\">\n<figure class=\"wp-block-table is-style-stripes\"><table><tbody><tr><td><strong>Th\u00e9matiques<\/strong><br><\/td><td><strong>Indications de capacit\u00e9s pouvant \u00eatre travaill\u00e9es<\/strong><br><\/td><td><strong>Indications d\u2019activit\u00e9s \u00e0 r\u00e9aliser lors de la s\u00e9ance<\/strong><br><br><\/td><td><strong>Commentaires<\/strong><\/td><\/tr><tr><td><strong>Communication avec l\u2019animal, mise en place de la relation \u00e9leveur\/animal<\/strong><\/td><td>\u2013 EC d\u2019observer les comportements des animaux<br>\u2013 EC d\u2019aborder un animal et\/ou un lot d\u2019animaux- EC de ma\u00eetriser ses \u00e9motions au contact des animaux\u2026<\/td><td>\u2013 observer des modes de communication intra et inter-sp\u00e9cifiques<br>\u2013 observer des comportements animaux et les interpr\u00e9ter au regard des perceptions sensorielles des animaux- mettre en situation de communication avec les animaux<\/td><td>Les activit\u00e9s propos\u00e9es peuvent \u00eatre r\u00e9alis\u00e9es pr\u00e9f\u00e9rentiellement sur des animaux de petit gabarit lors des premi\u00e8res s\u00e9ances de TP avec les \u00e9l\u00e8ves de classe de 2<sup>nde<\/sup><\/td><\/tr><\/tbody><\/table><\/figure>\n<\/div><\/div><\/div>\n\n\n\n<div class=\"wp-block-kadence-pane kt-accordion-pane kt-accordion-pane-2 kt-pane_a9a22c-d7\"><div class=\"kt-accordion-header-wrap\"><button class=\"kt-blocks-accordion-header kt-acccordion-button-label-show\"><span class=\"kt-blocks-accordion-title-wrap\"><span class=\"kt-blocks-accordion-title\">Observation<\/span><\/span><span class=\"kt-blocks-accordion-icon-trigger\"><\/span><\/button><\/div><div class=\"kt-accordion-panel kt-accordion-panel-hidden\"><div class=\"kt-accordion-panel-inner\">\n<figure class=\"wp-block-table is-style-stripes\"><table><tbody><tr><td><strong>Th\u00e9matiques<\/strong><br><\/td><td><strong>Indications de capacit\u00e9s pouvant \u00eatre travaill\u00e9es<\/strong><br><\/td><td><strong>Indications d\u2019activit\u00e9s \u00e0 r\u00e9aliser lors de la s\u00e9ance<\/strong><br><br><\/td><td><strong>Commentaires<\/strong><\/td><\/tr><tr><td><strong><strong>Observation d\u2019un animal et d\u2019un lot d\u2019animaux en vue d\u2019une prise de d\u00e9cision<\/strong><\/strong><\/td><td>\u2013 EC d\u2019observer les comportements individuels et collectifs des animaux<br>-EC de pr\u00e9lever, de trier et d\u2019interpr\u00e9ter des informations pertinentes en vue d\u2019une prise de d\u00e9cision (am\u00e9lioration du b\u00e2timent, adaptation de l\u2019alimentation, organisation d\u2019un chantier\u2026)<br>\u2026<\/td><td>\u2013 analyser les comportements individuels et collectifs<br>\u2013 identifier les r\u00e9f\u00e9rences pertinentes auxquelles comparer les informations pr\u00e9lev\u00e9es (rythme respiratoire, nombre de vaches couch\u00e9es\u2026)- rechercher les facteurs pouvant influencer les interpr\u00e9tations r\u00e9alis\u00e9es (temp\u00e9rature ext\u00e9rieure, organisation du b\u00e2timent, p\u00e9riode de la journ\u00e9e\u2026)\u2026<br><\/td><td><\/td><\/tr><\/tbody><\/table><\/figure>\n<\/div><\/div><\/div>\n\n\n\n<div class=\"wp-block-kadence-pane kt-accordion-pane kt-accordion-pane-3 kt-pane_e835dc-95\"><div class=\"kt-accordion-header-wrap\"><button class=\"kt-blocks-accordion-header kt-acccordion-button-label-show\"><span class=\"kt-blocks-accordion-title-wrap\"><span class=\"kt-blocks-accordion-title\">Approche-contention<\/span><\/span><span class=\"kt-blocks-accordion-icon-trigger\"><\/span><\/button><\/div><div class=\"kt-accordion-panel kt-accordion-panel-hidden\"><div class=\"kt-accordion-panel-inner\">\n<figure class=\"wp-block-table is-style-stripes\"><table><tbody><tr><td><strong>Th\u00e9matiques<\/strong><br><\/td><td><strong>Indications de capacit\u00e9s pouvant \u00eatre travaill\u00e9es<\/strong><br><\/td><td><strong>Indications d\u2019activit\u00e9s \u00e0 r\u00e9aliser lors de la s\u00e9ance<\/strong><br><br><\/td><td><strong>Commentaires<\/strong><\/td><\/tr><tr><td><strong><strong><strong>Approche et contention de l\u2019animal<\/strong><\/strong><\/strong><\/td><td>\u2013 EC d\u2019observer un animal<br>\u2013 EC d\u2019aborder un animal- EC de manipuler un animal-EC de contenir un animal<br>\u2013 EC de choisir le mat\u00e9riel, les techniques utilis\u00e9es dans un souci d\u2019ergonomie du poste de travail\u2026<\/td><td>\u2013 approcher et mettre en confiance l\u2019animal<br>\u2013 approcher des jeunes et des adultes- approcher des animaux en ext\u00e9rieur et des animaux en b\u00e2timent<br>-saisir un animal<br>-contenir un animal<br><\/td><td>\u2013 Les activit\u00e9s propos\u00e9es peuvent \u00eatre r\u00e9alis\u00e9es pr\u00e9f\u00e9rentiellement sur des animaux de petit gabarit lors des premi\u00e8res s\u00e9ances de TP avec les \u00e9l\u00e8ves de classe de 2<sup>nde<\/sup>.<br>\u2013 La manipulation des m\u00e2les est d\u00e9conseill\u00e9e quel que soit le niveau de la classe.- Cette th\u00e9matique peut \u00eatre compl\u00e9t\u00e9e par l\u2019intervention d\u2019un formateur contention de l\u2019Institut de l\u2019\u00e9levage<\/td><\/tr><tr><td><strong>Contention collective<\/strong><br><\/td><td>\u2013 EC d\u2019observer les animaux<br>\u2013 EC d\u2019aborder un lot d\u2019animaux- EC de manipuler un lot d\u2019animaux- EC de contenir un lot d\u2019animaux<br>\u2013 EC de choisir le mat\u00e9riel, les techniques utilis\u00e9es dans un souci d\u2019ergonomie du poste de travail\u2026<\/td><td>\u2013 organiser un chantier et l\u2019ergonomie du poste de travail<br>\u2013 utiliser des outils de contention collective- d\u00e9placer un lot<\/td><td><\/td><\/tr><\/tbody><\/table><\/figure>\n<\/div><\/div><\/div>\n\n\n\n<div class=\"wp-block-kadence-pane kt-accordion-pane kt-accordion-pane-4 kt-pane_834beb-e6\"><div class=\"kt-accordion-header-wrap\"><button class=\"kt-blocks-accordion-header kt-acccordion-button-label-show\"><span class=\"kt-blocks-accordion-title-wrap\"><span class=\"kt-blocks-accordion-title\">Description<\/span><\/span><span class=\"kt-blocks-accordion-icon-trigger\"><\/span><\/button><\/div><div class=\"kt-accordion-panel kt-accordion-panel-hidden\"><div class=\"kt-accordion-panel-inner\">\n<figure class=\"wp-block-table is-style-stripes\"><table><tbody><tr><td><strong>Th\u00e9matiques<\/strong><br><\/td><td><strong>Indications de capacit\u00e9s pouvant \u00eatre travaill\u00e9es<\/strong><br><\/td><td><strong>Indications d\u2019activit\u00e9s \u00e0 r\u00e9aliser lors de la s\u00e9ance<\/strong><br><br><\/td><td><strong>Commentaires<\/strong><\/td><\/tr><tr><td><strong><strong><strong><strong>Description de l\u2019animal<\/strong><\/strong><\/strong><\/strong><\/td><td>\u2013 EC de mobiliser des outils d\u2019appr\u00e9ciation morphologique et anatomique<br>\u2013 EC de porter un jugement sur les qualit\u00e9s et d\u00e9fauts de l\u2019animal par rapport \u00e0 ses finalit\u00e9s\u2026<\/td><td>\u2013 identifier les indicateurs anatomiques&nbsp;<em>in-situ<\/em><br>\u2013 utiliser le vocabulaire adapt\u00e9- pr\u00e9senter et d\u00e9crire des standards de race\u2026- reconnaitre des d\u00e9fauts et juger des aplombs<br><\/td><td>\u2013 faire des comparaisons entre esp\u00e8ces d\u2019\u00e9levage<br>\u2013 possibilit\u00e9 de faire intervenir un technicien pointeur de l\u2019OS raciale<\/td><\/tr><\/tbody><\/table><\/figure>\n<\/div><\/div><\/div>\n\n\n\n<div class=\"wp-block-kadence-pane kt-accordion-pane kt-accordion-pane-5 kt-pane_878d97-50\"><div class=\"kt-accordion-header-wrap\"><button class=\"kt-blocks-accordion-header kt-acccordion-button-label-show\"><span class=\"kt-blocks-accordion-title-wrap\"><span class=\"kt-blocks-accordion-title\">Entretien<\/span><\/span><span class=\"kt-blocks-accordion-icon-trigger\"><\/span><\/button><\/div><div class=\"kt-accordion-panel kt-accordion-panel-hidden\"><div class=\"kt-accordion-panel-inner\">\n<figure class=\"wp-block-table is-style-stripes\"><table><tbody><tr><td><strong>Th\u00e9matiques<\/strong><br><\/td><td><strong>Indications de capacit\u00e9s pouvant \u00eatre travaill\u00e9es<\/strong><br><\/td><td><strong>Indications d\u2019activit\u00e9s \u00e0 r\u00e9aliser lors de la s\u00e9ance<\/strong><br><br><\/td><td><strong>Commentaires<\/strong><\/td><\/tr><tr><td><strong><strong><strong><strong>Entretien, nettoyage et d\u00e9sinfection<\/strong><\/strong><\/strong><\/strong><\/td><td>\u2013 EC de pr\u00e9parer, d\u2019organiser et de ranger un chantier<br>\u2013 EC d\u2019entretenir le mat\u00e9riel utilis\u00e9\u2026<\/td><td>\u2013 participer \u00e0 l\u2019entretien d\u2019installations de l\u2019exploitation ou de l\u2019atelier technologique<br>\u2013 monter et d\u00e9monter du mat\u00e9riel en vue de son entretien et de la compr\u00e9hension de son fonctionnement (tondeuses, licols, mat\u00e9riel de soin\u2026)<br><\/td><td><\/td><\/tr><\/tbody><\/table><\/figure>\n<\/div><\/div><\/div>\n\n\n\n<div class=\"wp-block-kadence-pane kt-accordion-pane kt-accordion-pane-6 kt-pane_62444d-98\"><div class=\"kt-accordion-header-wrap\"><button class=\"kt-blocks-accordion-header kt-acccordion-button-label-show\"><span class=\"kt-blocks-accordion-title-wrap\"><span class=\"kt-blocks-accordion-title\">Installations d&rsquo;\u00e9levage<\/span><\/span><span class=\"kt-blocks-accordion-icon-trigger\"><\/span><\/button><\/div><div class=\"kt-accordion-panel kt-accordion-panel-hidden\"><div class=\"kt-accordion-panel-inner\">\n<figure class=\"wp-block-table is-style-stripes\"><table><tbody><tr><td><strong>Th\u00e9matiques<\/strong><br><\/td><td><strong>Indications de capacit\u00e9s pouvant \u00eatre travaill\u00e9es<\/strong><br><\/td><td><strong>Indications d\u2019activit\u00e9s \u00e0 r\u00e9aliser lors de la s\u00e9ance<\/strong><br><br><\/td><td><strong>Commentaires<\/strong><\/td><\/tr><tr><td><strong><strong><strong><strong>Appr\u00e9ciation des installations d\u2019\u00e9levage<\/strong><\/strong><\/strong><\/strong><\/td><td>\u2013 EC de porter un diagnostic (choix d\u2019indicateurs, comparaison \u00e0 des r\u00e9f\u00e9rences, interpr\u00e9tation)<br>\u2013 EC d\u2019utiliser des indicateurs pour identifier des anomalies majeures<strong>\u2026<\/strong><\/td><td>\u2013 construire, utiliser une grille d\u2019\u00e9valuation des installations du point de vue de l\u2019animal et de l\u2019\u00e9leveur<br>\u2013 \u00e9valuer la fonctionnalit\u00e9 des installations, optimiser les conditions de travail, l\u2019ergonomie et la s\u00e9curit\u00e9<br>\u2013 \u00e9valuer les conditions de vie des animaux dans le respect du bien-\u00eatre animal- proposer un diagnostic et un projet d\u2019am\u00e9lioration des installations<br><\/td><td>\u2013 Cette th\u00e9matique se pr\u00eate \u00e0 des approches pluridisciplinaires avec l\u2019enseignant de sciences et techniques des \u00e9quipements.<br>\u2013 Cette th\u00e9matique peut donner lieu \u00e0 des activit\u00e9s sur des exploitations agricoles ext\u00e9rieures \u00e0 l\u2019\u00e9tablissement afin de conduire des diagnostics sur plusieurs types de structure.- L\u2019utilisation d\u2019indicateurs peut \u00eatre effectu\u00e9e d\u00e8s le niveau 2<sup>nde<\/sup>.<br>\u2013 La r\u00e9alisation d\u2019un diagnostic est adapt\u00e9e au niveau bac pro (niveau IV).<br>\u2013 L\u2019\u00e9laboration d\u2019un projet d\u2019am\u00e9lioration est adapt\u00e9e \u00e0 un niveau BTS (niveau V)<\/td><\/tr><\/tbody><\/table><\/figure>\n<\/div><\/div><\/div>\n\n\n\n<div class=\"wp-block-kadence-pane kt-accordion-pane kt-accordion-pane-7 kt-pane_ac8ea8-35\"><div class=\"kt-accordion-header-wrap\"><button class=\"kt-blocks-accordion-header kt-acccordion-button-label-show\"><span class=\"kt-blocks-accordion-title-wrap\"><span class=\"kt-blocks-accordion-title\">Identification<\/span><\/span><span class=\"kt-blocks-accordion-icon-trigger\"><\/span><\/button><\/div><div class=\"kt-accordion-panel kt-accordion-panel-hidden\"><div class=\"kt-accordion-panel-inner\">\n<figure class=\"wp-block-table is-style-stripes\"><table><tbody><tr><td><strong>Th\u00e9matiques<\/strong><br><\/td><td><strong>Indications de capacit\u00e9s pouvant \u00eatre travaill\u00e9es<\/strong><br><\/td><td><strong>Indications d\u2019activit\u00e9s \u00e0 r\u00e9aliser lors de la s\u00e9ance<\/strong><br><br><\/td><td><strong>Commentaires<\/strong><\/td><\/tr><tr><td><strong><strong><strong><strong>Identification des animaux<\/strong><\/strong><\/strong><\/strong><\/td><td>\u2013 EC de poser des boucles d\u2019identification- EC d\u2019identifier rapidement et correctement un animal- EC d\u2019utiliser les informations d\u2019identification individuelle (pour g\u00e9rer les entr\u00e9es-sorties, l\u2019allotement\u2026)- EC de respecter la r\u00e9glementation sur l\u2019identification\u2026<\/td><td>\u2013 poser des boucles, tatouer, d\u00e9crire la robe,- lire les documents d\u2019identification,- pr\u00e9parer un chantier de marquage,- poser des collier,<br>\u2013 utiliser les transpondeurs, utiliser des pockets\u2026<br><\/td><td>\u2013 Les activit\u00e9s propos\u00e9es dans le cadre de cette th\u00e9matique doivent toutes s\u2019appuyer sur la r\u00e9glementation.- Il est int\u00e9ressant de valoriser les documents r\u00e9glementaires<\/td><\/tr><\/tbody><\/table><\/figure>\n<\/div><\/div><\/div>\n\n\n\n<div class=\"wp-block-kadence-pane kt-accordion-pane kt-accordion-pane-8 kt-pane_59841c-94\"><div class=\"kt-accordion-header-wrap\"><button class=\"kt-blocks-accordion-header kt-acccordion-button-label-show\"><span class=\"kt-blocks-accordion-title-wrap\"><span class=\"kt-blocks-accordion-title\">Techniques d&rsquo;attache<\/span><\/span><span class=\"kt-blocks-accordion-icon-trigger\"><\/span><\/button><\/div><div class=\"kt-accordion-panel kt-accordion-panel-hidden\"><div class=\"kt-accordion-panel-inner\">\n<figure class=\"wp-block-table is-style-stripes\"><table><tbody><tr><td><strong>Th\u00e9matiques<\/strong><br><\/td><td><strong>Indications de capacit\u00e9s pouvant \u00eatre travaill\u00e9es<\/strong><br><\/td><td><strong>Indications d\u2019activit\u00e9s \u00e0 r\u00e9aliser lors de la s\u00e9ance<\/strong><br><br><\/td><td><strong>Commentaires<\/strong><\/td><\/tr><tr><td><strong><strong><strong><strong>Techniques d\u2019attache<\/strong><\/strong><\/strong><\/strong><\/td><td>\u2013 EC de choisir et mettre en \u0153uvre une technique d\u2019attache adapt\u00e9e \u00e0 la situation \u2026<\/td><td>\u2013 r\u00e9aliser les principaux cordages et n\u0153uds d\u2019attache (licols)<\/td><td><\/td><\/tr><\/tbody><\/table><\/figure>\n<\/div><\/div><\/div>\n<\/div><\/div><\/div>\n","protected":false},"excerpt":{"rendered":"","protected":false},"author":49,"featured_media":0,"parent":487,"menu_order":0,"comment_status":"closed","ping_status":"closed","template":"","meta":{"footnotes":""},"class_list":["post-1013","page","type-page","status-publish","hentry"],"_links":{"self":[{"href":"https:\/\/paz-a-pas.ensfea.fr\/index.php?rest_route=\/wp\/v2\/pages\/1013","targetHints":{"allow":["GET"]}}],"collection":[{"href":"https:\/\/paz-a-pas.ensfea.fr\/index.php?rest_route=\/wp\/v2\/pages"}],"about":[{"href":"https:\/\/paz-a-pas.ensfea.fr\/index.php?rest_route=\/wp\/v2\/types\/page"}],"author":[{"embeddable":true,"href":"https:\/\/paz-a-pas.ensfea.fr\/index.php?rest_route=\/wp\/v2\/users\/49"}],"replies":[{"embeddable":true,"href":"https:\/\/paz-a-pas.ensfea.fr\/index.php?rest_route=%2Fwp%2Fv2%2Fcomments&post=1013"}],"version-history":[{"count":25,"href":"https:\/\/paz-a-pas.ensfea.fr\/index.php?rest_route=\/wp\/v2\/pages\/1013\/revisions"}],"predecessor-version":[{"id":2973,"href":"https:\/\/paz-a-pas.ensfea.fr\/index.php?rest_route=\/wp\/v2\/pages\/1013\/revisions\/2973"}],"up":[{"embeddable":true,"href":"https:\/\/paz-a-pas.ensfea.fr\/index.php?rest_route=\/wp\/v2\/pages\/487"}],"wp:attachment":[{"href":"https:\/\/paz-a-pas.ensfea.fr\/index.php?rest_route=%2Fwp%2Fv2%2Fmedia&parent=1013"}],"curies":[{"name":"wp","href":"https:\/\/api.w.org\/{rel}","templated":true}]}}